{"id":6627,"date":"2026-01-25T20:55:03","date_gmt":"2026-01-25T19:55:03","guid":{"rendered":"https:\/\/parapharmacieenligne.ma\/?post_type=product&#038;p=6627"},"modified":"2026-01-25T20:56:28","modified_gmt":"2026-01-25T19:56:28","slug":"roge-cavailles-creme-mains-nourrissante-50ml","status":"publish","type":"product","link":"https:\/\/parapharmacieenligne.ma\/en\/product\/roge-cavailles-creme-mains-nourrissante-50ml\/","title":{"rendered":"Rog\u00e9 Cavaill\u00e9s Cr\u00e8me Mains Nourrissante 50ml"},"content":{"rendered":"<div aria-labelledby=\"tab-title-description\" class=\"woocommerce-Tabs-panel woocommerce-Tabs-panel--description panel entry-content wc-tab\" id=\"tab-description\" role=\"tabpanel\" style=\"\">\n<h2>Description<\/h2>\n<div class=\"intro desktop\">\n<p>Cette Cr\u00e8me Mains Nourrissante, enrichie en Surgras Vitamin\u00e9, prend soin de vos mains et hydrate votre peau en profondeur. Elle est compos\u00e9e de 97% d\u2019actifs d\u2019origine naturelle.<\/p>\n<p>Les mains sont les premi\u00e8res \u00e0 \u00eatre expos\u00e9es aux agressions ext\u00e9rieures et ont besoin d\u2019\u00eatre hydrat\u00e9es aussi souvent que n\u00e9cessaire.<\/p>\n<p>Avec sa formule enrichie \u00e0 l\u2019amidon de riz et au beurre de Karit\u00e9, cette Cr\u00e8me pour Mains gerc\u00e9es, ab\u00eem\u00e9es ou tiraill\u00e9es apaise et nourrit les peaux les plus sensibles. Une seule noisette est n\u00e9cessaire pour apporter \u00e0 vos mains tout le soin dont elles ont besoin.<\/p>\n<p>Appliquez une noisette de Cr\u00e8me Mains Nourrisante aussi souvent que n\u00e9cessaire. Sa texture enveloppante et onctueuse est non collante et sans effet gras.<\/p>\n<\/p><\/div>\n<div class=\"tpl-product-link-buy\"><a class=\"btn link-modal d-block\" data-gamme=\"Hydratants corps\" data-id=\"4595\" data-modal=\"click-to-buy\" data-product=\"Cr\u00e8me Mains Nourrissante\" href=\"https:\/\/www.rogecavailles.fr\/produits\/creme-mains-nourrissante\/#\" rel=\"noopener\" target=\"_blank\">AC<\/a><\/div>\n<\/p><\/div>","protected":false},"excerpt":{"rendered":"<p>Highlights:Hydrate la peau en continu 24h et restaure la barri\u00e8re cutan\u00e9e. Pour toute la famille.\u2022 Besoin :Hydrater | Peau s\u00e8che \u00e0 tr\u00e8s s\u00e8che | Peau sensible.\u2022 Ingr\u00e9dients Cl\u00e9s :C\u00e9ramides (1, 3 et 6-II) pour prot\u00e9ger et nourrir | Acide Hyaluronique pour maintenir la peau hydrat\u00e9e | Glyc\u00e9rine pour adoucir et prot\u00e9ger.\u2022S\u00e9curit\u00e9 :Sans Parfum | Sans Parab\u00e8ne | Hypoallerg\u00e9nique | Non-Com\u00e9dog\u00e8ne.\u2022 Utilisation :Appliquer matin et soir. Visage et Corps.<\/p>","protected":false},"featured_media":6700,"comment_status":"open","ping_status":"closed","template":"","meta":[],"product_cat":[85],"product_tag":[],"yith_product_brand":[109],"class_list":{"0":"post-6627","1":"product","2":"type-product","3":"status-publish","4":"has-post-thumbnail","6":"product_cat-soins-corps","7":"yith_product_brand-roge-cavailles","9":"first","10":"instock","11":"sale","12":"shipping-taxable","13":"purchasable","14":"product-type-simple"},"_links":{"self":[{"href":"https:\/\/parapharmacieenligne.ma\/en\/wp-json\/wp\/v2\/product\/6627","targetHints":{"allow":["GET"]}}],"collection":[{"href":"https:\/\/parapharmacieenligne.ma\/en\/wp-json\/wp\/v2\/product"}],"about":[{"href":"https:\/\/parapharmacieenligne.ma\/en\/wp-json\/wp\/v2\/types\/product"}],"replies":[{"embeddable":true,"href":"https:\/\/parapharmacieenligne.ma\/en\/wp-json\/wp\/v2\/comments?post=6627"}],"version-history":[{"count":1,"href":"https:\/\/parapharmacieenligne.ma\/en\/wp-json\/wp\/v2\/product\/6627\/revisions"}],"predecessor-version":[{"id":6701,"href":"https:\/\/parapharmacieenligne.ma\/en\/wp-json\/wp\/v2\/product\/6627\/revisions\/6701"}],"wp:featuredmedia":[{"embeddable":true,"href":"https:\/\/parapharmacieenligne.ma\/en\/wp-json\/wp\/v2\/media\/6700"}],"wp:attachment":[{"href":"https:\/\/parapharmacieenligne.ma\/en\/wp-json\/wp\/v2\/media?parent=6627"}],"wp:term":[{"taxonomy":"product_cat","embeddable":true,"href":"https:\/\/parapharmacieenligne.ma\/en\/wp-json\/wp\/v2\/product_cat?post=6627"},{"taxonomy":"product_tag","embeddable":true,"href":"https:\/\/parapharmacieenligne.ma\/en\/wp-json\/wp\/v2\/product_tag?post=6627"},{"taxonomy":"yith_product_brand","embeddable":true,"href":"https:\/\/parapharmacieenligne.ma\/en\/wp-json\/wp\/v2\/yith_product_brand?post=6627"}],"curies":[{"name":"wp","href":"https:\/\/api.w.org\/{rel}","templated":true}]}}