{"id":6628,"date":"2026-01-25T20:55:03","date_gmt":"2026-01-25T19:55:03","guid":{"rendered":"https:\/\/parapharmacieenligne.ma\/?post_type=product&#038;p=6628"},"modified":"2026-01-25T20:56:31","modified_gmt":"2026-01-25T19:56:31","slug":"roge-cavailles-lait-bain-douche-hydratant-lait-de-figue-1l","status":"publish","type":"product","link":"https:\/\/parapharmacieenligne.ma\/en\/product\/roge-cavailles-lait-bain-douche-hydratant-lait-de-figue-1l\/","title":{"rendered":"Rog\u00e9 Cavaill\u00e9s Lait bain douche Hydratant \u2013 Lait de figue 1L"},"content":{"rendered":"<div aria-labelledby=\"tab-title-description\" class=\"woocommerce-Tabs-panel woocommerce-Tabs-panel--description panel entry-content wc-tab\" id=\"tab-description\" role=\"tabpanel\" style=\"\">\n<h2>Description<\/h2>\n<p>Ce Lait Bain et Douche au Lait de Figue est sp\u00e9cifiquement formul\u00e9 pour nettoyer les peaux sensibles et s\u00e8ches de toute votre famille.<br \/>\n Enrichi en Surgras actif, ce lait Corps sous la Douche fond sur votre peau et la nettoie en douceur tout en contribuant \u00e0 pr\u00e9server son hydratation naturelle.<br \/>\n Ce Lait Hydratant sous la Douche associe les vertus des prot\u00e9ines de lait et des huiles \u00e9mollientes afin de prot\u00e9ger votre peau au quotidien et de la r\u00e9hydrater intens\u00e9ment.<br \/>\n Sa texture lait se transforme en une mousse onctueuse d\u00e9licatement parfum\u00e9e au lait de figue qui fond sur votre peau et la laisse douce et hydrat\u00e9e.<br \/>\n Sous la douche ou dans le bain, appliquez ce Lait Hydratant sous la Douche sur une peau pr\u00e9alablement mouill\u00e9e. Faites mousser puis rincez \u00e0 l\u2019eau claire.<\/p>\n<\/p><\/div>","protected":false},"excerpt":{"rendered":"<p>Highlights:R\u00e9pare, apaise et hydrate intens\u00e9ment les mains s\u00e8ches \u00e0 tr\u00e8s s\u00e8ches.\u2022 Besoin :Hydrater | Nourrir | R\u00e9parer | Mains tr\u00e8s s\u00e8ches et ab\u00eem\u00e9es.\u2022 Ingr\u00e9dients Cl\u00e9s :C\u00e9ramides (1, 3 et 6-II) pour prot\u00e9ger et nourrir | Acide Hyaluronique pour maintenir la peau hydrat\u00e9e | Niacinamide pour apaiser la peau.\u2022S\u00e9curit\u00e9 :Sans Parfum | Hypoallerg\u00e9nique | Non-Com\u00e9dog\u00e8ne.\u2022 Utilisation :Appliquer g\u00e9n\u00e9reusement. Mains.<\/p>","protected":false},"featured_media":6702,"comment_status":"open","ping_status":"closed","template":"","meta":[],"product_cat":[85],"product_tag":[],"yith_product_brand":[109],"class_list":{"0":"post-6628","1":"product","2":"type-product","3":"status-publish","4":"has-post-thumbnail","6":"product_cat-soins-corps","7":"yith_product_brand-roge-cavailles","9":"first","10":"instock","11":"sale","12":"shipping-taxable","13":"purchasable","14":"product-type-simple"},"_links":{"self":[{"href":"https:\/\/parapharmacieenligne.ma\/en\/wp-json\/wp\/v2\/product\/6628","targetHints":{"allow":["GET"]}}],"collection":[{"href":"https:\/\/parapharmacieenligne.ma\/en\/wp-json\/wp\/v2\/product"}],"about":[{"href":"https:\/\/parapharmacieenligne.ma\/en\/wp-json\/wp\/v2\/types\/product"}],"replies":[{"embeddable":true,"href":"https:\/\/parapharmacieenligne.ma\/en\/wp-json\/wp\/v2\/comments?post=6628"}],"version-history":[{"count":1,"href":"https:\/\/parapharmacieenligne.ma\/en\/wp-json\/wp\/v2\/product\/6628\/revisions"}],"predecessor-version":[{"id":6703,"href":"https:\/\/parapharmacieenligne.ma\/en\/wp-json\/wp\/v2\/product\/6628\/revisions\/6703"}],"wp:featuredmedia":[{"embeddable":true,"href":"https:\/\/parapharmacieenligne.ma\/en\/wp-json\/wp\/v2\/media\/6702"}],"wp:attachment":[{"href":"https:\/\/parapharmacieenligne.ma\/en\/wp-json\/wp\/v2\/media?parent=6628"}],"wp:term":[{"taxonomy":"product_cat","embeddable":true,"href":"https:\/\/parapharmacieenligne.ma\/en\/wp-json\/wp\/v2\/product_cat?post=6628"},{"taxonomy":"product_tag","embeddable":true,"href":"https:\/\/parapharmacieenligne.ma\/en\/wp-json\/wp\/v2\/product_tag?post=6628"},{"taxonomy":"yith_product_brand","embeddable":true,"href":"https:\/\/parapharmacieenligne.ma\/en\/wp-json\/wp\/v2\/yith_product_brand?post=6628"}],"curies":[{"name":"wp","href":"https:\/\/api.w.org\/{rel}","templated":true}]}}