{"id":6630,"date":"2026-01-25T20:55:04","date_gmt":"2026-01-25T19:55:04","guid":{"rendered":"https:\/\/parapharmacieenligne.ma\/?post_type=product&#038;p=6630"},"modified":"2026-01-25T20:56:35","modified_gmt":"2026-01-25T19:56:35","slug":"roge-cavailles-gel-surgras-bain-et-douche-lait-et-miel-400ml","status":"publish","type":"product","link":"https:\/\/parapharmacieenligne.ma\/en\/product\/roge-cavailles-gel-surgras-bain-et-douche-lait-et-miel-400ml\/","title":{"rendered":"Rog\u00e9 Cavaill\u00e8s Gel Surgras Bain et Douche Lait et Miel 400ml"},"content":{"rendered":"<div aria-labelledby=\"tab-title-description\" class=\"woocommerce-Tabs-panel woocommerce-Tabs-panel--description panel entry-content wc-tab\" id=\"tab-description\" role=\"tabpanel\" style=\"\">\n<h2>Description<\/h2>\n<p>g\u00e9 Cavaill\u00e8s Gel Surgras Bain et Douche Parfum\u00e9 Lait et Miel 400 ml est id\u00e9al pour la toilette des peaux d\u00e9licates et sensibles de toute la famille. Sa formule enrichie en agents surgras et hydrosaltats de collag\u00e8ne aide \u00e0 renforcer le film hydrolipidique.<\/p>\n<p>Sa texture d\u00e9licatement parfum\u00e9e procure un v\u00e9ritable plaisir sous la douche ou dans le bain.<\/p>\n<p>Sans savon, sans paraben, hypoallerg\u00e9nique. Test\u00e9 cliniquement sur peaux sensibles.<\/p>\n<p>4 parfums : lait et miel, fleur de coton, amande verte, lait de p\u00eache.<\/p>\n<\/p><\/div>","protected":false},"excerpt":{"rendered":"<p>Highlights:Gel Surgras Bain et Douche Parfum\u00e9 Lait et Miel 400 ml<\/p>","protected":false},"featured_media":6706,"comment_status":"open","ping_status":"closed","template":"","meta":[],"product_cat":[85],"product_tag":[],"yith_product_brand":[109],"class_list":{"0":"post-6630","1":"product","2":"type-product","3":"status-publish","4":"has-post-thumbnail","6":"product_cat-soins-corps","7":"yith_product_brand-roge-cavailles","9":"first","10":"instock","11":"sale","12":"shipping-taxable","13":"purchasable","14":"product-type-simple"},"_links":{"self":[{"href":"https:\/\/parapharmacieenligne.ma\/en\/wp-json\/wp\/v2\/product\/6630","targetHints":{"allow":["GET"]}}],"collection":[{"href":"https:\/\/parapharmacieenligne.ma\/en\/wp-json\/wp\/v2\/product"}],"about":[{"href":"https:\/\/parapharmacieenligne.ma\/en\/wp-json\/wp\/v2\/types\/product"}],"replies":[{"embeddable":true,"href":"https:\/\/parapharmacieenligne.ma\/en\/wp-json\/wp\/v2\/comments?post=6630"}],"version-history":[{"count":1,"href":"https:\/\/parapharmacieenligne.ma\/en\/wp-json\/wp\/v2\/product\/6630\/revisions"}],"predecessor-version":[{"id":6707,"href":"https:\/\/parapharmacieenligne.ma\/en\/wp-json\/wp\/v2\/product\/6630\/revisions\/6707"}],"wp:featuredmedia":[{"embeddable":true,"href":"https:\/\/parapharmacieenligne.ma\/en\/wp-json\/wp\/v2\/media\/6706"}],"wp:attachment":[{"href":"https:\/\/parapharmacieenligne.ma\/en\/wp-json\/wp\/v2\/media?parent=6630"}],"wp:term":[{"taxonomy":"product_cat","embeddable":true,"href":"https:\/\/parapharmacieenligne.ma\/en\/wp-json\/wp\/v2\/product_cat?post=6630"},{"taxonomy":"product_tag","embeddable":true,"href":"https:\/\/parapharmacieenligne.ma\/en\/wp-json\/wp\/v2\/product_tag?post=6630"},{"taxonomy":"yith_product_brand","embeddable":true,"href":"https:\/\/parapharmacieenligne.ma\/en\/wp-json\/wp\/v2\/yith_product_brand?post=6630"}],"curies":[{"name":"wp","href":"https:\/\/api.w.org\/{rel}","templated":true}]}}