{"id":6631,"date":"2026-01-25T20:55:04","date_gmt":"2026-01-25T19:55:04","guid":{"rendered":"https:\/\/parapharmacieenligne.ma\/?post_type=product&#038;p=6631"},"modified":"2026-01-25T20:56:38","modified_gmt":"2026-01-25T19:56:38","slug":"roge-cavailles-gel-bain-douche-lait-et-miel-1l","status":"publish","type":"product","link":"https:\/\/parapharmacieenligne.ma\/en\/product\/roge-cavailles-gel-bain-douche-lait-et-miel-1l\/","title":{"rendered":"Rog\u00e9 Cavaill\u00e9s Gel bain douche \u2013 Lait et miel 1L"},"content":{"rendered":"<div aria-labelledby=\"tab-title-description\" class=\"woocommerce-Tabs-panel woocommerce-Tabs-panel--description panel entry-content wc-tab\" id=\"tab-description\" role=\"tabpanel\" style=\"\">\n<h2>Description<\/h2>\n<p>Ce Gel Bain et Douche au Lait et Miel est sp\u00e9cifiquement formul\u00e9 pour nettoyer les peaux d\u00e9licates et sensibles de toute votre famille.<br \/>\n Enrichi en Surgras actif, ce Gel Peau Sensible fond sur votre peau et la nettoie en douceur. Il contribue \u00e0 la pr\u00e9server du dess\u00e8chement d\u00fb aux agressions ext\u00e9rieures en consolidant ses m\u00e9canismes naturels de protection.<br \/>\n Gr\u00e2ce \u00e0 son complexe enrichi en actifs relipidants aux propri\u00e9t\u00e9s reconstituantes, ce Gel Douche Miel et Lait nourrit votre peau au quotidien et la r\u00e9hydrate intens\u00e9ment.<br \/>\n Sa mousse onctueuse d\u00e9licatement parfum\u00e9e fond sur votre peau et la laisse douce, hydrat\u00e9e et enrob\u00e9e d\u2019un parfum d\u00e9licieux de lait et de miel.<br \/>\n Sous la douche ou dans le bain, appliquez ce Gel Douche Peau Sensible sur votre peau pr\u00e9alablement mouill\u00e9e puis faites mousser. Le Gel Bain et Douche surgras actif se rince facilement \u00e0 l\u2019eau ti\u00e8d<\/p>\n<\/p><\/div>","protected":false},"excerpt":{"rendered":"<p>Highlights:R\u00e9pare, apaise et hydrate intens\u00e9ment les mains s\u00e8ches \u00e0 tr\u00e8s s\u00e8ches.\u2022 Besoin :Hydrater | Nourrir | R\u00e9parer | Mains tr\u00e8s s\u00e8ches et ab\u00eem\u00e9es.\u2022 Ingr\u00e9dients Cl\u00e9s :C\u00e9ramides (1, 3 et 6-II) pour prot\u00e9ger et nourrir | Acide Hyaluronique pour maintenir la peau hydrat\u00e9e | Niacinamide pour apaiser la peau.\u2022S\u00e9curit\u00e9 :Sans Parfum | Hypoallerg\u00e9nique | Non-Com\u00e9dog\u00e8ne.\u2022 Utilisation :Appliquer g\u00e9n\u00e9reusement. Mains.<\/p>","protected":false},"featured_media":6708,"comment_status":"open","ping_status":"closed","template":"","meta":[],"product_cat":[85],"product_tag":[],"yith_product_brand":[109],"class_list":{"0":"post-6631","1":"product","2":"type-product","3":"status-publish","4":"has-post-thumbnail","6":"product_cat-soins-corps","7":"yith_product_brand-roge-cavailles","9":"first","10":"instock","11":"sale","12":"shipping-taxable","13":"purchasable","14":"product-type-simple"},"_links":{"self":[{"href":"https:\/\/parapharmacieenligne.ma\/en\/wp-json\/wp\/v2\/product\/6631","targetHints":{"allow":["GET"]}}],"collection":[{"href":"https:\/\/parapharmacieenligne.ma\/en\/wp-json\/wp\/v2\/product"}],"about":[{"href":"https:\/\/parapharmacieenligne.ma\/en\/wp-json\/wp\/v2\/types\/product"}],"replies":[{"embeddable":true,"href":"https:\/\/parapharmacieenligne.ma\/en\/wp-json\/wp\/v2\/comments?post=6631"}],"version-history":[{"count":1,"href":"https:\/\/parapharmacieenligne.ma\/en\/wp-json\/wp\/v2\/product\/6631\/revisions"}],"predecessor-version":[{"id":6709,"href":"https:\/\/parapharmacieenligne.ma\/en\/wp-json\/wp\/v2\/product\/6631\/revisions\/6709"}],"wp:featuredmedia":[{"embeddable":true,"href":"https:\/\/parapharmacieenligne.ma\/en\/wp-json\/wp\/v2\/media\/6708"}],"wp:attachment":[{"href":"https:\/\/parapharmacieenligne.ma\/en\/wp-json\/wp\/v2\/media?parent=6631"}],"wp:term":[{"taxonomy":"product_cat","embeddable":true,"href":"https:\/\/parapharmacieenligne.ma\/en\/wp-json\/wp\/v2\/product_cat?post=6631"},{"taxonomy":"product_tag","embeddable":true,"href":"https:\/\/parapharmacieenligne.ma\/en\/wp-json\/wp\/v2\/product_tag?post=6631"},{"taxonomy":"yith_product_brand","embeddable":true,"href":"https:\/\/parapharmacieenligne.ma\/en\/wp-json\/wp\/v2\/yith_product_brand?post=6631"}],"curies":[{"name":"wp","href":"https:\/\/api.w.org\/{rel}","templated":true}]}}