{"id":6632,"date":"2026-01-25T20:55:04","date_gmt":"2026-01-25T19:55:04","guid":{"rendered":"https:\/\/parapharmacieenligne.ma\/?post_type=product&#038;p=6632"},"modified":"2026-01-25T20:56:40","modified_gmt":"2026-01-25T19:56:40","slug":"roge-cavailles-savon-surgras-extra-doux-lait-de-rose","status":"publish","type":"product","link":"https:\/\/parapharmacieenligne.ma\/en\/product\/roge-cavailles-savon-surgras-extra-doux-lait-de-rose\/","title":{"rendered":"Rog\u00e9 Cavaill\u00e8s Savon surgras Extra-Doux \u2013 Lait de rose"},"content":{"rendered":"<div aria-labelledby=\"tab-title-description\" class=\"woocommerce-Tabs-panel woocommerce-Tabs-panel--description panel entry-content wc-tab\" id=\"tab-description\" role=\"tabpanel\" style=\"\">\n<h2>Description<\/h2>\n<p>Reconnu historiquement pour ses nombreuses vertus, le Savon Surgras est un produit phare de la marque Rog\u00e9 Cavaill\u00e8s.<br \/>\n Le Savon Surgras Extra-Doux Lait de rose est sp\u00e9cialement formul\u00e9 pour nettoyer les peaux sensibles de toute votre famille.<br \/>\n Enrichi en agents surgras, ce Savon Extra Doux aide \u00e0 prot\u00e9ger votre peau des agressions ext\u00e9rieures et \u00e0 renforcer son film hydrolipidique afin de lui procurer douceur et souplesse au quotidien.<br \/>\n Ce Savon Surgras associe les vertus nourrissantes et adoucissantes de l\u2019huile d\u2019amande douce et de l\u2019huile de noyau de p\u00eache. Il apporte \u00e0 votre peau tout le confort n\u00e9cessaire et l\u2019aide \u00e0 maintenir son hydratation naturelle.<br \/>\n Appliquez le Savon Surgras Extra-Doux au Lait de rose apr\u00e8s avoir pr\u00e9alablement mouill\u00e9 votre peau, puis rincez \u00e0 l\u2019eau ti\u00e8de.<br \/>\n Gr\u00e2ce \u00e0 son extr\u00eame douceur, vous pouvez l\u2019utiliser quotidiennement sur le visage comme sur le corps.<\/p>\n<\/p><\/div>","protected":false},"excerpt":{"rendered":"<p>Highlights:Hydrate les pieds tr\u00e8s secs \u00e0 peaux minces<\/p>","protected":false},"featured_media":6710,"comment_status":"open","ping_status":"closed","template":"","meta":[],"product_cat":[85],"product_tag":[],"yith_product_brand":[109],"class_list":{"0":"post-6632","1":"product","2":"type-product","3":"status-publish","4":"has-post-thumbnail","6":"product_cat-soins-corps","7":"yith_product_brand-roge-cavailles","9":"first","10":"instock","11":"sale","12":"shipping-taxable","13":"purchasable","14":"product-type-simple"},"_links":{"self":[{"href":"https:\/\/parapharmacieenligne.ma\/en\/wp-json\/wp\/v2\/product\/6632","targetHints":{"allow":["GET"]}}],"collection":[{"href":"https:\/\/parapharmacieenligne.ma\/en\/wp-json\/wp\/v2\/product"}],"about":[{"href":"https:\/\/parapharmacieenligne.ma\/en\/wp-json\/wp\/v2\/types\/product"}],"replies":[{"embeddable":true,"href":"https:\/\/parapharmacieenligne.ma\/en\/wp-json\/wp\/v2\/comments?post=6632"}],"version-history":[{"count":1,"href":"https:\/\/parapharmacieenligne.ma\/en\/wp-json\/wp\/v2\/product\/6632\/revisions"}],"predecessor-version":[{"id":6711,"href":"https:\/\/parapharmacieenligne.ma\/en\/wp-json\/wp\/v2\/product\/6632\/revisions\/6711"}],"wp:featuredmedia":[{"embeddable":true,"href":"https:\/\/parapharmacieenligne.ma\/en\/wp-json\/wp\/v2\/media\/6710"}],"wp:attachment":[{"href":"https:\/\/parapharmacieenligne.ma\/en\/wp-json\/wp\/v2\/media?parent=6632"}],"wp:term":[{"taxonomy":"product_cat","embeddable":true,"href":"https:\/\/parapharmacieenligne.ma\/en\/wp-json\/wp\/v2\/product_cat?post=6632"},{"taxonomy":"product_tag","embeddable":true,"href":"https:\/\/parapharmacieenligne.ma\/en\/wp-json\/wp\/v2\/product_tag?post=6632"},{"taxonomy":"yith_product_brand","embeddable":true,"href":"https:\/\/parapharmacieenligne.ma\/en\/wp-json\/wp\/v2\/yith_product_brand?post=6632"}],"curies":[{"name":"wp","href":"https:\/\/api.w.org\/{rel}","templated":true}]}}