{"id":6633,"date":"2026-01-25T20:55:05","date_gmt":"2026-01-25T19:55:05","guid":{"rendered":"https:\/\/parapharmacieenligne.ma\/?post_type=product&#038;p=6633"},"modified":"2026-01-25T20:56:42","modified_gmt":"2026-01-25T19:56:42","slug":"roge-cavailles-savon-creme-nourrissant-beurre-de-karite-magnolia","status":"publish","type":"product","link":"https:\/\/parapharmacieenligne.ma\/en\/product\/roge-cavailles-savon-creme-nourrissant-beurre-de-karite-magnolia\/","title":{"rendered":"Rog\u00e9 Cavaill\u00e8s Savon Cr\u00e8me Nourrissant Beurre de Karit\u00e9 &#038; Magnolia"},"content":{"rendered":"<div aria-labelledby=\"tab-title-description\" class=\"woocommerce-Tabs-panel woocommerce-Tabs-panel--description panel entry-content wc-tab\" id=\"tab-description\" role=\"tabpanel\" style=\"\">\n<h2>Description<\/h2>\n<p>Ce Savon Cr\u00e8me Nourrissant au Beurre de Karit\u00e9 &amp; Magnolia nettoie d\u00e9licatement et prot\u00e8ge les peaux s\u00e8ches et sensibles. Sa texture ultra-cr\u00e9meuse et son parfum aux notes de fleurs blanches vous feront fondre de plaisir.<br \/>\n L\u2019association d\u2019ingr\u00e9dients nourrissants et d\u2019une base v\u00e9g\u00e9tale aide \u00e0 pr\u00e9server l\u2019hydratation et laisse votre peau douce et soyeuse. Sa texture cr\u00e9meuse se transforme en une mousse onctueuse qui fond sur votre peau. Gr\u00e2ce \u00e0 son extr\u00eame douceur, ce Savon Peau S\u00e8che et Sensible peut \u00eatre utilis\u00e9 quotidiennement sur le visage comme sur le corps.<br \/>\n Sous la douche ou dans le bain, frottez le Savon au Beurre de Karit\u00e9 &amp; Magnolia dans le creux de votre main et laissez-vous enivrer par son parfum.<br \/>\n Faites mousser sur tout le corps puis rincez abondamment \u00e0 l\u2019eau claire.<\/p>\n<\/p><\/div>","protected":false},"excerpt":{"rendered":"<p>Highlights:Exfolie, adoucit et lisse les rugosit\u00e9s. Aide \u00e0 restaurer la barri\u00e8re cutan\u00e9e.\u2022 Besoin :Hydrater | Apaiser | Lisser | Peaux s\u00e8ches, rugueuses et squameuses.\u2022 Ingr\u00e9dients Cl\u00e9s :C\u00e9ramides (1, 3 et 6-II) pour prot\u00e9ger et nourrir | Acide Salicylique pour exfolier en douceur | Ur\u00e9e 10% pour hydrater.\u2022S\u00e9curit\u00e9 :Sans Parfum | Hypoallerg\u00e9nique | Non-Com\u00e9dog\u00e8ne.\u2022 Utilisation :Appliquer g\u00e9n\u00e9reusement aussi souvent que n\u00e9cessaire. Corps.<\/p>","protected":false},"featured_media":6712,"comment_status":"open","ping_status":"closed","template":"","meta":[],"product_cat":[85],"product_tag":[],"yith_product_brand":[109],"class_list":{"0":"post-6633","1":"product","2":"type-product","3":"status-publish","4":"has-post-thumbnail","6":"product_cat-soins-corps","7":"yith_product_brand-roge-cavailles","9":"first","10":"instock","11":"sale","12":"shipping-taxable","13":"purchasable","14":"product-type-simple"},"_links":{"self":[{"href":"https:\/\/parapharmacieenligne.ma\/en\/wp-json\/wp\/v2\/product\/6633","targetHints":{"allow":["GET"]}}],"collection":[{"href":"https:\/\/parapharmacieenligne.ma\/en\/wp-json\/wp\/v2\/product"}],"about":[{"href":"https:\/\/parapharmacieenligne.ma\/en\/wp-json\/wp\/v2\/types\/product"}],"replies":[{"embeddable":true,"href":"https:\/\/parapharmacieenligne.ma\/en\/wp-json\/wp\/v2\/comments?post=6633"}],"version-history":[{"count":1,"href":"https:\/\/parapharmacieenligne.ma\/en\/wp-json\/wp\/v2\/product\/6633\/revisions"}],"predecessor-version":[{"id":6713,"href":"https:\/\/parapharmacieenligne.ma\/en\/wp-json\/wp\/v2\/product\/6633\/revisions\/6713"}],"wp:featuredmedia":[{"embeddable":true,"href":"https:\/\/parapharmacieenligne.ma\/en\/wp-json\/wp\/v2\/media\/6712"}],"wp:attachment":[{"href":"https:\/\/parapharmacieenligne.ma\/en\/wp-json\/wp\/v2\/media?parent=6633"}],"wp:term":[{"taxonomy":"product_cat","embeddable":true,"href":"https:\/\/parapharmacieenligne.ma\/en\/wp-json\/wp\/v2\/product_cat?post=6633"},{"taxonomy":"product_tag","embeddable":true,"href":"https:\/\/parapharmacieenligne.ma\/en\/wp-json\/wp\/v2\/product_tag?post=6633"},{"taxonomy":"yith_product_brand","embeddable":true,"href":"https:\/\/parapharmacieenligne.ma\/en\/wp-json\/wp\/v2\/yith_product_brand?post=6633"}],"curies":[{"name":"wp","href":"https:\/\/api.w.org\/{rel}","templated":true}]}}