{"id":6634,"date":"2026-01-25T20:55:06","date_gmt":"2026-01-25T19:55:06","guid":{"rendered":"https:\/\/parapharmacieenligne.ma\/?post_type=product&#038;p=6634"},"modified":"2026-01-25T20:56:44","modified_gmt":"2026-01-25T19:56:44","slug":"roge-cavailles-savon-creme-relaxant","status":"publish","type":"product","link":"https:\/\/parapharmacieenligne.ma\/en\/product\/roge-cavailles-savon-creme-relaxant\/","title":{"rendered":"Rog\u00e9 Cavaill\u00e8s Savon Cr\u00e8me Relaxant"},"content":{"rendered":"<div aria-labelledby=\"tab-title-description\" class=\"woocommerce-Tabs-panel woocommerce-Tabs-panel--description panel entry-content wc-tab\" id=\"tab-description\" role=\"tabpanel\" style=\"\">\n<h2>Description<\/h2>\n<p>Ce Savon Cr\u00e8me Relaxant pour Peaux S\u00e8ches et Sensibles nettoie d\u00e9licatement et prot\u00e8ge les peaux s\u00e8ches et sensibles. Sa texture ultra-cr\u00e9meuse et son parfum subtil de rose vous feront fondre de plaisir.<br \/>\n L\u2019association d\u2019ingr\u00e9dients nourrissants et d\u2019une base v\u00e9g\u00e9tale aide \u00e0 pr\u00e9server l\u2019hydratation et laisse votre peau douce et soyeuse. Sa texture cr\u00e9meuse se transforme en une mousse onctueuse qui fond sur votre peau. Gr\u00e2ce \u00e0 son extr\u00eame douceur, ce Savon Cr\u00e8me peut \u00eatre utilis\u00e9 quotidiennement sur le visage comme sur le corps.<br \/>\n Sous la douche ou dans le bain, frottez le Savon pour Peau S\u00e8che et Sensible dans le creux de votre main et laissez-vous enivrer par son parfum.<br \/>\n Faites mousser ce Savon Cr\u00e8me sur tout le corps puis rincez abondamment \u00e0 l\u2019eau claire.<\/p>\n<\/p><\/div>","protected":false},"excerpt":{"rendered":"<p>Highlights:Cr\u00e8me exfoliante pour hyperk\u00e9ratoses<\/p>","protected":false},"featured_media":6714,"comment_status":"open","ping_status":"closed","template":"","meta":[],"product_cat":[85],"product_tag":[],"yith_product_brand":[109],"class_list":{"0":"post-6634","1":"product","2":"type-product","3":"status-publish","4":"has-post-thumbnail","6":"product_cat-soins-corps","7":"yith_product_brand-roge-cavailles","9":"first","10":"instock","11":"sale","12":"shipping-taxable","13":"purchasable","14":"product-type-simple"},"_links":{"self":[{"href":"https:\/\/parapharmacieenligne.ma\/en\/wp-json\/wp\/v2\/product\/6634","targetHints":{"allow":["GET"]}}],"collection":[{"href":"https:\/\/parapharmacieenligne.ma\/en\/wp-json\/wp\/v2\/product"}],"about":[{"href":"https:\/\/parapharmacieenligne.ma\/en\/wp-json\/wp\/v2\/types\/product"}],"replies":[{"embeddable":true,"href":"https:\/\/parapharmacieenligne.ma\/en\/wp-json\/wp\/v2\/comments?post=6634"}],"version-history":[{"count":1,"href":"https:\/\/parapharmacieenligne.ma\/en\/wp-json\/wp\/v2\/product\/6634\/revisions"}],"predecessor-version":[{"id":6715,"href":"https:\/\/parapharmacieenligne.ma\/en\/wp-json\/wp\/v2\/product\/6634\/revisions\/6715"}],"wp:featuredmedia":[{"embeddable":true,"href":"https:\/\/parapharmacieenligne.ma\/en\/wp-json\/wp\/v2\/media\/6714"}],"wp:attachment":[{"href":"https:\/\/parapharmacieenligne.ma\/en\/wp-json\/wp\/v2\/media?parent=6634"}],"wp:term":[{"taxonomy":"product_cat","embeddable":true,"href":"https:\/\/parapharmacieenligne.ma\/en\/wp-json\/wp\/v2\/product_cat?post=6634"},{"taxonomy":"product_tag","embeddable":true,"href":"https:\/\/parapharmacieenligne.ma\/en\/wp-json\/wp\/v2\/product_tag?post=6634"},{"taxonomy":"yith_product_brand","embeddable":true,"href":"https:\/\/parapharmacieenligne.ma\/en\/wp-json\/wp\/v2\/yith_product_brand?post=6634"}],"curies":[{"name":"wp","href":"https:\/\/api.w.org\/{rel}","templated":true}]}}