{"id":6649,"date":"2026-01-25T20:55:31","date_gmt":"2026-01-25T19:55:31","guid":{"rendered":"https:\/\/parapharmacieenligne.ma\/?post_type=product&#038;p=6649"},"modified":"2026-01-25T20:56:57","modified_gmt":"2026-01-25T19:56:57","slug":"roge-cavailles-savon-huile-veloutant","status":"publish","type":"product","link":"https:\/\/parapharmacieenligne.ma\/en\/product\/roge-cavailles-savon-huile-veloutant\/","title":{"rendered":"Rog\u00e9 Cavaill\u00e8s Savon Huile Veloutant"},"content":{"rendered":"<div aria-labelledby=\"tab-title-description\" class=\"woocommerce-Tabs-panel woocommerce-Tabs-panel--description panel entry-content wc-tab\" id=\"tab-description\" role=\"tabpanel\" style=\"\">\n<h2>Description<\/h2>\n<p>Ce tout premier savon huile Visage &amp; Corps associe les vertus nourrissantes de l\u2019huile d\u2019argan et de l\u2019huile d\u2019amande douce. Ce Savon \u00e0 l\u2019Huile d\u2019Argan et d\u2019Amande Douce nettoie en douceur et nourrit intens\u00e9ment les peaux sensibles et s\u00e8ches. Avec ses agents surgras, ce Savon Huile prot\u00e8ge la peau des agressions ext\u00e9rieures et pr\u00e9serve son hydratation. Sa couleur ambr\u00e9e et son parfum aux notes orientales et sucr\u00e9es sont le secret de ce plaisir chaleureux qui s\u2019appr\u00e9cie sans limite.<br \/>\n Sous la douche ou dans le bain, frottez le Savon \u00e0 l\u2019Huile d\u2019Argan &amp; d\u2019Amande Douce au creux de votre main en vous laissant envo\u00fbter par son parfum.<br \/>\n Appliquez sur votre peau pr\u00e9alablement mouill\u00e9e et rincez abondamment \u00e0 l\u2019eau claire.<br \/>\n Gr\u00e2ce \u00e0 son extr\u00eame douceur, vous pouvez l\u2019utiliser quotidiennement sur le visage comme sur le corps.<\/p>\n<\/p><\/div>","protected":false},"excerpt":{"rendered":"<p>Highlights:Hydrate, prot\u00e8ge, \u00e9limine les rugosit\u00e9s<\/p>","protected":false},"featured_media":6725,"comment_status":"open","ping_status":"closed","template":"","meta":[],"product_cat":[85],"product_tag":[],"yith_product_brand":[109],"class_list":{"0":"post-6649","1":"product","2":"type-product","3":"status-publish","4":"has-post-thumbnail","6":"product_cat-soins-corps","7":"yith_product_brand-roge-cavailles","9":"first","10":"instock","11":"sale","12":"shipping-taxable","13":"purchasable","14":"product-type-simple"},"_links":{"self":[{"href":"https:\/\/parapharmacieenligne.ma\/en\/wp-json\/wp\/v2\/product\/6649","targetHints":{"allow":["GET"]}}],"collection":[{"href":"https:\/\/parapharmacieenligne.ma\/en\/wp-json\/wp\/v2\/product"}],"about":[{"href":"https:\/\/parapharmacieenligne.ma\/en\/wp-json\/wp\/v2\/types\/product"}],"replies":[{"embeddable":true,"href":"https:\/\/parapharmacieenligne.ma\/en\/wp-json\/wp\/v2\/comments?post=6649"}],"version-history":[{"count":1,"href":"https:\/\/parapharmacieenligne.ma\/en\/wp-json\/wp\/v2\/product\/6649\/revisions"}],"predecessor-version":[{"id":6726,"href":"https:\/\/parapharmacieenligne.ma\/en\/wp-json\/wp\/v2\/product\/6649\/revisions\/6726"}],"wp:featuredmedia":[{"embeddable":true,"href":"https:\/\/parapharmacieenligne.ma\/en\/wp-json\/wp\/v2\/media\/6725"}],"wp:attachment":[{"href":"https:\/\/parapharmacieenligne.ma\/en\/wp-json\/wp\/v2\/media?parent=6649"}],"wp:term":[{"taxonomy":"product_cat","embeddable":true,"href":"https:\/\/parapharmacieenligne.ma\/en\/wp-json\/wp\/v2\/product_cat?post=6649"},{"taxonomy":"product_tag","embeddable":true,"href":"https:\/\/parapharmacieenligne.ma\/en\/wp-json\/wp\/v2\/product_tag?post=6649"},{"taxonomy":"yith_product_brand","embeddable":true,"href":"https:\/\/parapharmacieenligne.ma\/en\/wp-json\/wp\/v2\/yith_product_brand?post=6649"}],"curies":[{"name":"wp","href":"https:\/\/api.w.org\/{rel}","templated":true}]}}