{"id":6654,"date":"2026-01-25T20:55:34","date_gmt":"2026-01-25T19:55:34","guid":{"rendered":"https:\/\/parapharmacieenligne.ma\/?post_type=product&#038;p=6654"},"modified":"2026-01-25T20:57:10","modified_gmt":"2026-01-25T19:57:10","slug":"roge-cavailles-soin-intime-mycolea-muqueuses-irritees-200-ml","status":"publish","type":"product","link":"https:\/\/parapharmacieenligne.ma\/en\/product\/roge-cavailles-soin-intime-mycolea-muqueuses-irritees-200-ml\/","title":{"rendered":"ROG\u00c9 CAVAILL\u00c8S SOIN INTIME MYCOLEA MUQUEUSES IRRIT\u00c9ES 200 ML"},"content":{"rendered":"<div aria-labelledby=\"tab-title-description\" class=\"woocommerce-Tabs-panel woocommerce-Tabs-panel--description panel entry-content wc-tab\" id=\"tab-description\" role=\"tabpanel\" style=\"\">\n<h2>Description<\/h2>\n<p>Le soin de toilette intime Mycolea de Rog\u00e9 Cavaill\u00e8s nettoie les muqueuses tout en douceur gr\u00e2ce \u00e0 sa texture mousse (pas besoin de frotter pour faire mousser). Il a \u00e9t\u00e9 sp\u00e9cialement con\u00e7u pour aider \u00e0 soulager les irritations gr\u00e2ce \u00e0 l\u2019action anti inflammatoire du magn\u00e9sium et de l\u2019extrait d\u2019Avoine. Ce soin de toilette intime contribue \u00e0 lib\u00e9rer la prolif\u00e9ration de certains germes responsables d\u2019infections gr\u00e2ce \u00e0 son pH alcalin et son complexe prot\u00e9in\u00e9 innovant.<\/p>\n<\/p><\/div>","protected":false},"excerpt":{"rendered":"<p>Highlights:\u2022 NOURRIT la peau.\u2022 PROT\u00c8GE contre le froid.\u2022 APAISE les sensations d\u2019irritation.<\/p>","protected":false},"featured_media":6735,"comment_status":"open","ping_status":"closed","template":"","meta":[],"product_cat":[85],"product_tag":[],"yith_product_brand":[109],"class_list":{"0":"post-6654","1":"product","2":"type-product","3":"status-publish","4":"has-post-thumbnail","6":"product_cat-soins-corps","7":"yith_product_brand-roge-cavailles","9":"first","10":"instock","11":"sale","12":"shipping-taxable","13":"purchasable","14":"product-type-simple"},"_links":{"self":[{"href":"https:\/\/parapharmacieenligne.ma\/en\/wp-json\/wp\/v2\/product\/6654","targetHints":{"allow":["GET"]}}],"collection":[{"href":"https:\/\/parapharmacieenligne.ma\/en\/wp-json\/wp\/v2\/product"}],"about":[{"href":"https:\/\/parapharmacieenligne.ma\/en\/wp-json\/wp\/v2\/types\/product"}],"replies":[{"embeddable":true,"href":"https:\/\/parapharmacieenligne.ma\/en\/wp-json\/wp\/v2\/comments?post=6654"}],"version-history":[{"count":1,"href":"https:\/\/parapharmacieenligne.ma\/en\/wp-json\/wp\/v2\/product\/6654\/revisions"}],"predecessor-version":[{"id":6736,"href":"https:\/\/parapharmacieenligne.ma\/en\/wp-json\/wp\/v2\/product\/6654\/revisions\/6736"}],"wp:featuredmedia":[{"embeddable":true,"href":"https:\/\/parapharmacieenligne.ma\/en\/wp-json\/wp\/v2\/media\/6735"}],"wp:attachment":[{"href":"https:\/\/parapharmacieenligne.ma\/en\/wp-json\/wp\/v2\/media?parent=6654"}],"wp:term":[{"taxonomy":"product_cat","embeddable":true,"href":"https:\/\/parapharmacieenligne.ma\/en\/wp-json\/wp\/v2\/product_cat?post=6654"},{"taxonomy":"product_tag","embeddable":true,"href":"https:\/\/parapharmacieenligne.ma\/en\/wp-json\/wp\/v2\/product_tag?post=6654"},{"taxonomy":"yith_product_brand","embeddable":true,"href":"https:\/\/parapharmacieenligne.ma\/en\/wp-json\/wp\/v2\/yith_product_brand?post=6654"}],"curies":[{"name":"wp","href":"https:\/\/api.w.org\/{rel}","templated":true}]}}