{"id":6655,"date":"2026-01-25T20:55:34","date_gmt":"2026-01-25T19:55:34","guid":{"rendered":"https:\/\/parapharmacieenligne.ma\/?post_type=product&#038;p=6655"},"modified":"2026-01-25T20:57:13","modified_gmt":"2026-01-25T19:57:13","slug":"roge-cavailles-soin-naturel-toilette-intime-petite-fille-250ml","status":"publish","type":"product","link":"https:\/\/parapharmacieenligne.ma\/en\/product\/roge-cavailles-soin-naturel-toilette-intime-petite-fille-250ml\/","title":{"rendered":"ROGE CAVAILLES SOIN NATUREL TOILETTE INTIME PETITE FILLE 250ml"},"content":{"rendered":"<div aria-labelledby=\"tab-title-description\" class=\"woocommerce-Tabs-panel woocommerce-Tabs-panel--description panel entry-content wc-tab\" id=\"tab-description\" role=\"tabpanel\" style=\"\">\n<h2>Description<\/h2>\n<p>Ultra-respectueuses et 97% d\u2019origine naturelle, les formules intimes Rog\u00e9 Cavaill\u00e8s, enrichies en pr\u00e9biotiques qui aident \u00e0 renforcer la flore, respectent et prot\u00e8gent l\u2019\u00e9quilibre intime.<br \/>\n Ce Gel Intime Enfant enrichi en guimauve adoucissante a \u00e9t\u00e9 sp\u00e9cialement d\u00e9velopp\u00e9 pour la toilette quotidienne des petites filles, particuli\u00e8rement celles sujettes aux irritations et rougeurs.<br \/>\n Ce Gel Intime pour Petite Fille s\u2019utilise pour la toilette quotidienne du corps et de la zone intime des petites filles d\u00e8s 2 ans. Test\u00e9 sous contr\u00f4le p\u00e9diatrique, il est \u00e0 pH physiologique et sans savon pour un respect maximal des muqueuses intimes.<\/p>\n<p>Ce Gel Intime Enfant s\u2019utilise comme un savon liquide, en usage externe au quotidien, une \u00e0 deux fois par jour, sur la peau du corps et les muqueuses intimes m\u00eame les plus sensibles.<\/p>\n<\/p>\n<p><strong><strong>Conseils d\u2019Utilisation : <\/strong> <\/strong><\/p>\n<div class=\"ingredients\">\n<div class=\"ingredients-text desktop\">\n<p>EXTRAIT DE RACINE DE GUIMAUVE OFFICINALE<br \/>\n L\u2019extrait de racine de Guimauve officinale a des propri\u00e9t\u00e9s \u00e9mollientes, apaisantes, protectrices et d\u00e9congestionnantes. Nom INCI : Althaea Officinalis Root Extract<\/p>\n<p>PR\u00c9BIOTIQUES<br \/>\n Cette substance est utilis\u00e9e pour la protection et la biostimulation des d\u00e9fenses naturelles de la peau. C\u2019est un substrat bios\u00e9lectif pour la flore microbienne b\u00e9n\u00e9fique au d\u00e9triment des agents pathog\u00e8nes et de la flore ind\u00e9sirable. Il offre une action protectrice et r\u00e9paratrice douce pour tous les types de peau et\/ou muqueuses. Nom INCI : Alpha-Glucan Oligosaccharide<\/p>\n<\/p><\/div>\n<\/p><\/div>\n<\/p><\/div>","protected":false},"excerpt":{"rendered":"<p>Highlights:Nettoie, nourrit, prot\u00e8ge le visage et le corps de toute la famille<\/p>","protected":false},"featured_media":6737,"comment_status":"open","ping_status":"closed","template":"","meta":[],"product_cat":[85],"product_tag":[],"yith_product_brand":[109],"class_list":{"0":"post-6655","1":"product","2":"type-product","3":"status-publish","4":"has-post-thumbnail","6":"product_cat-soins-corps","7":"yith_product_brand-roge-cavailles","9":"first","10":"instock","11":"sale","12":"shipping-taxable","13":"purchasable","14":"product-type-simple"},"_links":{"self":[{"href":"https:\/\/parapharmacieenligne.ma\/en\/wp-json\/wp\/v2\/product\/6655","targetHints":{"allow":["GET"]}}],"collection":[{"href":"https:\/\/parapharmacieenligne.ma\/en\/wp-json\/wp\/v2\/product"}],"about":[{"href":"https:\/\/parapharmacieenligne.ma\/en\/wp-json\/wp\/v2\/types\/product"}],"replies":[{"embeddable":true,"href":"https:\/\/parapharmacieenligne.ma\/en\/wp-json\/wp\/v2\/comments?post=6655"}],"version-history":[{"count":1,"href":"https:\/\/parapharmacieenligne.ma\/en\/wp-json\/wp\/v2\/product\/6655\/revisions"}],"predecessor-version":[{"id":6738,"href":"https:\/\/parapharmacieenligne.ma\/en\/wp-json\/wp\/v2\/product\/6655\/revisions\/6738"}],"wp:featuredmedia":[{"embeddable":true,"href":"https:\/\/parapharmacieenligne.ma\/en\/wp-json\/wp\/v2\/media\/6737"}],"wp:attachment":[{"href":"https:\/\/parapharmacieenligne.ma\/en\/wp-json\/wp\/v2\/media?parent=6655"}],"wp:term":[{"taxonomy":"product_cat","embeddable":true,"href":"https:\/\/parapharmacieenligne.ma\/en\/wp-json\/wp\/v2\/product_cat?post=6655"},{"taxonomy":"product_tag","embeddable":true,"href":"https:\/\/parapharmacieenligne.ma\/en\/wp-json\/wp\/v2\/product_tag?post=6655"},{"taxonomy":"yith_product_brand","embeddable":true,"href":"https:\/\/parapharmacieenligne.ma\/en\/wp-json\/wp\/v2\/yith_product_brand?post=6655"}],"curies":[{"name":"wp","href":"https:\/\/api.w.org\/{rel}","templated":true}]}}