{"id":6672,"date":"2026-01-25T20:55:58","date_gmt":"2026-01-25T19:55:58","guid":{"rendered":"https:\/\/parapharmacieenligne.ma\/?post_type=product&#038;p=6672"},"modified":"2026-01-25T20:57:18","modified_gmt":"2026-01-25T19:57:18","slug":"roge-cavailles-soin-lavante-intime-eco-recharge-1l","status":"publish","type":"product","link":"https:\/\/parapharmacieenligne.ma\/en\/product\/roge-cavailles-soin-lavante-intime-eco-recharge-1l\/","title":{"rendered":"Rog\u00e9 Cavailles Soin Lavante Intime Eco-recharge 1L"},"content":{"rendered":"<div aria-labelledby=\"tab-title-description\" class=\"woocommerce-Tabs-panel woocommerce-Tabs-panel--description panel entry-content wc-tab\" id=\"tab-description\" role=\"tabpanel\" style=\"\">\n<h2>Description<\/h2>\n<\/p>\n<ul>\n<li>Une zone intime respect\u00e9e et prot\u00e9g\u00e9e : enrichie en pr\u00e9biotique, la formule sans savon nettoie en douceur et aide \u00e0 prot\u00e9ger l\u2019\u00e9quilibre intime.<\/li>\n<li>Un moment de bien-\u00eatre gr\u00e2ce au surgras v\u00e9g\u00e9tal pro-r\u00e9g\u00e9n\u00e9rant et aux extraits de calendula apaisant pour un confort optimal.<\/li>\n<li>Adapt\u00e9 \u00e0 toutes les muqueuses, m\u00eame sensibles, avec son pH physiologique.<\/li>\n<\/ul>\n<p>Test\u00e9 gyn\u00e9cologiquement.<\/p>\n<p>97% d\u2019ingr\u00e9dients d\u2019origine naturelle.<\/p>\n<p>Ce sachet contient 73% de plastique en moins par rapport au flacon 500 ml.<\/p>\n<\/p><\/div>","protected":false},"excerpt":{"rendered":"<p>Highlights:Rog\u00e9 Cavaill\u00e8s Soin Lavant Intime Extra-Doux \u00c9co-Recharge 500 ml est un soin surgras sans savon pour l\u2019hygi\u00e8ne intime.<\/p>","protected":false},"featured_media":6739,"comment_status":"open","ping_status":"closed","template":"","meta":[],"product_cat":[85],"product_tag":[],"yith_product_brand":[109],"class_list":{"0":"post-6672","1":"product","2":"type-product","3":"status-publish","4":"has-post-thumbnail","6":"product_cat-soins-corps","7":"yith_product_brand-roge-cavailles","9":"first","10":"instock","11":"shipping-taxable","12":"product-type-simple"},"_links":{"self":[{"href":"https:\/\/parapharmacieenligne.ma\/en\/wp-json\/wp\/v2\/product\/6672","targetHints":{"allow":["GET"]}}],"collection":[{"href":"https:\/\/parapharmacieenligne.ma\/en\/wp-json\/wp\/v2\/product"}],"about":[{"href":"https:\/\/parapharmacieenligne.ma\/en\/wp-json\/wp\/v2\/types\/product"}],"replies":[{"embeddable":true,"href":"https:\/\/parapharmacieenligne.ma\/en\/wp-json\/wp\/v2\/comments?post=6672"}],"version-history":[{"count":1,"href":"https:\/\/parapharmacieenligne.ma\/en\/wp-json\/wp\/v2\/product\/6672\/revisions"}],"predecessor-version":[{"id":6740,"href":"https:\/\/parapharmacieenligne.ma\/en\/wp-json\/wp\/v2\/product\/6672\/revisions\/6740"}],"wp:featuredmedia":[{"embeddable":true,"href":"https:\/\/parapharmacieenligne.ma\/en\/wp-json\/wp\/v2\/media\/6739"}],"wp:attachment":[{"href":"https:\/\/parapharmacieenligne.ma\/en\/wp-json\/wp\/v2\/media?parent=6672"}],"wp:term":[{"taxonomy":"product_cat","embeddable":true,"href":"https:\/\/parapharmacieenligne.ma\/en\/wp-json\/wp\/v2\/product_cat?post=6672"},{"taxonomy":"product_tag","embeddable":true,"href":"https:\/\/parapharmacieenligne.ma\/en\/wp-json\/wp\/v2\/product_tag?post=6672"},{"taxonomy":"yith_product_brand","embeddable":true,"href":"https:\/\/parapharmacieenligne.ma\/en\/wp-json\/wp\/v2\/yith_product_brand?post=6672"}],"curies":[{"name":"wp","href":"https:\/\/api.w.org\/{rel}","templated":true}]}}