{"id":6673,"date":"2026-01-25T20:55:58","date_gmt":"2026-01-25T19:55:58","guid":{"rendered":"https:\/\/parapharmacieenligne.ma\/?post_type=product&#038;p=6673"},"modified":"2026-01-25T20:57:20","modified_gmt":"2026-01-25T19:57:20","slug":"roge-cavailles-nutrissance-lait-corps-nourrissant-surgras-vitamine-peaux-seches-400ml","status":"publish","type":"product","link":"https:\/\/parapharmacieenligne.ma\/en\/product\/roge-cavailles-nutrissance-lait-corps-nourrissant-surgras-vitamine-peaux-seches-400ml\/","title":{"rendered":"ROGE CAVAILLES NUTRISSANCE LAIT CORPS NOURRISSANT SURGRAS VITAMINE PEAUX SECHES 400ML"},"content":{"rendered":"<div aria-labelledby=\"tab-title-description\" class=\"woocommerce-Tabs-panel woocommerce-Tabs-panel--description panel entry-content wc-tab\" id=\"tab-description\" role=\"tabpanel\" style=\"\">\n<h2>Description<\/h2>\n<p>Compos\u00e9e \u00e0 97% d\u2019ingr\u00e9dients d\u2019origine naturelle, le Lait Corps Nourrissant Cavaill\u00e8s est destin\u00e9 \u00e0 nourrir et prot\u00e9ger les peaux s\u00e8ches.<br \/>\n Gr\u00e2ce \u00e0 son parfum d\u00e9licat, son application est un v\u00e9ritable moment de plaisir ! Votre peau est ainsi nourrie et d\u00e9licatement parfum\u00e9e.<\/p>\n<p>\u2013 Formule enrichie en Surgras v\u00e9g\u00e9tal Pro-R\u00e9g\u00e9n\u00e9rant et Huile d\u2019Amande Douce<\/p>\n<p>\u2013 Nourrit et prot\u00e8ge du dess\u00e8chement<\/p>\n<p>Une \u00e0 deux fois par jour, appliquez le Lait Corps Nourrissant sur les zones s\u00e8ches de votre corps.<\/p>\n<\/p><\/div>","protected":false},"excerpt":{"rendered":"<p>Highlights:Votre peau est nourrie et d\u00e9licatement parfum\u00e9e.<\/p>","protected":false},"featured_media":6741,"comment_status":"open","ping_status":"closed","template":"","meta":[],"product_cat":[85],"product_tag":[],"yith_product_brand":[109],"class_list":{"0":"post-6673","1":"product","2":"type-product","3":"status-publish","4":"has-post-thumbnail","6":"product_cat-soins-corps","7":"yith_product_brand-roge-cavailles","9":"first","10":"instock","11":"sale","12":"shipping-taxable","13":"purchasable","14":"product-type-simple"},"_links":{"self":[{"href":"https:\/\/parapharmacieenligne.ma\/en\/wp-json\/wp\/v2\/product\/6673","targetHints":{"allow":["GET"]}}],"collection":[{"href":"https:\/\/parapharmacieenligne.ma\/en\/wp-json\/wp\/v2\/product"}],"about":[{"href":"https:\/\/parapharmacieenligne.ma\/en\/wp-json\/wp\/v2\/types\/product"}],"replies":[{"embeddable":true,"href":"https:\/\/parapharmacieenligne.ma\/en\/wp-json\/wp\/v2\/comments?post=6673"}],"version-history":[{"count":1,"href":"https:\/\/parapharmacieenligne.ma\/en\/wp-json\/wp\/v2\/product\/6673\/revisions"}],"predecessor-version":[{"id":6742,"href":"https:\/\/parapharmacieenligne.ma\/en\/wp-json\/wp\/v2\/product\/6673\/revisions\/6742"}],"wp:featuredmedia":[{"embeddable":true,"href":"https:\/\/parapharmacieenligne.ma\/en\/wp-json\/wp\/v2\/media\/6741"}],"wp:attachment":[{"href":"https:\/\/parapharmacieenligne.ma\/en\/wp-json\/wp\/v2\/media?parent=6673"}],"wp:term":[{"taxonomy":"product_cat","embeddable":true,"href":"https:\/\/parapharmacieenligne.ma\/en\/wp-json\/wp\/v2\/product_cat?post=6673"},{"taxonomy":"product_tag","embeddable":true,"href":"https:\/\/parapharmacieenligne.ma\/en\/wp-json\/wp\/v2\/product_tag?post=6673"},{"taxonomy":"yith_product_brand","embeddable":true,"href":"https:\/\/parapharmacieenligne.ma\/en\/wp-json\/wp\/v2\/yith_product_brand?post=6673"}],"curies":[{"name":"wp","href":"https:\/\/api.w.org\/{rel}","templated":true}]}}