{"id":6674,"date":"2026-01-25T20:55:58","date_gmt":"2026-01-25T19:55:58","guid":{"rendered":"https:\/\/parapharmacieenligne.ma\/?post_type=product&#038;p=6674"},"modified":"2026-01-25T20:57:26","modified_gmt":"2026-01-25T19:57:26","slug":"roge-cavailles-routine-coffret-regenerant","status":"publish","type":"product","link":"https:\/\/parapharmacieenligne.ma\/en\/product\/roge-cavailles-routine-coffret-regenerant\/","title":{"rendered":"ROGE CAVAILLES ROUTINE COFFRET REGENERANT"},"content":{"rendered":"<div aria-labelledby=\"tab-title-description\" class=\"woocommerce-Tabs-panel woocommerce-Tabs-panel--description panel entry-content wc-tab\" id=\"tab-description\" role=\"tabpanel\" style=\"\">\n<h2>Description<\/h2>\n<p><strong>\u2013 Rog\u00e9 Cavaill\u00e8s Gel Bain Douche Huile de Macadamia Bio 400 ml est un gel surgras v\u00e9g\u00e9tal<\/strong> indiqu\u00e9 pour peaux d\u00e9licates et sensibles.<br \/>\n Enrichi en huile d\u2019amande Bio, il est l\u2019alli\u00e9 du quotidien qui aide \u00e0 adoucir et assouplir la peau. Il est \u00e0 base d\u2019huile de Macadamia, actif riche en vitamines et acides gras et aide la peau \u00e0 se r\u00e9g\u00e9n\u00e9rer et la nourrit naturellement. Sa mousse onctueuse r\u00e9v\u00e8le un parfum de noix de Macadamia 100% d\u2019origine naturelle et procure un v\u00e9ritable moment de plaisir dans le bain ou sous la douche. Il convient \u00e0 toute la famille.<br \/>\n Test\u00e9 cliniquement sur peaux sensibles.<br \/>\n Sans savon.<br \/>\n 98.4 % du total des ingr\u00e9dients sont d\u2019origine naturelle.<br \/>\n 10% du total des ingr\u00e9dients sont issus de l\u2019Agriculture Biologique.<br \/>\n Cosmos Organic certifi\u00e9 par Cosm\u00e9cert selon le r\u00e9f\u00e9rentiel Cosmos.<\/p>\n<p><strong>\u2013 Rog\u00e9 Cavaill\u00e8s Lait Corps Nourrissant 400 ml est un soin corporel nourrissant<\/strong> enrichi en surgras v\u00e9g\u00e9tal pour mieux prot\u00e9ger et nourrir les peaux s\u00e8ches.<br \/>\n Sa texture non grasse et non collante p\u00e9n\u00e8tre rapidement. La peau est douce, souple, d\u00e9licatement parfum\u00e9e.<br \/>\n 97% des ingr\u00e9dients sont d\u2019origine naturelle.<\/p>\n<\/p><\/div>","protected":false},"excerpt":{"rendered":"<p>Highlights:Rog\u00e9 Cavaill\u00e8s Coffret Routine R\u00e9g\u00e9n\u00e9rante Peaux S\u00e8ches est un duo de produits pour le corps, enrichis en surgras v\u00e9g\u00e9tal pro-r\u00e9g\u00e9n\u00e9rant, pour une peau nourrie et prot\u00e9g\u00e9e.<\/p>","protected":false},"featured_media":6743,"comment_status":"open","ping_status":"closed","template":"","meta":[],"product_cat":[85],"product_tag":[],"yith_product_brand":[109],"class_list":{"0":"post-6674","1":"product","2":"type-product","3":"status-publish","4":"has-post-thumbnail","6":"product_cat-soins-corps","7":"yith_product_brand-roge-cavailles","9":"first","10":"instock","11":"sale","12":"shipping-taxable","13":"purchasable","14":"product-type-simple"},"_links":{"self":[{"href":"https:\/\/parapharmacieenligne.ma\/en\/wp-json\/wp\/v2\/product\/6674","targetHints":{"allow":["GET"]}}],"collection":[{"href":"https:\/\/parapharmacieenligne.ma\/en\/wp-json\/wp\/v2\/product"}],"about":[{"href":"https:\/\/parapharmacieenligne.ma\/en\/wp-json\/wp\/v2\/types\/product"}],"replies":[{"embeddable":true,"href":"https:\/\/parapharmacieenligne.ma\/en\/wp-json\/wp\/v2\/comments?post=6674"}],"version-history":[{"count":1,"href":"https:\/\/parapharmacieenligne.ma\/en\/wp-json\/wp\/v2\/product\/6674\/revisions"}],"predecessor-version":[{"id":6744,"href":"https:\/\/parapharmacieenligne.ma\/en\/wp-json\/wp\/v2\/product\/6674\/revisions\/6744"}],"wp:featuredmedia":[{"embeddable":true,"href":"https:\/\/parapharmacieenligne.ma\/en\/wp-json\/wp\/v2\/media\/6743"}],"wp:attachment":[{"href":"https:\/\/parapharmacieenligne.ma\/en\/wp-json\/wp\/v2\/media?parent=6674"}],"wp:term":[{"taxonomy":"product_cat","embeddable":true,"href":"https:\/\/parapharmacieenligne.ma\/en\/wp-json\/wp\/v2\/product_cat?post=6674"},{"taxonomy":"product_tag","embeddable":true,"href":"https:\/\/parapharmacieenligne.ma\/en\/wp-json\/wp\/v2\/product_tag?post=6674"},{"taxonomy":"yith_product_brand","embeddable":true,"href":"https:\/\/parapharmacieenligne.ma\/en\/wp-json\/wp\/v2\/yith_product_brand?post=6674"}],"curies":[{"name":"wp","href":"https:\/\/api.w.org\/{rel}","templated":true}]}}