{"id":6675,"date":"2026-01-25T20:55:59","date_gmt":"2026-01-25T19:55:59","guid":{"rendered":"https:\/\/parapharmacieenligne.ma\/?post_type=product&#038;p=6675"},"modified":"2026-01-25T20:57:28","modified_gmt":"2026-01-25T19:57:28","slug":"roge-cavailles-roge-cavailles-savon-surgras-extra-doux-amande-verte-31250g-pack","status":"publish","type":"product","link":"https:\/\/parapharmacieenligne.ma\/en\/product\/roge-cavailles-roge-cavailles-savon-surgras-extra-doux-amande-verte-31250g-pack\/","title":{"rendered":"Roge Cavailles Rog\u00e9 Cavaill\u00e8s Savon surgras extra doux amande verte \u2013 3+1*250g pack"},"content":{"rendered":"<div aria-labelledby=\"tab-title-description\" class=\"woocommerce-Tabs-panel woocommerce-Tabs-panel--description panel entry-content wc-tab\" id=\"tab-description\" role=\"tabpanel\" style=\"\">\n<h2>Description<\/h2>\n<p>Le savon extra doux L\u2019Original de Rog\u00e9 Cavaill\u00e8s est un savon surgras adapt\u00e9 aux peaux sensibles, id\u00e9al pour toute la famille. Les agents surgras qu\u2019il contient renforce le film hydrolipidique cutan\u00e9, la barri\u00e8re naturelle contre les agressions ext\u00e9rieures. L\u2019association de l\u2019Huile d\u2019Amande Douce et de l\u2019Huile de Noyau de P\u00eache apportent \u00e0 la peau hydratation et douceur.<\/p>\n<p>Composition : sodium tallowate, sodium palmate, sodium cocoate, aqua ,lanolin, glycerin, prunus amygdalus dulcis oil, prunus persica kernel oil, parfum, tetrasodium etidronate, tetrasodium edta, sodium citrate, sodium chloride.<\/p>\n<p>Pr\u00e9sentation : lot de 4 savons de 250g.<\/p>\n<p>Existe au Lait de rose, \u00e0 l\u2019amande verte et Fleur de coton.<\/p>\n<\/p><\/div>","protected":false},"excerpt":{"rendered":"<p>Highlights:Le savon surgras extra-doux Rog\u00e9 Cavaill\u00e8s est un soin nettoyant destin\u00e9 aux peaux sensibles, s\u00e8ches \u00e0 tr\u00e8s s\u00e8ches. Il nettoie d\u00e9licament votre peau, l\u2019hydrate et pr\u00e9vient du dess\u00e8chement cutan\u00e9. Il prot\u00e8ge la peau des agressions ext\u00e9rieures gr\u00e2ce \u00e0 ses agents surgras. Utilis\u00e9 au quotidien, votre peau est nourrie en profondeur et retrouve sa souplesse et sa douceur.<\/p>","protected":false},"featured_media":6745,"comment_status":"open","ping_status":"closed","template":"","meta":[],"product_cat":[85],"product_tag":[],"yith_product_brand":[109],"class_list":{"0":"post-6675","1":"product","2":"type-product","3":"status-publish","4":"has-post-thumbnail","6":"product_cat-soins-corps","7":"yith_product_brand-roge-cavailles","9":"first","10":"instock","11":"sale","12":"shipping-taxable","13":"purchasable","14":"product-type-simple"},"_links":{"self":[{"href":"https:\/\/parapharmacieenligne.ma\/en\/wp-json\/wp\/v2\/product\/6675","targetHints":{"allow":["GET"]}}],"collection":[{"href":"https:\/\/parapharmacieenligne.ma\/en\/wp-json\/wp\/v2\/product"}],"about":[{"href":"https:\/\/parapharmacieenligne.ma\/en\/wp-json\/wp\/v2\/types\/product"}],"replies":[{"embeddable":true,"href":"https:\/\/parapharmacieenligne.ma\/en\/wp-json\/wp\/v2\/comments?post=6675"}],"version-history":[{"count":1,"href":"https:\/\/parapharmacieenligne.ma\/en\/wp-json\/wp\/v2\/product\/6675\/revisions"}],"predecessor-version":[{"id":6746,"href":"https:\/\/parapharmacieenligne.ma\/en\/wp-json\/wp\/v2\/product\/6675\/revisions\/6746"}],"wp:featuredmedia":[{"embeddable":true,"href":"https:\/\/parapharmacieenligne.ma\/en\/wp-json\/wp\/v2\/media\/6745"}],"wp:attachment":[{"href":"https:\/\/parapharmacieenligne.ma\/en\/wp-json\/wp\/v2\/media?parent=6675"}],"wp:term":[{"taxonomy":"product_cat","embeddable":true,"href":"https:\/\/parapharmacieenligne.ma\/en\/wp-json\/wp\/v2\/product_cat?post=6675"},{"taxonomy":"product_tag","embeddable":true,"href":"https:\/\/parapharmacieenligne.ma\/en\/wp-json\/wp\/v2\/product_tag?post=6675"},{"taxonomy":"yith_product_brand","embeddable":true,"href":"https:\/\/parapharmacieenligne.ma\/en\/wp-json\/wp\/v2\/yith_product_brand?post=6675"}],"curies":[{"name":"wp","href":"https:\/\/api.w.org\/{rel}","templated":true}]}}