{"id":6679,"date":"2026-01-25T20:55:59","date_gmt":"2026-01-25T19:55:59","guid":{"rendered":"https:\/\/parapharmacieenligne.ma\/?post_type=product&#038;p=6679"},"modified":"2026-01-25T20:57:36","modified_gmt":"2026-01-25T19:57:36","slug":"roge-cavailles-soin-lavant-intime-antibacterien-lot-de-2-x-250-ml","status":"publish","type":"product","link":"https:\/\/parapharmacieenligne.ma\/en\/product\/roge-cavailles-soin-lavant-intime-antibacterien-lot-de-2-x-250-ml\/","title":{"rendered":"Rog\u00e9 Cavaill\u00e8s Soin Lavant Intime Antibact\u00e9rien Lot de 2 x 250 ml"},"content":{"rendered":"<div aria-labelledby=\"tab-title-description\" class=\"woocommerce-Tabs-panel woocommerce-Tabs-panel--description panel entry-content wc-tab\" id=\"tab-description\" role=\"tabpanel\" style=\"\">\n<h2>Description<\/h2>\n<div id=\"description\">\n<div class=\"content_zone_desc tabcontent\">\n<div id=\"type_info_prio_11_1\">\n<ul>\n<li>Une zone intime respect\u00e9e et prot\u00e9g\u00e9e : enrichie en pr\u00e9biotique, la formule sans savon nettoie en douceur et aide \u00e0 pr\u00e9venir les d\u00e9sagr\u00e9ments intimes (irritations, d\u00e9mangeaisons\u2026).<\/li>\n<li>Un moment de bien-\u00eatre gr\u00e2ce au surgras v\u00e9g\u00e9tal pro-r\u00e9g\u00e9n\u00e9rant et aux extraits de thym antibact\u00e9rien pour un confort optimal.<\/li>\n<li>Adapt\u00e9 \u00e0 toutes les muqueuses, m\u00eame sensibles, avec son pH physiologique.<\/li>\n<\/ul>\n<p>D\u00e8s 3 ans.<\/p>\n<p>Test\u00e9 gyn\u00e9cologiquement et p\u00e9diatriquement.<\/p>\n<p>97% d\u2019ingr\u00e9dients d\u2019origine naturelle.<\/p>\n<\/p><\/div>\n<\/p><\/div>\n<\/p><\/div>\n<div>\n<div class=\"bloc_depliable\">\n<div class=\"titre_zone_desc bloc_depliable_zone_click\">\n<div><strong>CONSEIL D\u2019UTILISATION :<\/strong><\/div>\n<div class=\"div_arrow_desc\"><\/div>\n<\/p><\/div>\n<div class=\"content_zone_desc bloc_depliable_cnt cnt_deplie tabcontent\">\n<div>\n<div id=\"type_info_prio_6_1\">\n<p>S\u2019utilise comme un savon liquide, une \u00e0 deux fois par jour et au quotidien. Rincer soigneusement.<\/p>\n<p>Usage externe.<\/p>\n<\/p><\/div>\n<\/p><\/div>\n<\/p><\/div>\n<\/p><\/div>\n<\/p><\/div>\n<\/p><\/div>","protected":false},"excerpt":{"rendered":"<p>Highlights:Rog\u00e9 Cavaill\u00e8s Soin Lavant Intime Antibact\u00e9rien Lot de 2 x 250 ml est un soin surgras sans savon pour l\u2019hygi\u00e8ne intime.<\/p>","protected":false},"featured_media":6753,"comment_status":"open","ping_status":"closed","template":"","meta":[],"product_cat":[85],"product_tag":[],"yith_product_brand":[109],"class_list":{"0":"post-6679","1":"product","2":"type-product","3":"status-publish","4":"has-post-thumbnail","6":"product_cat-soins-corps","7":"yith_product_brand-roge-cavailles","9":"first","10":"instock","11":"shipping-taxable","12":"product-type-simple"},"_links":{"self":[{"href":"https:\/\/parapharmacieenligne.ma\/en\/wp-json\/wp\/v2\/product\/6679","targetHints":{"allow":["GET"]}}],"collection":[{"href":"https:\/\/parapharmacieenligne.ma\/en\/wp-json\/wp\/v2\/product"}],"about":[{"href":"https:\/\/parapharmacieenligne.ma\/en\/wp-json\/wp\/v2\/types\/product"}],"replies":[{"embeddable":true,"href":"https:\/\/parapharmacieenligne.ma\/en\/wp-json\/wp\/v2\/comments?post=6679"}],"version-history":[{"count":1,"href":"https:\/\/parapharmacieenligne.ma\/en\/wp-json\/wp\/v2\/product\/6679\/revisions"}],"predecessor-version":[{"id":6754,"href":"https:\/\/parapharmacieenligne.ma\/en\/wp-json\/wp\/v2\/product\/6679\/revisions\/6754"}],"wp:featuredmedia":[{"embeddable":true,"href":"https:\/\/parapharmacieenligne.ma\/en\/wp-json\/wp\/v2\/media\/6753"}],"wp:attachment":[{"href":"https:\/\/parapharmacieenligne.ma\/en\/wp-json\/wp\/v2\/media?parent=6679"}],"wp:term":[{"taxonomy":"product_cat","embeddable":true,"href":"https:\/\/parapharmacieenligne.ma\/en\/wp-json\/wp\/v2\/product_cat?post=6679"},{"taxonomy":"product_tag","embeddable":true,"href":"https:\/\/parapharmacieenligne.ma\/en\/wp-json\/wp\/v2\/product_tag?post=6679"},{"taxonomy":"yith_product_brand","embeddable":true,"href":"https:\/\/parapharmacieenligne.ma\/en\/wp-json\/wp\/v2\/yith_product_brand?post=6679"}],"curies":[{"name":"wp","href":"https:\/\/api.w.org\/{rel}","templated":true}]}}