{"id":6692,"date":"2026-01-25T20:56:23","date_gmt":"2026-01-25T19:56:23","guid":{"rendered":"https:\/\/parapharmacieenligne.ma\/?post_type=product&#038;p=6692"},"modified":"2026-01-25T20:57:41","modified_gmt":"2026-01-25T19:57:41","slug":"roge-cavailles-dermo-uht-gel-lavant-surgras-500ml","status":"publish","type":"product","link":"https:\/\/parapharmacieenligne.ma\/en\/product\/roge-cavailles-dermo-uht-gel-lavant-surgras-500ml\/","title":{"rendered":"ROGE CAVAILLES DERMO UHT GEL LAVANT SURGRAS 500ML"},"content":{"rendered":"<div aria-labelledby=\"tab-title-description\" class=\"woocommerce-Tabs-panel woocommerce-Tabs-panel--description panel entry-content wc-tab\" id=\"tab-description\" role=\"tabpanel\" style=\"\">\n<h2>Description<\/h2>\n<p>Sp\u00e9cialement formul\u00e9 pour les peaux sensibles \u00e0 s\u00e8ches, ce Gel Lavant Surgras pour Peaux Atopiques assure un respect et une protection optimale.<\/p>\n<p>D\u00e9velopp\u00e9 avec des dermatologues, ce Gel Lavant Peaux Atopiques ne contient que des ingr\u00e9dients s\u00e9lectionn\u00e9s avec attention, notamment des agents lavants choisis pour leur douceur.<\/p>\n<p>Innovation Cavaill\u00e8s, le complexe Dermo-U.H.T. retient l\u2019eau dans les tissus et respecte le film hydrolipidique pour une hydratation imm\u00e9diate et de longue dur\u00e9e.(1)<br \/>\n Jour apr\u00e8s jour, la peau est hydrat\u00e9e et plus confortable.<\/p>\n<p><strong><strong>Conseils d\u2019Utilisation : <\/strong> <\/strong><\/p>\n<p>Appliquez le Gel Douche pour Peaux Atopiques sur votre peau pr\u00e9alablement mouill\u00e9e puis rincez d\u00e9licatement. S\u00e9chez votre peau sans frotter pour \u00e9viter de l\u2019irriter.<\/p>\n<p>(1) Hydratation imm\u00e9diate \u2013 \u00e9tude clinique de l\u2019hydratation (par corn\u00e9om\u00e9trie) sur 20 volontaires \u2013 mesure \u00e0 5 min, 1h et 2h apr\u00e8s application et rin\u00e7age.<\/p>\n<\/p><\/div>","protected":false},"excerpt":{"rendered":"<p>Highlights:Exfolie et hydrate pour adoucir et am\u00e9liorer la texture de la peau des pieds.\u2022 Besoin :Restaurer | Nourrir | Lisser | Pieds tr\u00e8s secs et ab\u00eem\u00e9s.\u2022 Ingr\u00e9dients Cl\u00e9s :C\u00e9ramides (1, 3 et 6-II) pour prot\u00e9ger et nourrir | Acide Salicylique pour exfolier en douceur | Niacinamide pour apaiser.\u2022S\u00e9curit\u00e9 :Sans Parfum | Hypoallerg\u00e9nique | Non-Com\u00e9dog\u00e8ne.\u2022 Utilisation :Appliquer g\u00e9n\u00e9reusement. Pieds.<\/p>","protected":false},"featured_media":6755,"comment_status":"open","ping_status":"closed","template":"","meta":[],"product_cat":[85],"product_tag":[],"yith_product_brand":[109],"class_list":{"0":"post-6692","1":"product","2":"type-product","3":"status-publish","4":"has-post-thumbnail","6":"product_cat-soins-corps","7":"yith_product_brand-roge-cavailles","9":"first","10":"instock","11":"sale","12":"shipping-taxable","13":"purchasable","14":"product-type-simple"},"_links":{"self":[{"href":"https:\/\/parapharmacieenligne.ma\/en\/wp-json\/wp\/v2\/product\/6692","targetHints":{"allow":["GET"]}}],"collection":[{"href":"https:\/\/parapharmacieenligne.ma\/en\/wp-json\/wp\/v2\/product"}],"about":[{"href":"https:\/\/parapharmacieenligne.ma\/en\/wp-json\/wp\/v2\/types\/product"}],"replies":[{"embeddable":true,"href":"https:\/\/parapharmacieenligne.ma\/en\/wp-json\/wp\/v2\/comments?post=6692"}],"version-history":[{"count":1,"href":"https:\/\/parapharmacieenligne.ma\/en\/wp-json\/wp\/v2\/product\/6692\/revisions"}],"predecessor-version":[{"id":6756,"href":"https:\/\/parapharmacieenligne.ma\/en\/wp-json\/wp\/v2\/product\/6692\/revisions\/6756"}],"wp:featuredmedia":[{"embeddable":true,"href":"https:\/\/parapharmacieenligne.ma\/en\/wp-json\/wp\/v2\/media\/6755"}],"wp:attachment":[{"href":"https:\/\/parapharmacieenligne.ma\/en\/wp-json\/wp\/v2\/media?parent=6692"}],"wp:term":[{"taxonomy":"product_cat","embeddable":true,"href":"https:\/\/parapharmacieenligne.ma\/en\/wp-json\/wp\/v2\/product_cat?post=6692"},{"taxonomy":"product_tag","embeddable":true,"href":"https:\/\/parapharmacieenligne.ma\/en\/wp-json\/wp\/v2\/product_tag?post=6692"},{"taxonomy":"yith_product_brand","embeddable":true,"href":"https:\/\/parapharmacieenligne.ma\/en\/wp-json\/wp\/v2\/yith_product_brand?post=6692"}],"curies":[{"name":"wp","href":"https:\/\/api.w.org\/{rel}","templated":true}]}}