{"id":6693,"date":"2026-01-25T20:56:23","date_gmt":"2026-01-25T19:56:23","guid":{"rendered":"https:\/\/parapharmacieenligne.ma\/?post_type=product&#038;p=6693"},"modified":"2026-01-25T20:57:44","modified_gmt":"2026-01-25T19:57:44","slug":"roge-cavailles-dermo-uht-creme-lavante-surgras-500ml","status":"publish","type":"product","link":"https:\/\/parapharmacieenligne.ma\/en\/product\/roge-cavailles-dermo-uht-creme-lavante-surgras-500ml\/","title":{"rendered":"ROGE CAVAILLES DERMO UHT CR\u00c8ME LAVANTE SURGRAS 500ML"},"content":{"rendered":"<div aria-labelledby=\"tab-title-description\" class=\"woocommerce-Tabs-panel woocommerce-Tabs-panel--description panel entry-content wc-tab\" id=\"tab-description\" role=\"tabpanel\" style=\"\">\n<h2>Description<\/h2>\n<p>Sp\u00e9cialement formul\u00e9e pour les peaux s\u00e8ches \u00e0 tr\u00e8s s\u00e8ches, cette Cr\u00e8me Lavante Surgras pour Peaux Tr\u00e8s S\u00e8ches et Atopiques assure un respect et une protection optimale.<\/p>\n<p>D\u00e9velopp\u00e9 avec des dermatologues, ce Soin Peau Atopique ne contient que des ingr\u00e9dients s\u00e9lectionn\u00e9s avec attention, notamment des agents lavants choisis pour leur douceur.<\/p>\n<p>Gr\u00e2ce au complexe Dermo-U.H.T. associ\u00e9 au Beurre d\u2019Illip\u00e9 riche en acides gras naturels, cette Cr\u00e8me pour Peaux Tr\u00e8s S\u00e8ches et Atopiques fond sur la peau et aide \u00e0 prot\u00e9ger efficacement du dess\u00e8chement cutan\u00e9.<\/p>\n<p>Ce complexe garantit une hydratation imm\u00e9diate et de longue dur\u00e9e.(1) Jour apr\u00e8s jour, la peau est nourrie et plus confortable.<\/p>\n<p><strong><strong>Conseils d\u2019Utilisation : <\/strong> <\/strong><\/p>\n<p>Appliquez la Cr\u00e8me pour Peaux Tr\u00e8s S\u00e8ches et Atopiques sur votre peau pr\u00e9alablement mouill\u00e9e puis rincez d\u00e9licatement. S\u00e9chez votre peau sans frotter pour \u00e9viter de l\u2019irriter.<\/p>\n<p>(1) Hydratation imm\u00e9diate \u2013 \u00e9tude clinique de l\u2019hydratation (par corn\u00e9om\u00e9trie) sur 20 volontaires \u2013 mesure \u00e0 5 min, 1h et 2h apr\u00e8s application et rin\u00e7age.<\/p>\n<\/p><\/div>","protected":false},"excerpt":{"rendered":"<p>Highlights:\u2022 NOURRITgr\u00e2ce au trio lipidique v\u00e9g\u00e9tal et S\u00e9lectiose.\u2022 PROT\u00c8GEet offre une hydratation 48h*.\u2022 R\u00c9PAREet restaure la barri\u00e8re cutan\u00e9e.<\/p>","protected":false},"featured_media":6757,"comment_status":"open","ping_status":"closed","template":"","meta":[],"product_cat":[85],"product_tag":[],"yith_product_brand":[109],"class_list":{"0":"post-6693","1":"product","2":"type-product","3":"status-publish","4":"has-post-thumbnail","6":"product_cat-soins-corps","7":"yith_product_brand-roge-cavailles","9":"first","10":"instock","11":"sale","12":"shipping-taxable","13":"purchasable","14":"product-type-simple"},"_links":{"self":[{"href":"https:\/\/parapharmacieenligne.ma\/en\/wp-json\/wp\/v2\/product\/6693","targetHints":{"allow":["GET"]}}],"collection":[{"href":"https:\/\/parapharmacieenligne.ma\/en\/wp-json\/wp\/v2\/product"}],"about":[{"href":"https:\/\/parapharmacieenligne.ma\/en\/wp-json\/wp\/v2\/types\/product"}],"replies":[{"embeddable":true,"href":"https:\/\/parapharmacieenligne.ma\/en\/wp-json\/wp\/v2\/comments?post=6693"}],"version-history":[{"count":1,"href":"https:\/\/parapharmacieenligne.ma\/en\/wp-json\/wp\/v2\/product\/6693\/revisions"}],"predecessor-version":[{"id":6758,"href":"https:\/\/parapharmacieenligne.ma\/en\/wp-json\/wp\/v2\/product\/6693\/revisions\/6758"}],"wp:featuredmedia":[{"embeddable":true,"href":"https:\/\/parapharmacieenligne.ma\/en\/wp-json\/wp\/v2\/media\/6757"}],"wp:attachment":[{"href":"https:\/\/parapharmacieenligne.ma\/en\/wp-json\/wp\/v2\/media?parent=6693"}],"wp:term":[{"taxonomy":"product_cat","embeddable":true,"href":"https:\/\/parapharmacieenligne.ma\/en\/wp-json\/wp\/v2\/product_cat?post=6693"},{"taxonomy":"product_tag","embeddable":true,"href":"https:\/\/parapharmacieenligne.ma\/en\/wp-json\/wp\/v2\/product_tag?post=6693"},{"taxonomy":"yith_product_brand","embeddable":true,"href":"https:\/\/parapharmacieenligne.ma\/en\/wp-json\/wp\/v2\/yith_product_brand?post=6693"}],"curies":[{"name":"wp","href":"https:\/\/api.w.org\/{rel}","templated":true}]}}