{"id":6694,"date":"2026-01-25T20:56:23","date_gmt":"2026-01-25T19:56:23","guid":{"rendered":"https:\/\/parapharmacieenligne.ma\/?post_type=product&#038;p=6694"},"modified":"2026-01-25T20:57:46","modified_gmt":"2026-01-25T19:57:46","slug":"roge-cavailles-soin-toilette-intime-naturel-fraicheur-500ml","status":"publish","type":"product","link":"https:\/\/parapharmacieenligne.ma\/en\/product\/roge-cavailles-soin-toilette-intime-naturel-fraicheur-500ml\/","title":{"rendered":"ROGE CAVAILLES SOIN TOILETTE INTIME NATUREL FRAICHEUR 500ML"},"content":{"rendered":"<div aria-labelledby=\"tab-title-description\" class=\"woocommerce-Tabs-panel woocommerce-Tabs-panel--description panel entry-content wc-tab\" id=\"tab-description\" role=\"tabpanel\" style=\"\">\n<h2>Description<\/h2>\n<p>Le nouveau <strong>soin intime<\/strong> Rog\u00e9 Cavaill\u00e8s fraicheur 500ml respecte l\u2019<strong>\u00e9quilibre intime<\/strong> gr\u00e2ce \u00e0 sa formule \u00e0 97% d\u2019<strong>origine naturelle<\/strong> enrichie en pr\u00e9biotiques et son <strong>pH physiologique<\/strong>. Les bienfaits des extraits de menthe rafraichissante aident \u00e0 pr\u00e9venir l\u2019apparition des odeurs g\u00eanantes tout au long de la journ\u00e9e. Ce produit est recommand\u00e9 par les <strong>gyn\u00e9cologues<\/strong> pour un bien-\u00eatre continu des <strong>muqueuses<\/strong>.<\/p>\n<p><strong><strong>Conseils d\u2019Utilisation : <\/strong> <\/strong><\/p>\n<div class=\"product-tabs\">\n<div class=\"std new-std\">\n<p>Pour un usage externe des <strong>parties intimes<\/strong>, une \u00e0 deux fois par jour appliquer sur la zone et rincez d\u00e9licatement.<\/p>\n<\/p><\/div>\n<\/p><\/div>\n<div class=\"product-tabs\"><\/div>\n<\/p><\/div>","protected":false},"excerpt":{"rendered":"<p>Highlights:Gel nettoyant doux pour toilette intime<\/p>","protected":false},"featured_media":6759,"comment_status":"open","ping_status":"closed","template":"","meta":[],"product_cat":[85],"product_tag":[],"yith_product_brand":[109],"class_list":{"0":"post-6694","1":"product","2":"type-product","3":"status-publish","4":"has-post-thumbnail","6":"product_cat-soins-corps","7":"yith_product_brand-roge-cavailles","9":"first","10":"instock","11":"sale","12":"shipping-taxable","13":"purchasable","14":"product-type-simple"},"_links":{"self":[{"href":"https:\/\/parapharmacieenligne.ma\/en\/wp-json\/wp\/v2\/product\/6694","targetHints":{"allow":["GET"]}}],"collection":[{"href":"https:\/\/parapharmacieenligne.ma\/en\/wp-json\/wp\/v2\/product"}],"about":[{"href":"https:\/\/parapharmacieenligne.ma\/en\/wp-json\/wp\/v2\/types\/product"}],"replies":[{"embeddable":true,"href":"https:\/\/parapharmacieenligne.ma\/en\/wp-json\/wp\/v2\/comments?post=6694"}],"version-history":[{"count":1,"href":"https:\/\/parapharmacieenligne.ma\/en\/wp-json\/wp\/v2\/product\/6694\/revisions"}],"predecessor-version":[{"id":6760,"href":"https:\/\/parapharmacieenligne.ma\/en\/wp-json\/wp\/v2\/product\/6694\/revisions\/6760"}],"wp:featuredmedia":[{"embeddable":true,"href":"https:\/\/parapharmacieenligne.ma\/en\/wp-json\/wp\/v2\/media\/6759"}],"wp:attachment":[{"href":"https:\/\/parapharmacieenligne.ma\/en\/wp-json\/wp\/v2\/media?parent=6694"}],"wp:term":[{"taxonomy":"product_cat","embeddable":true,"href":"https:\/\/parapharmacieenligne.ma\/en\/wp-json\/wp\/v2\/product_cat?post=6694"},{"taxonomy":"product_tag","embeddable":true,"href":"https:\/\/parapharmacieenligne.ma\/en\/wp-json\/wp\/v2\/product_tag?post=6694"},{"taxonomy":"yith_product_brand","embeddable":true,"href":"https:\/\/parapharmacieenligne.ma\/en\/wp-json\/wp\/v2\/yith_product_brand?post=6694"}],"curies":[{"name":"wp","href":"https:\/\/api.w.org\/{rel}","templated":true}]}}