{"id":6717,"date":"2026-01-25T20:56:50","date_gmt":"2026-01-25T19:56:50","guid":{"rendered":"https:\/\/parapharmacieenligne.ma\/?post_type=product&#038;p=6717"},"modified":"2026-01-25T20:57:58","modified_gmt":"2026-01-25T19:57:58","slug":"roge-cavailles-deo-absorb-efficacite-48h-roll-on-50ml","status":"publish","type":"product","link":"https:\/\/parapharmacieenligne.ma\/en\/product\/roge-cavailles-deo-absorb-efficacite-48h-roll-on-50ml\/","title":{"rendered":"ROGE CAVAILLES D\u00c9O ABSORB+ EFFICACIT\u00c9 48H ROLL-ON 50ML"},"content":{"rendered":"<div aria-labelledby=\"tab-title-description\" class=\"woocommerce-Tabs-panel woocommerce-Tabs-panel--description panel entry-content wc-tab\" id=\"tab-description\" role=\"tabpanel\" style=\"\">\n<h2>Description<\/h2>\n<p>Ce D\u00e9odorant Bille agit durablement contre les pics de transpiration et neutralise les mauvaises odeurs. Cet Anti-Transpirant Femme laisse sur votre peau un parfum frais et agr\u00e9able tout au long de la journ\u00e9e.<br \/>\n Gr\u00e2ce \u00e0 sa formule enrichie en actifs 5x plus absorbants que le talc, ce D\u00e9dodorant Bille agit en profondeur afin de pr\u00e9venir l\u2019apparition d\u2019aur\u00e9oles et de mauvaises odeurs lors des pics de transpiration.<br \/>\n Cet Anti Transpirant Femme est respectueux des peaux sensibles et laisse vos aisselles douces tout au long de la journ\u00e9e.<br \/>\n Appliquez quotidiennement sur des aisselles propres et s\u00e8ches.<\/p>\n<\/p><\/div>","protected":false},"excerpt":{"rendered":"<p>Highlights:Le Baume relipidant XeraCalm A.D nourrit les peaux tr\u00e8s s\u00e8ches et apaise les sensations de d\u00e9mangeaisons du nourrisson, de l\u2019enfant et de l\u2019adulte.<\/p>","protected":false},"featured_media":6769,"comment_status":"open","ping_status":"closed","template":"","meta":[],"product_cat":[85],"product_tag":[],"yith_product_brand":[109],"class_list":{"0":"post-6717","1":"product","2":"type-product","3":"status-publish","4":"has-post-thumbnail","6":"product_cat-soins-corps","7":"yith_product_brand-roge-cavailles","9":"first","10":"instock","11":"sale","12":"shipping-taxable","13":"purchasable","14":"product-type-simple"},"_links":{"self":[{"href":"https:\/\/parapharmacieenligne.ma\/en\/wp-json\/wp\/v2\/product\/6717","targetHints":{"allow":["GET"]}}],"collection":[{"href":"https:\/\/parapharmacieenligne.ma\/en\/wp-json\/wp\/v2\/product"}],"about":[{"href":"https:\/\/parapharmacieenligne.ma\/en\/wp-json\/wp\/v2\/types\/product"}],"replies":[{"embeddable":true,"href":"https:\/\/parapharmacieenligne.ma\/en\/wp-json\/wp\/v2\/comments?post=6717"}],"version-history":[{"count":1,"href":"https:\/\/parapharmacieenligne.ma\/en\/wp-json\/wp\/v2\/product\/6717\/revisions"}],"predecessor-version":[{"id":6770,"href":"https:\/\/parapharmacieenligne.ma\/en\/wp-json\/wp\/v2\/product\/6717\/revisions\/6770"}],"wp:featuredmedia":[{"embeddable":true,"href":"https:\/\/parapharmacieenligne.ma\/en\/wp-json\/wp\/v2\/media\/6769"}],"wp:attachment":[{"href":"https:\/\/parapharmacieenligne.ma\/en\/wp-json\/wp\/v2\/media?parent=6717"}],"wp:term":[{"taxonomy":"product_cat","embeddable":true,"href":"https:\/\/parapharmacieenligne.ma\/en\/wp-json\/wp\/v2\/product_cat?post=6717"},{"taxonomy":"product_tag","embeddable":true,"href":"https:\/\/parapharmacieenligne.ma\/en\/wp-json\/wp\/v2\/product_tag?post=6717"},{"taxonomy":"yith_product_brand","embeddable":true,"href":"https:\/\/parapharmacieenligne.ma\/en\/wp-json\/wp\/v2\/yith_product_brand?post=6717"}],"curies":[{"name":"wp","href":"https:\/\/api.w.org\/{rel}","templated":true}]}}