{"id":6718,"date":"2026-01-25T20:56:50","date_gmt":"2026-01-25T19:56:50","guid":{"rendered":"https:\/\/parapharmacieenligne.ma\/?post_type=product&#038;p=6718"},"modified":"2026-01-25T20:58:01","modified_gmt":"2026-01-25T19:58:01","slug":"roge-cavailles-creme-intime-apaisante-mycolea-50ml","status":"publish","type":"product","link":"https:\/\/parapharmacieenligne.ma\/en\/product\/roge-cavailles-creme-intime-apaisante-mycolea-50ml\/","title":{"rendered":"ROGE CAVAILLES CR\u00c8ME INTIME APAISANTE MYCOLEA+ 50ML"},"content":{"rendered":"<div aria-labelledby=\"tab-title-description\" class=\"woocommerce-Tabs-panel woocommerce-Tabs-panel--description panel entry-content wc-tab\" id=\"tab-description\" role=\"tabpanel\" style=\"\">\n<h2>Description<\/h2>\n<p>D\u00e9velopp\u00e9e avec des gyn\u00e9cologues, la Cr\u00e8me Irritation Intime Mycolea+TM procure une action imm\u00e9diate et durable jusqu\u2019\u00e0 24 heures* pour soulager des d\u00e9mangeaisons intimes.<\/p>\n<p>Avec son complexe exclusif (extrait de margousier, antifongique d\u2019origine naturelle, et calendula encapsul\u00e9), cette Cr\u00e8me D\u00e9mangeaisons Intimes aide \u00e0 calmer efficacement les muqueuses irrit\u00e9es et \u00e0 r\u00e9tablir le bien-\u00eatre intime.<\/p>\n<p>La Cr\u00e8me Irritation Intime s\u2019applique pendant une semaine, apr\u00e8s la toilette ou \u00e0 tout moment de la journ\u00e9e, sur peau s\u00e8che. Massez jusqu\u2019\u00e0 absorption compl\u00e8te. Elle n\u2019est pas compatible avec l\u2019emploi de pr\u00e9servatifs. Elle ne doit pas \u00eatre appliqu\u00e9e sur une peau l\u00e9s\u00e9e. En cas de rougeurs persistantes, consultez un m\u00e9decin.<br \/>\n Pour un r\u00e9sultat optimal en p\u00e9riodes d\u2019irritations intimes, utilisez en compl\u00e9ment le Soin toilette intime Mycolea+TM<\/p>\n<p>* Etude clinique, r\u00e9alis\u00e9e sur 22 femmes ayant les muqueuses irrit\u00e9es : auto-\u00e9valuation, d\u00e9clarant un soulagement imm\u00e9diat et jusqu\u2019\u00e0 24 heures apr\u00e8s application, apr\u00e8s 7 jours<\/p>\n<\/p><\/div>","protected":false},"excerpt":{"rendered":"<p>Highlights:Cr\u00e8me D\u00e9mangeaisons Intimes : Mycolea+TM<\/p>","protected":false},"featured_media":6771,"comment_status":"open","ping_status":"closed","template":"","meta":[],"product_cat":[85],"product_tag":[],"yith_product_brand":[109],"class_list":{"0":"post-6718","1":"product","2":"type-product","3":"status-publish","4":"has-post-thumbnail","6":"product_cat-soins-corps","7":"yith_product_brand-roge-cavailles","9":"first","10":"instock","11":"sale","12":"shipping-taxable","13":"purchasable","14":"product-type-simple"},"_links":{"self":[{"href":"https:\/\/parapharmacieenligne.ma\/en\/wp-json\/wp\/v2\/product\/6718","targetHints":{"allow":["GET"]}}],"collection":[{"href":"https:\/\/parapharmacieenligne.ma\/en\/wp-json\/wp\/v2\/product"}],"about":[{"href":"https:\/\/parapharmacieenligne.ma\/en\/wp-json\/wp\/v2\/types\/product"}],"replies":[{"embeddable":true,"href":"https:\/\/parapharmacieenligne.ma\/en\/wp-json\/wp\/v2\/comments?post=6718"}],"version-history":[{"count":1,"href":"https:\/\/parapharmacieenligne.ma\/en\/wp-json\/wp\/v2\/product\/6718\/revisions"}],"predecessor-version":[{"id":6772,"href":"https:\/\/parapharmacieenligne.ma\/en\/wp-json\/wp\/v2\/product\/6718\/revisions\/6772"}],"wp:featuredmedia":[{"embeddable":true,"href":"https:\/\/parapharmacieenligne.ma\/en\/wp-json\/wp\/v2\/media\/6771"}],"wp:attachment":[{"href":"https:\/\/parapharmacieenligne.ma\/en\/wp-json\/wp\/v2\/media?parent=6718"}],"wp:term":[{"taxonomy":"product_cat","embeddable":true,"href":"https:\/\/parapharmacieenligne.ma\/en\/wp-json\/wp\/v2\/product_cat?post=6718"},{"taxonomy":"product_tag","embeddable":true,"href":"https:\/\/parapharmacieenligne.ma\/en\/wp-json\/wp\/v2\/product_tag?post=6718"},{"taxonomy":"yith_product_brand","embeddable":true,"href":"https:\/\/parapharmacieenligne.ma\/en\/wp-json\/wp\/v2\/yith_product_brand?post=6718"}],"curies":[{"name":"wp","href":"https:\/\/api.w.org\/{rel}","templated":true}]}}