{"id":6722,"date":"2026-01-25T20:56:51","date_gmt":"2026-01-25T19:56:51","guid":{"rendered":"https:\/\/parapharmacieenligne.ma\/?post_type=product&#038;p=6722"},"modified":"2026-01-25T20:58:17","modified_gmt":"2026-01-25T19:58:17","slug":"roge-cavailles-deodorant-dermato-anti-odeurs-homme-roll-on-50ml","status":"publish","type":"product","link":"https:\/\/parapharmacieenligne.ma\/en\/product\/roge-cavailles-deodorant-dermato-anti-odeurs-homme-roll-on-50ml\/","title":{"rendered":"ROGE CAVAILLES D\u00c9ODORANT DERMATO ANTI-ODEURS HOMME ROLL ON 50ML"},"content":{"rendered":"<div aria-labelledby=\"tab-title-description\" class=\"woocommerce-Tabs-panel woocommerce-Tabs-panel--description panel entry-content wc-tab\" id=\"tab-description\" role=\"tabpanel\" style=\"\">\n<h2>Description<\/h2>\n<p>Le D\u00e9odorant Homme Sans Aluminium Anti-odeurs conjugue efficacit\u00e9 et respect des peaux sensibles. Gr\u00e2ce \u00e0 sa formule enrichie en agents ultra-absorbants et anti-bact\u00e9riens, ce D\u00e9odorant Sans Sel d\u2019Aluminium Homme garantit 48H d\u2019action contre les mauvaises odeurs et l\u2019apparition d\u2019aur\u00e9oles.<br \/>\n Il associe l\u2019Huile de riz et le bisabolol afin de satisfaire les peaux s\u00e8ches et sensibles. Sa formule substilement parfum\u00e9e vous dispense une sensation de fra\u00eecheur efficace et longue dur\u00e9e.<br \/>\n Appliquez quotidiennement notre D\u00e9odorant Homme Sans Aluminium sur des aisselles propres et s\u00e8ches.<br \/>\n Laissez s\u00e9cher quelques instants avant de vous habiller.<\/p>\n<p><strong>INGR\u00c9DIENTS :<\/strong><\/p>\n<p>HUILE DE RIZ : Agent \u00e9mollient (adoucit et assouplit la peau) Nom INCI : Oryza Sativa Bran Oil<\/p>\n<p>BISABOLOL : Le bisabolol est un actif doux pour la peau et tr\u00e8s efficace. Il est particuli\u00e8rement reconnu pour ses propri\u00e9t\u00e9s apaisantes et r\u00e9paratrices. C\u2019est pourquoi il est tr\u00e8s utilis\u00e9 dans les produits pour peaux sensibles, produits apr\u00e8s-soleil etc. Nom INCI : Bisabolol<\/p>\n<\/p><\/div>","protected":false},"excerpt":{"rendered":"<p>Highlights:VICHY HOMME Gel de Rasage Anti-Irritations nourrit et apaise la peau tout en la prot\u00e9geant efficacement, pour un confort optimal.\u2022 Besoin :Rougeurs ou irritations post-rasage | Peaux sensibles.\u2022 Ingr\u00e9dients Cl\u00e9s :Calcium Dermo-Assimilable pour fortifier | Vitamine C Glucosyl\u00e9e pour prot\u00e9ger | Acide Salicylique pour pr\u00e9venir les inflammations.\u2022S\u00e9curit\u00e9 :Hypoallerg\u00e9nique | Sans Alcool | Sans Parab\u00e8ne.\u2022 Utilisation :Appliquer sur une peau humide et nettoy\u00e9e. Visage.<\/p>","protected":false},"featured_media":6779,"comment_status":"open","ping_status":"closed","template":"","meta":[],"product_cat":[85],"product_tag":[],"yith_product_brand":[109],"class_list":{"0":"post-6722","1":"product","2":"type-product","3":"status-publish","4":"has-post-thumbnail","6":"product_cat-soins-corps","7":"yith_product_brand-roge-cavailles","9":"first","10":"instock","11":"sale","12":"shipping-taxable","13":"purchasable","14":"product-type-simple"},"_links":{"self":[{"href":"https:\/\/parapharmacieenligne.ma\/en\/wp-json\/wp\/v2\/product\/6722","targetHints":{"allow":["GET"]}}],"collection":[{"href":"https:\/\/parapharmacieenligne.ma\/en\/wp-json\/wp\/v2\/product"}],"about":[{"href":"https:\/\/parapharmacieenligne.ma\/en\/wp-json\/wp\/v2\/types\/product"}],"replies":[{"embeddable":true,"href":"https:\/\/parapharmacieenligne.ma\/en\/wp-json\/wp\/v2\/comments?post=6722"}],"version-history":[{"count":1,"href":"https:\/\/parapharmacieenligne.ma\/en\/wp-json\/wp\/v2\/product\/6722\/revisions"}],"predecessor-version":[{"id":6780,"href":"https:\/\/parapharmacieenligne.ma\/en\/wp-json\/wp\/v2\/product\/6722\/revisions\/6780"}],"wp:featuredmedia":[{"embeddable":true,"href":"https:\/\/parapharmacieenligne.ma\/en\/wp-json\/wp\/v2\/media\/6779"}],"wp:attachment":[{"href":"https:\/\/parapharmacieenligne.ma\/en\/wp-json\/wp\/v2\/media?parent=6722"}],"wp:term":[{"taxonomy":"product_cat","embeddable":true,"href":"https:\/\/parapharmacieenligne.ma\/en\/wp-json\/wp\/v2\/product_cat?post=6722"},{"taxonomy":"product_tag","embeddable":true,"href":"https:\/\/parapharmacieenligne.ma\/en\/wp-json\/wp\/v2\/product_tag?post=6722"},{"taxonomy":"yith_product_brand","embeddable":true,"href":"https:\/\/parapharmacieenligne.ma\/en\/wp-json\/wp\/v2\/yith_product_brand?post=6722"}],"curies":[{"name":"wp","href":"https:\/\/api.w.org\/{rel}","templated":true}]}}