{"id":6723,"date":"2026-01-25T20:56:52","date_gmt":"2026-01-25T19:56:52","guid":{"rendered":"https:\/\/parapharmacieenligne.ma\/?post_type=product&#038;p=6723"},"modified":"2026-01-25T20:58:22","modified_gmt":"2026-01-25T19:58:22","slug":"roge-cavailles-deo-soin-dermato-roll-on-sans-sels-daluminium-50ml","status":"publish","type":"product","link":"https:\/\/parapharmacieenligne.ma\/en\/product\/roge-cavailles-deo-soin-dermato-roll-on-sans-sels-daluminium-50ml\/","title":{"rendered":"ROGE CAVAILLES D\u00c9O SOIN DERMATO ROLL-ON SANS SELS D\u2019ALUMINIUM 50ML"},"content":{"rendered":"<div aria-labelledby=\"tab-title-description\" class=\"woocommerce-Tabs-panel woocommerce-Tabs-panel--description panel entry-content wc-tab\" id=\"tab-description\" role=\"tabpanel\" style=\"\">\n<h2>Description<\/h2>\n<section class=\"wpb-content-wrapper\">\n<p>D\u00e9couvrez le D\u00e9o-Soin Dermato Roll-on !<br \/>\n Sa formule enrichie en micro-talc absorbant aide \u00e0 lutter contre l\u2019humidit\u00e9 d\u00e8s sa formation.<br \/>\n Sans sels d\u2019aluminium, il respecte parfaitement la peau, tout en assurant une vraie efficacit\u00e9 toute la journ\u00e9e contre les odeurs.<br \/>\n Avec son parfum frais, il laisse votre peau saine et fra\u00eeche tout au long de la journ\u00e9e !<\/p>\n<p><strong><strong>Conseils d\u2019Utilisation : <\/strong> <\/strong><\/p>\n<div class=\"wpb_row vc_row vc_row-fluid mk-fullwidth-false attched-false vc_row-fluid mpc-row\">\n<div class=\"vc_col-sm-9 wpb_column column_container mpc-column\" data-column-id=\"mpc_column-425f78acc8be8f8\">\n<div class=\"vc_tta-container\" data-vc-action=\"collapse\">\n<div class=\"vc_general vc_tta vc_tta-tabs vc_tta-color-sandy-brown vc_tta-style-modern vc_tta-shape-rounded vc_tta-spacing-1 vc_tta-tabs-position-top vc_tta-controls-align-left vc_custom_1478626840921\">\n<div class=\"vc_tta-panels-container\">\n<div class=\"vc_tta-panels\">\n<div class=\"vc_tta-panel vc_active\" data-vc-content=\".vc_tta-panel-body\" id=\"1478609047703-a33c3731-84d0\">\n<div class=\"vc_tta-panel-body\">\n<div class=\"mk-text-block true\">\n<p class=\"p1\">Appliquez quotidiennement sur des aisselles propres et s\u00e8ches.<br \/>\n Laissez s\u00e9cher quelques instants avant de vous habiller.<\/p>\n<div class=\"clearboth\"><strong>TOLERANCE :<\/strong><\/div>\n<\/p><\/div>\n<\/p><\/div>\n<\/p><\/div>\n<\/p><\/div>\n<\/p><\/div>\n<\/p><\/div>\n<\/p><\/div>\n<\/p><\/div>\n<\/p><\/div>\n<div class=\"wpb_row vc_row vc_row-fluid mk-fullwidth-false attched-false vc_row-fluid mpc-row\">Hypoallerg\u00e9nique, il est formul\u00e9 sans sels d\u2019aluminium, sans alcool et sans paraben. Haute tol\u00e9rance cliniquement test\u00e9e par des dermatologues.<\/div>\n<\/section><\/div>","protected":false},"excerpt":{"rendered":"<p>Highlights:\u2022 R\u00c9PARATION* des mains irrit\u00e9es par le froid, les lavages r\u00e9p\u00e9t\u00e9s et l\u2019application fr\u00e9quente de solution hydroalcoolique. Le Sucralfate, actif original, favorise la r\u00e9paration de l\u2019\u00e9piderme.\u2022 APAISEMENT des irritations, sensations de br\u00fblure et tiraillements. Riche en Eau thermale d\u2019Av\u00e8ne, Cicalfate MAINS Cr\u00e8me r\u00e9paratrice isolante apaise rapidement les \u00e9pidermes fragilis\u00e9s.\u2022 ASSAINISSEMENT des ger\u00e7ures et irritations, gr\u00e2ce \u00e0 des agents antibact\u00e9riens, sulfates de cuivre et de zinc, qui limitent le risque de prolif\u00e9ration bact\u00e9rienne. Sans parfum, Cicalfate MAINS Cr\u00e8me r\u00e9paratrice isolante s\u2019applique et p\u00e9n\u00e8tre en un instant.<\/p>","protected":false},"featured_media":6781,"comment_status":"open","ping_status":"closed","template":"","meta":[],"product_cat":[85],"product_tag":[],"yith_product_brand":[109],"class_list":{"0":"post-6723","1":"product","2":"type-product","3":"status-publish","4":"has-post-thumbnail","6":"product_cat-soins-corps","7":"yith_product_brand-roge-cavailles","9":"first","10":"instock","11":"sale","12":"shipping-taxable","13":"purchasable","14":"product-type-simple"},"_links":{"self":[{"href":"https:\/\/parapharmacieenligne.ma\/en\/wp-json\/wp\/v2\/product\/6723","targetHints":{"allow":["GET"]}}],"collection":[{"href":"https:\/\/parapharmacieenligne.ma\/en\/wp-json\/wp\/v2\/product"}],"about":[{"href":"https:\/\/parapharmacieenligne.ma\/en\/wp-json\/wp\/v2\/types\/product"}],"replies":[{"embeddable":true,"href":"https:\/\/parapharmacieenligne.ma\/en\/wp-json\/wp\/v2\/comments?post=6723"}],"version-history":[{"count":1,"href":"https:\/\/parapharmacieenligne.ma\/en\/wp-json\/wp\/v2\/product\/6723\/revisions"}],"predecessor-version":[{"id":6782,"href":"https:\/\/parapharmacieenligne.ma\/en\/wp-json\/wp\/v2\/product\/6723\/revisions\/6782"}],"wp:featuredmedia":[{"embeddable":true,"href":"https:\/\/parapharmacieenligne.ma\/en\/wp-json\/wp\/v2\/media\/6781"}],"wp:attachment":[{"href":"https:\/\/parapharmacieenligne.ma\/en\/wp-json\/wp\/v2\/media?parent=6723"}],"wp:term":[{"taxonomy":"product_cat","embeddable":true,"href":"https:\/\/parapharmacieenligne.ma\/en\/wp-json\/wp\/v2\/product_cat?post=6723"},{"taxonomy":"product_tag","embeddable":true,"href":"https:\/\/parapharmacieenligne.ma\/en\/wp-json\/wp\/v2\/product_tag?post=6723"},{"taxonomy":"yith_product_brand","embeddable":true,"href":"https:\/\/parapharmacieenligne.ma\/en\/wp-json\/wp\/v2\/yith_product_brand?post=6723"}],"curies":[{"name":"wp","href":"https:\/\/api.w.org\/{rel}","templated":true}]}}