{"id":6724,"date":"2026-01-25T20:56:52","date_gmt":"2026-01-25T19:56:52","guid":{"rendered":"https:\/\/parapharmacieenligne.ma\/?post_type=product&#038;p=6724"},"modified":"2026-01-25T20:58:25","modified_gmt":"2026-01-25T19:58:25","slug":"roge-cavailles-deo-intense-lp-roll-on-40ml","status":"publish","type":"product","link":"https:\/\/parapharmacieenligne.ma\/en\/product\/roge-cavailles-deo-intense-lp-roll-on-40ml\/","title":{"rendered":"Rog\u00e9 Cavaill\u00e8s D\u00c9O INTENSE LP ROLL-ON 40ml"},"content":{"rendered":"<div aria-labelledby=\"tab-title-description\" class=\"woocommerce-Tabs-panel woocommerce-Tabs-panel--description panel entry-content wc-tab\" id=\"tab-description\" role=\"tabpanel\" style=\"\">\n<h2>Description<\/h2>\n<p>Ce D\u00e9odorant Transpiration Excessive est la solution pour lutter contre la transpiration excessive. Avec sa formule haute tol\u00e9rance, ce D\u00e9odorant Anti-Transpirant permet de concilier efficacit\u00e9 et douceur.<br \/>\n Son complexe innovant et exclusif int\u00e8gre des microcapsules qui lib\u00e8rent leurs actifs en continu pour une efficacit\u00e9 durable.<br \/>\n Sa formule \u00e0 lib\u00e9ration prolong\u00e9e aide \u00e0 contr\u00f4ler le flux de transpiration des glandes sudoripares tout au long de la journ\u00e9e.<\/p>\n<p><strong><strong>Conseils d\u2019Utilisation : <\/strong> <\/strong><br \/>\n Appliquez quotidiennement ce D\u00e9odorant Transpiration Excessive sur des aisselles propres et s\u00e8ches.<\/p>\n<\/p><\/div>","protected":false},"excerpt":{"rendered":"<p>Highlights:L\u2019huile lavant \u00e9molliente, nettoie et soulage les peaux fragiles s\u00e8ches \u00e0 tendance \u00e0 l\u2019\u00e9cz\u00e9ma atopique<\/p>","protected":false},"featured_media":6783,"comment_status":"open","ping_status":"closed","template":"","meta":[],"product_cat":[85],"product_tag":[],"yith_product_brand":[109],"class_list":{"0":"post-6724","1":"product","2":"type-product","3":"status-publish","4":"has-post-thumbnail","6":"product_cat-soins-corps","7":"yith_product_brand-roge-cavailles","9":"first","10":"instock","11":"sale","12":"shipping-taxable","13":"purchasable","14":"product-type-simple"},"_links":{"self":[{"href":"https:\/\/parapharmacieenligne.ma\/en\/wp-json\/wp\/v2\/product\/6724","targetHints":{"allow":["GET"]}}],"collection":[{"href":"https:\/\/parapharmacieenligne.ma\/en\/wp-json\/wp\/v2\/product"}],"about":[{"href":"https:\/\/parapharmacieenligne.ma\/en\/wp-json\/wp\/v2\/types\/product"}],"replies":[{"embeddable":true,"href":"https:\/\/parapharmacieenligne.ma\/en\/wp-json\/wp\/v2\/comments?post=6724"}],"version-history":[{"count":1,"href":"https:\/\/parapharmacieenligne.ma\/en\/wp-json\/wp\/v2\/product\/6724\/revisions"}],"predecessor-version":[{"id":6784,"href":"https:\/\/parapharmacieenligne.ma\/en\/wp-json\/wp\/v2\/product\/6724\/revisions\/6784"}],"wp:featuredmedia":[{"embeddable":true,"href":"https:\/\/parapharmacieenligne.ma\/en\/wp-json\/wp\/v2\/media\/6783"}],"wp:attachment":[{"href":"https:\/\/parapharmacieenligne.ma\/en\/wp-json\/wp\/v2\/media?parent=6724"}],"wp:term":[{"taxonomy":"product_cat","embeddable":true,"href":"https:\/\/parapharmacieenligne.ma\/en\/wp-json\/wp\/v2\/product_cat?post=6724"},{"taxonomy":"product_tag","embeddable":true,"href":"https:\/\/parapharmacieenligne.ma\/en\/wp-json\/wp\/v2\/product_tag?post=6724"},{"taxonomy":"yith_product_brand","embeddable":true,"href":"https:\/\/parapharmacieenligne.ma\/en\/wp-json\/wp\/v2\/yith_product_brand?post=6724"}],"curies":[{"name":"wp","href":"https:\/\/api.w.org\/{rel}","templated":true}]}}