{"id":6786,"date":"2026-01-25T21:02:25","date_gmt":"2026-01-25T20:02:25","guid":{"rendered":"https:\/\/parapharmacieenligne.ma\/?post_type=product&#038;p=6786"},"modified":"2026-01-25T21:02:39","modified_gmt":"2026-01-25T20:02:39","slug":"endocare-renewal-retinol-serum-intensif-0-5-30ml","status":"publish","type":"product","link":"https:\/\/parapharmacieenligne.ma\/en\/product\/endocare-renewal-retinol-serum-intensif-0-5-30ml\/","title":{"rendered":"Endocare Renewal Retinol Serum intensif 0.5% 30ml"},"content":{"rendered":"<div aria-labelledby=\"tab-title-description\" class=\"woocommerce-Tabs-panel woocommerce-Tabs-panel--description panel entry-content wc-tab\" id=\"tab-description\" role=\"tabpanel\" style=\"\">\n<h2>Description<\/h2>\n<p>Le s\u00e9rum \u00e0 texture anhydre formul\u00e9 avec la technologie RetinSphere\u00ae contient une forte concentration de r\u00e9tino\u00efdes dans des micro\u00e9ponges qui assurent une retexturisation intensive et un renouvellement \u00e9pidermique. R\u00e9duit visiblement les rides et ridules et unifie la texture, am\u00e9liorant ainsi l\u2019apparence et la luminosit\u00e9 de la peau.<\/p>\n<p><strong>Caract\u00e9ristiques :<\/strong><\/p>\n<p>Retexturant<br \/>\n Antirides<br \/>\n Unifie le teint<br \/>\n Test\u00e9 sous contr\u00f4le dermatologique<br \/>\n Am\u00e9liore la fermet\u00e9 de la peau<\/p>\n<p><strong>Composition :<\/strong><\/p>\n<p>Technologie RetinSphere\u00ae<br \/>\n Acide hyaluronique<br \/>\n Niacinamide<br \/>\n Ingr\u00e9dients hydratants et r\u00e9parateurs<\/p>\n<p><strong>Conseils d\u2019utilisation :<\/strong><\/p>\n<p>Appliquer le soir sur la peau nettoy\u00e9e du visage, en augmentant la fr\u00e9quence en fonction de la tol\u00e9rance, comme indiqu\u00e9 dans le programme Renouvellement ou par votre professionnel des soins de la peau. \u00c9vitez l\u2019exposition au soleil ou utilisez une photoprotection.<\/p>\n<\/p><\/div>","protected":false},"excerpt":{"rendered":"<p>Highlights:S\u00e9rum intensif au r\u00e9tinol (0,5 % de r\u00e9tinol pur)Anti-rides. Retexturation<\/p>","protected":false},"featured_media":6811,"comment_status":"open","ping_status":"closed","template":"","meta":[],"product_cat":[83],"product_tag":[],"yith_product_brand":[110],"class_list":{"0":"post-6786","1":"product","2":"type-product","3":"status-publish","4":"has-post-thumbnail","6":"product_cat-soins-visage","7":"yith_product_brand-cantabria-labs","9":"first","10":"instock","11":"sale","12":"shipping-taxable","13":"purchasable","14":"product-type-simple"},"_links":{"self":[{"href":"https:\/\/parapharmacieenligne.ma\/en\/wp-json\/wp\/v2\/product\/6786","targetHints":{"allow":["GET"]}}],"collection":[{"href":"https:\/\/parapharmacieenligne.ma\/en\/wp-json\/wp\/v2\/product"}],"about":[{"href":"https:\/\/parapharmacieenligne.ma\/en\/wp-json\/wp\/v2\/types\/product"}],"replies":[{"embeddable":true,"href":"https:\/\/parapharmacieenligne.ma\/en\/wp-json\/wp\/v2\/comments?post=6786"}],"version-history":[{"count":1,"href":"https:\/\/parapharmacieenligne.ma\/en\/wp-json\/wp\/v2\/product\/6786\/revisions"}],"predecessor-version":[{"id":6812,"href":"https:\/\/parapharmacieenligne.ma\/en\/wp-json\/wp\/v2\/product\/6786\/revisions\/6812"}],"wp:featuredmedia":[{"embeddable":true,"href":"https:\/\/parapharmacieenligne.ma\/en\/wp-json\/wp\/v2\/media\/6811"}],"wp:attachment":[{"href":"https:\/\/parapharmacieenligne.ma\/en\/wp-json\/wp\/v2\/media?parent=6786"}],"wp:term":[{"taxonomy":"product_cat","embeddable":true,"href":"https:\/\/parapharmacieenligne.ma\/en\/wp-json\/wp\/v2\/product_cat?post=6786"},{"taxonomy":"product_tag","embeddable":true,"href":"https:\/\/parapharmacieenligne.ma\/en\/wp-json\/wp\/v2\/product_tag?post=6786"},{"taxonomy":"yith_product_brand","embeddable":true,"href":"https:\/\/parapharmacieenligne.ma\/en\/wp-json\/wp\/v2\/yith_product_brand?post=6786"}],"curies":[{"name":"wp","href":"https:\/\/api.w.org\/{rel}","templated":true}]}}