{"id":6787,"date":"2026-01-25T21:02:25","date_gmt":"2026-01-25T20:02:25","guid":{"rendered":"https:\/\/parapharmacieenligne.ma\/?post_type=product&#038;p=6787"},"modified":"2026-01-25T21:02:42","modified_gmt":"2026-01-25T20:02:42","slug":"endocare-renewal-comfort-cream-50ml","status":"publish","type":"product","link":"https:\/\/parapharmacieenligne.ma\/en\/product\/endocare-renewal-comfort-cream-50ml\/","title":{"rendered":"Endocare Renewal Comfort Cream 50ml"},"content":{"rendered":"<div aria-labelledby=\"tab-title-description\" class=\"woocommerce-Tabs-panel woocommerce-Tabs-panel--description panel entry-content wc-tab\" id=\"tab-description\" role=\"tabpanel\" style=\"\">\n<h2>Description<\/h2>\n<div class=\"row\">\n<div class=\"col-xs-12\" id=\"content-wrapper\">\n<section id=\"main\">\n<div class=\"row\">\n<div class=\"col-xs-12\">\n<div class=\"tabs\">\n<div class=\"tab-content\" id=\"tab-content\">\n<div class=\"tab-pane in active\" id=\"description\" role=\"tabpanel\">\n<div class=\"product-description\">\n<p>Cr\u00e8me de confort formul\u00e9e \u00e0 base d\u2019actifs hydratants et apaisants qui aident \u00e0 soulager les peaux irrit\u00e9es. La technologie RetinSphere stimule le renouvellement naturel de l\u2019\u00e9piderme tout en assurant une haute tol\u00e9rance au traitement par r\u00e9tinol. Edafence prot\u00e8ge contre les agressions ext\u00e9rieures et renforce la barri\u00e8re cutan\u00e9e.<\/p>\n<\/p><\/div>\n<\/p><\/div>\n<\/p><\/div>\n<\/p><\/div>\n<\/p><\/div>\n<\/p><\/div>\n<footer class=\"page-footer\"><\/footer>\n<\/section><\/div>\n<\/p><\/div>\n<\/p><\/div>","protected":false},"excerpt":{"rendered":"<p>Highlights:Cr\u00e8me de confort formul\u00e9e \u00e0 base d\u2019actifs hydratants et apaisants qui aident \u00e0 soulager les peaux irrit\u00e9es.<\/p>","protected":false},"featured_media":6813,"comment_status":"open","ping_status":"closed","template":"","meta":[],"product_cat":[83],"product_tag":[],"yith_product_brand":[110],"class_list":{"0":"post-6787","1":"product","2":"type-product","3":"status-publish","4":"has-post-thumbnail","6":"product_cat-soins-visage","7":"yith_product_brand-cantabria-labs","9":"first","10":"instock","11":"sale","12":"shipping-taxable","13":"purchasable","14":"product-type-simple"},"_links":{"self":[{"href":"https:\/\/parapharmacieenligne.ma\/en\/wp-json\/wp\/v2\/product\/6787","targetHints":{"allow":["GET"]}}],"collection":[{"href":"https:\/\/parapharmacieenligne.ma\/en\/wp-json\/wp\/v2\/product"}],"about":[{"href":"https:\/\/parapharmacieenligne.ma\/en\/wp-json\/wp\/v2\/types\/product"}],"replies":[{"embeddable":true,"href":"https:\/\/parapharmacieenligne.ma\/en\/wp-json\/wp\/v2\/comments?post=6787"}],"version-history":[{"count":1,"href":"https:\/\/parapharmacieenligne.ma\/en\/wp-json\/wp\/v2\/product\/6787\/revisions"}],"predecessor-version":[{"id":6814,"href":"https:\/\/parapharmacieenligne.ma\/en\/wp-json\/wp\/v2\/product\/6787\/revisions\/6814"}],"wp:featuredmedia":[{"embeddable":true,"href":"https:\/\/parapharmacieenligne.ma\/en\/wp-json\/wp\/v2\/media\/6813"}],"wp:attachment":[{"href":"https:\/\/parapharmacieenligne.ma\/en\/wp-json\/wp\/v2\/media?parent=6787"}],"wp:term":[{"taxonomy":"product_cat","embeddable":true,"href":"https:\/\/parapharmacieenligne.ma\/en\/wp-json\/wp\/v2\/product_cat?post=6787"},{"taxonomy":"product_tag","embeddable":true,"href":"https:\/\/parapharmacieenligne.ma\/en\/wp-json\/wp\/v2\/product_tag?post=6787"},{"taxonomy":"yith_product_brand","embeddable":true,"href":"https:\/\/parapharmacieenligne.ma\/en\/wp-json\/wp\/v2\/yith_product_brand?post=6787"}],"curies":[{"name":"wp","href":"https:\/\/api.w.org\/{rel}","templated":true}]}}