{"id":6800,"date":"2026-01-25T21:02:28","date_gmt":"2026-01-25T20:02:28","guid":{"rendered":"https:\/\/parapharmacieenligne.ma\/?post_type=product&#038;p=6800"},"modified":"2026-01-25T21:03:16","modified_gmt":"2026-01-25T20:03:16","slug":"endocare-renewal-retinol-serum-02-30ml","status":"publish","type":"product","link":"https:\/\/parapharmacieenligne.ma\/en\/product\/endocare-renewal-retinol-serum-02-30ml\/","title":{"rendered":"Endocare Renewal Retinol Serum 0,2 % 30ml"},"content":{"rendered":"<div aria-labelledby=\"tab-title-description\" class=\"woocommerce-Tabs-panel woocommerce-Tabs-panel--description panel entry-content wc-tab\" id=\"tab-description\" role=\"tabpanel\" style=\"\">\n<h2>Description<\/h2>\n<p>Le s\u00e9rum \u00e0 texture anhydre formul\u00e9 avec la technologie RetinSphere\u00ae contient une forte concentration de r\u00e9tino\u00efdes dans des micro\u00e9ponges qui assurent une retexturisation intensive et un renouvellement \u00e9pidermique. R\u00e9duit visiblement les rides et ridules et unifie la texture, am\u00e9liorant ainsi l\u2019apparence et la luminosit\u00e9 de la peau.<\/p>\n<\/p><\/div>","protected":false},"excerpt":{"rendered":"<p>Highlights:RetexturationAntiridesUnifie le teintTest\u00e9 sous contr\u00f4le dermatologiqueAm\u00e9liore la fermet\u00e9 de la peau<\/p>","protected":false},"featured_media":6839,"comment_status":"open","ping_status":"closed","template":"","meta":[],"product_cat":[83],"product_tag":[],"yith_product_brand":[110],"class_list":{"0":"post-6800","1":"product","2":"type-product","3":"status-publish","4":"has-post-thumbnail","6":"product_cat-soins-visage","7":"yith_product_brand-cantabria-labs","9":"first","10":"instock","11":"sale","12":"shipping-taxable","13":"purchasable","14":"product-type-simple"},"_links":{"self":[{"href":"https:\/\/parapharmacieenligne.ma\/en\/wp-json\/wp\/v2\/product\/6800","targetHints":{"allow":["GET"]}}],"collection":[{"href":"https:\/\/parapharmacieenligne.ma\/en\/wp-json\/wp\/v2\/product"}],"about":[{"href":"https:\/\/parapharmacieenligne.ma\/en\/wp-json\/wp\/v2\/types\/product"}],"replies":[{"embeddable":true,"href":"https:\/\/parapharmacieenligne.ma\/en\/wp-json\/wp\/v2\/comments?post=6800"}],"version-history":[{"count":1,"href":"https:\/\/parapharmacieenligne.ma\/en\/wp-json\/wp\/v2\/product\/6800\/revisions"}],"predecessor-version":[{"id":6840,"href":"https:\/\/parapharmacieenligne.ma\/en\/wp-json\/wp\/v2\/product\/6800\/revisions\/6840"}],"wp:featuredmedia":[{"embeddable":true,"href":"https:\/\/parapharmacieenligne.ma\/en\/wp-json\/wp\/v2\/media\/6839"}],"wp:attachment":[{"href":"https:\/\/parapharmacieenligne.ma\/en\/wp-json\/wp\/v2\/media?parent=6800"}],"wp:term":[{"taxonomy":"product_cat","embeddable":true,"href":"https:\/\/parapharmacieenligne.ma\/en\/wp-json\/wp\/v2\/product_cat?post=6800"},{"taxonomy":"product_tag","embeddable":true,"href":"https:\/\/parapharmacieenligne.ma\/en\/wp-json\/wp\/v2\/product_tag?post=6800"},{"taxonomy":"yith_product_brand","embeddable":true,"href":"https:\/\/parapharmacieenligne.ma\/en\/wp-json\/wp\/v2\/yith_product_brand?post=6800"}],"curies":[{"name":"wp","href":"https:\/\/api.w.org\/{rel}","templated":true}]}}