{"id":6941,"date":"2026-01-25T21:26:03","date_gmt":"2026-01-25T20:26:03","guid":{"rendered":"https:\/\/parapharmacieenligne.ma\/?post_type=product&#038;p=6941"},"modified":"2026-01-25T21:26:16","modified_gmt":"2026-01-25T20:26:16","slug":"mdc-pack-hydratation-appareil-masseur-pour-visage-offert","status":"publish","type":"product","link":"https:\/\/parapharmacieenligne.ma\/en\/product\/mdc-pack-hydratation-appareil-masseur-pour-visage-offert\/","title":{"rendered":"MDC PACK Hydratation +Appareil Masseur Pour Visage Offert"},"content":{"rendered":"<div aria-labelledby=\"tab-title-description\" class=\"woocommerce-Tabs-panel woocommerce-Tabs-panel--description panel entry-content wc-tab\" id=\"tab-description\" role=\"tabpanel\" style=\"\">\n<h2>Description<\/h2>\n<p>La Cr\u00e8me Visage Hydratante Excellence Hydrating Face Cream de MDC Laboratories est sp\u00e9cialement formul\u00e9e pour maintenir la peau hydrat\u00e9e, lisse et souple. Enrichie avec 4% de vitamine B5, cette cr\u00e8me aide \u00e0 apaiser et \u00e0 renforcer la barri\u00e8re cutan\u00e9e, tout en favorisant la r\u00e9g\u00e9n\u00e9ration des cellules de la peau. L\u2019acide hyaluronique, pr\u00e9sent \u00e0 une concentration de 1%, apporte une hydratation intense, permettant \u00e0 la peau de retenir l\u2019eau et de rester hydrat\u00e9e plus longtemps.<\/p>\n<p>Conditionn\u00e9e dans un flacon-pompe pratique de 50 ml, cette cr\u00e8me assure une application hygi\u00e9nique et pr\u00e9cise, facilitant son int\u00e9gration dans votre routine de soins quotidienne. Sa texture l\u00e9g\u00e8re et non grasse convient \u00e0 tous les types de peau, offrant une sensation de confort et de fra\u00eecheur imm\u00e9diate.<\/p>\n<p>Adoptez la Cr\u00e8me Visage Hydratante Excellence Hydrating Face Cream pour une peau \u00e9clatante de sant\u00e9 et parfaitement hydrat\u00e9e. Faites de cette cr\u00e8me votre alli\u00e9e pour une peau douce, souple et visiblement revitalis\u00e9e.<\/p>\n<\/p><\/div>","protected":false},"excerpt":{"rendered":"<p>Highlights:La Cr\u00e8me Visage Hydratante Excellence Hydrating Face Cream de MDC Laboratories est sp\u00e9cialement formul\u00e9e pour maintenir la peau hydrat\u00e9e, lisse et souple.<\/p>","protected":false},"featured_media":6971,"comment_status":"open","ping_status":"closed","template":"","meta":[],"product_cat":[83],"product_tag":[],"yith_product_brand":[113],"class_list":{"0":"post-6941","1":"product","2":"type-product","3":"status-publish","4":"has-post-thumbnail","6":"product_cat-soins-visage","7":"yith_product_brand-mdc","9":"first","10":"instock","11":"sale","12":"shipping-taxable","13":"purchasable","14":"product-type-simple"},"_links":{"self":[{"href":"https:\/\/parapharmacieenligne.ma\/en\/wp-json\/wp\/v2\/product\/6941","targetHints":{"allow":["GET"]}}],"collection":[{"href":"https:\/\/parapharmacieenligne.ma\/en\/wp-json\/wp\/v2\/product"}],"about":[{"href":"https:\/\/parapharmacieenligne.ma\/en\/wp-json\/wp\/v2\/types\/product"}],"replies":[{"embeddable":true,"href":"https:\/\/parapharmacieenligne.ma\/en\/wp-json\/wp\/v2\/comments?post=6941"}],"version-history":[{"count":1,"href":"https:\/\/parapharmacieenligne.ma\/en\/wp-json\/wp\/v2\/product\/6941\/revisions"}],"predecessor-version":[{"id":6972,"href":"https:\/\/parapharmacieenligne.ma\/en\/wp-json\/wp\/v2\/product\/6941\/revisions\/6972"}],"wp:featuredmedia":[{"embeddable":true,"href":"https:\/\/parapharmacieenligne.ma\/en\/wp-json\/wp\/v2\/media\/6971"}],"wp:attachment":[{"href":"https:\/\/parapharmacieenligne.ma\/en\/wp-json\/wp\/v2\/media?parent=6941"}],"wp:term":[{"taxonomy":"product_cat","embeddable":true,"href":"https:\/\/parapharmacieenligne.ma\/en\/wp-json\/wp\/v2\/product_cat?post=6941"},{"taxonomy":"product_tag","embeddable":true,"href":"https:\/\/parapharmacieenligne.ma\/en\/wp-json\/wp\/v2\/product_tag?post=6941"},{"taxonomy":"yith_product_brand","embeddable":true,"href":"https:\/\/parapharmacieenligne.ma\/en\/wp-json\/wp\/v2\/yith_product_brand?post=6941"}],"curies":[{"name":"wp","href":"https:\/\/api.w.org\/{rel}","templated":true}]}}