{"id":6945,"date":"2026-01-25T21:26:04","date_gmt":"2026-01-25T20:26:04","guid":{"rendered":"https:\/\/parapharmacieenligne.ma\/?post_type=product&#038;p=6945"},"modified":"2026-01-25T21:26:34","modified_gmt":"2026-01-25T20:26:34","slug":"mdc-tone-corrector-whitening-cream-50ml","status":"publish","type":"product","link":"https:\/\/parapharmacieenligne.ma\/en\/product\/mdc-tone-corrector-whitening-cream-50ml\/","title":{"rendered":"MDC Tone Corrector Whitening Cream 50ml"},"content":{"rendered":"","protected":false},"excerpt":{"rendered":"<p>Highlights:Le masque cr\u00e8me \u00e9claircissant Correcteur de Teint soutient la r\u00e9gulation des in\u00e9galit\u00e9s de teint de la peau et l\u2019\u00e9limination des imperfections. Il aide la peau \u00e0 avoir une apparence plus \u00e9clatante et lumineuse tout en maintenant l\u2019\u00e9quilibre de l\u2019hydratation.<\/p>","protected":false},"featured_media":6977,"comment_status":"open","ping_status":"closed","template":"","meta":[],"product_cat":[83],"product_tag":[],"yith_product_brand":[113],"class_list":{"0":"post-6945","1":"product","2":"type-product","3":"status-publish","4":"has-post-thumbnail","6":"product_cat-soins-visage","7":"yith_product_brand-mdc","9":"first","10":"instock","11":"sale","12":"shipping-taxable","13":"purchasable","14":"product-type-simple"},"_links":{"self":[{"href":"https:\/\/parapharmacieenligne.ma\/en\/wp-json\/wp\/v2\/product\/6945","targetHints":{"allow":["GET"]}}],"collection":[{"href":"https:\/\/parapharmacieenligne.ma\/en\/wp-json\/wp\/v2\/product"}],"about":[{"href":"https:\/\/parapharmacieenligne.ma\/en\/wp-json\/wp\/v2\/types\/product"}],"replies":[{"embeddable":true,"href":"https:\/\/parapharmacieenligne.ma\/en\/wp-json\/wp\/v2\/comments?post=6945"}],"version-history":[{"count":1,"href":"https:\/\/parapharmacieenligne.ma\/en\/wp-json\/wp\/v2\/product\/6945\/revisions"}],"predecessor-version":[{"id":6978,"href":"https:\/\/parapharmacieenligne.ma\/en\/wp-json\/wp\/v2\/product\/6945\/revisions\/6978"}],"wp:featuredmedia":[{"embeddable":true,"href":"https:\/\/parapharmacieenligne.ma\/en\/wp-json\/wp\/v2\/media\/6977"}],"wp:attachment":[{"href":"https:\/\/parapharmacieenligne.ma\/en\/wp-json\/wp\/v2\/media?parent=6945"}],"wp:term":[{"taxonomy":"product_cat","embeddable":true,"href":"https:\/\/parapharmacieenligne.ma\/en\/wp-json\/wp\/v2\/product_cat?post=6945"},{"taxonomy":"product_tag","embeddable":true,"href":"https:\/\/parapharmacieenligne.ma\/en\/wp-json\/wp\/v2\/product_tag?post=6945"},{"taxonomy":"yith_product_brand","embeddable":true,"href":"https:\/\/parapharmacieenligne.ma\/en\/wp-json\/wp\/v2\/yith_product_brand?post=6945"}],"curies":[{"name":"wp","href":"https:\/\/api.w.org\/{rel}","templated":true}]}}