{"id":6948,"date":"2026-01-25T21:26:05","date_gmt":"2026-01-25T20:26:05","guid":{"rendered":"https:\/\/parapharmacieenligne.ma\/?post_type=product&#038;p=6948"},"modified":"2026-01-25T21:26:48","modified_gmt":"2026-01-25T20:26:48","slug":"mdc-hydrating-facial-cleanser-150-ml","status":"publish","type":"product","link":"https:\/\/parapharmacieenligne.ma\/en\/product\/mdc-hydrating-facial-cleanser-150-ml\/","title":{"rendered":"MDC Hydrating Facial Cleanser 150 ml"},"content":{"rendered":"<div aria-labelledby=\"tab-title-description\" class=\"woocommerce-Tabs-panel woocommerce-Tabs-panel--description panel entry-content wc-tab\" id=\"tab-description\" role=\"tabpanel\">\n<h2>Description<\/h2>\n<div class=\"woocommerce-product-details__short-description\">\n<p>Nettoyant Visage Hydratant sp\u00e9cialement con\u00e7u pour les peaux s\u00e8ches. \u00c9limine en douceur l\u2019exc\u00e8s d\u2019huile, la salet\u00e9 et les r\u00e9sidus de maquillage de la surface de la peau<\/p>\n<\/p><\/div>\n<form action=\"https:\/\/mdclaboratories.com\/fr\/product\/mdc-hydrating-facial-cleanser-150-ml\/\" class=\"cart\" data-inited-validation=\"1\" enctype=\"multipart\/form-data\" method=\"post\"><\/form>\n<div class=\"product_meta\"><\/div>\n<\/p><\/div>","protected":false},"excerpt":{"rendered":"<p>Nettoyant Visage Hydratant sp\u00e9cialement con\u00e7u pour les peaux s\u00e8ches. \u00c9limine en douceur l\u2019exc\u00e8s d\u2019huile, la salet\u00e9 et les r\u00e9sidus de maquillage de la surface de la peau<\/p>","protected":false},"featured_media":6986,"comment_status":"open","ping_status":"closed","template":"","meta":[],"product_cat":[83],"product_tag":[],"yith_product_brand":[113],"class_list":{"0":"post-6948","1":"product","2":"type-product","3":"status-publish","4":"has-post-thumbnail","6":"product_cat-soins-visage","7":"yith_product_brand-mdc","9":"first","10":"instock","11":"sale","12":"shipping-taxable","13":"purchasable","14":"product-type-simple"},"_links":{"self":[{"href":"https:\/\/parapharmacieenligne.ma\/en\/wp-json\/wp\/v2\/product\/6948","targetHints":{"allow":["GET"]}}],"collection":[{"href":"https:\/\/parapharmacieenligne.ma\/en\/wp-json\/wp\/v2\/product"}],"about":[{"href":"https:\/\/parapharmacieenligne.ma\/en\/wp-json\/wp\/v2\/types\/product"}],"replies":[{"embeddable":true,"href":"https:\/\/parapharmacieenligne.ma\/en\/wp-json\/wp\/v2\/comments?post=6948"}],"version-history":[{"count":1,"href":"https:\/\/parapharmacieenligne.ma\/en\/wp-json\/wp\/v2\/product\/6948\/revisions"}],"predecessor-version":[{"id":6987,"href":"https:\/\/parapharmacieenligne.ma\/en\/wp-json\/wp\/v2\/product\/6948\/revisions\/6987"}],"wp:featuredmedia":[{"embeddable":true,"href":"https:\/\/parapharmacieenligne.ma\/en\/wp-json\/wp\/v2\/media\/6986"}],"wp:attachment":[{"href":"https:\/\/parapharmacieenligne.ma\/en\/wp-json\/wp\/v2\/media?parent=6948"}],"wp:term":[{"taxonomy":"product_cat","embeddable":true,"href":"https:\/\/parapharmacieenligne.ma\/en\/wp-json\/wp\/v2\/product_cat?post=6948"},{"taxonomy":"product_tag","embeddable":true,"href":"https:\/\/parapharmacieenligne.ma\/en\/wp-json\/wp\/v2\/product_tag?post=6948"},{"taxonomy":"yith_product_brand","embeddable":true,"href":"https:\/\/parapharmacieenligne.ma\/en\/wp-json\/wp\/v2\/yith_product_brand?post=6948"}],"curies":[{"name":"wp","href":"https:\/\/api.w.org\/{rel}","templated":true}]}}