{"id":6957,"date":"2026-01-25T21:26:08","date_gmt":"2026-01-25T20:26:08","guid":{"rendered":"https:\/\/parapharmacieenligne.ma\/?post_type=product&#038;p=6957"},"modified":"2026-01-25T21:27:35","modified_gmt":"2026-01-25T20:27:35","slug":"mdc-brilliance-vitamin-c-cream-50-ml","status":"publish","type":"product","link":"https:\/\/parapharmacieenligne.ma\/en\/product\/mdc-brilliance-vitamin-c-cream-50-ml\/","title":{"rendered":"MDC Brilliance Vitamin C Cream 50 ml"},"content":{"rendered":"<div aria-labelledby=\"tab-title-description\" class=\"woocommerce-Tabs-panel woocommerce-Tabs-panel--description panel entry-content wc-tab\" id=\"tab-description\" role=\"tabpanel\" style=\"\">\n<h2>Description<\/h2>\n<div class=\"wc-tab tab-pane active js-product-tab-active\" id=\"description\" style=\"display: none;\">\n<div class=\"product-description\">\n<p>La Brilliance Vitamin C Cream convient \u00e0 tous les \u00e2ges gr\u00e2ce \u00e0 ses extraits naturels. Ainsi, les soins du visage et de la peau peuvent \u00eatre appliqu\u00e9s en fonction de tous les \u00e2ges.<\/p>\n<form action=\"https:\/\/mdclaboratories.com\/fr\/product\/mdc-brilliance-vitamin-c-cream-50-ml\/\" data-inited-validation=\"1\" enctype=\"multipart\/form-data\" method=\"post\"><\/form>\n<\/p><\/div>\n<\/p><\/div>\n<\/p><\/div>","protected":false},"excerpt":{"rendered":"<p>Highlights:Nettoie et hydrate tout en respectant la barri\u00e8re protectrice des peaux normales \u00e0 s\u00e8ches.\u2022 Besoin :Nettoyer | Hydrater | D\u00e9maquiller | Peau normale \u00e0 s\u00e8che.\u2022 Ingr\u00e9dients Cl\u00e9s :C\u00e9ramides (1, 3 et 6-II) pour prot\u00e9ger et nourrir | Acides Amin\u00e9s pour retenir l\u2019eau sur la peau | Acide Hyaluronique pour maintenir la peau hydrat\u00e9e.\u2022S\u00e9curit\u00e9 :Sans Parfum | Hypoallerg\u00e9nique | Non-Com\u00e9dog\u00e8ne.\u2022 Utilisation :Appliquer matin et soir sur peau humide. Visage.<\/p>","protected":false},"featured_media":7003,"comment_status":"open","ping_status":"closed","template":"","meta":[],"product_cat":[83],"product_tag":[],"yith_product_brand":[113],"class_list":{"0":"post-6957","1":"product","2":"type-product","3":"status-publish","4":"has-post-thumbnail","6":"product_cat-soins-visage","7":"yith_product_brand-mdc","9":"first","10":"instock","11":"sale","12":"shipping-taxable","13":"purchasable","14":"product-type-simple"},"_links":{"self":[{"href":"https:\/\/parapharmacieenligne.ma\/en\/wp-json\/wp\/v2\/product\/6957","targetHints":{"allow":["GET"]}}],"collection":[{"href":"https:\/\/parapharmacieenligne.ma\/en\/wp-json\/wp\/v2\/product"}],"about":[{"href":"https:\/\/parapharmacieenligne.ma\/en\/wp-json\/wp\/v2\/types\/product"}],"replies":[{"embeddable":true,"href":"https:\/\/parapharmacieenligne.ma\/en\/wp-json\/wp\/v2\/comments?post=6957"}],"version-history":[{"count":1,"href":"https:\/\/parapharmacieenligne.ma\/en\/wp-json\/wp\/v2\/product\/6957\/revisions"}],"predecessor-version":[{"id":7004,"href":"https:\/\/parapharmacieenligne.ma\/en\/wp-json\/wp\/v2\/product\/6957\/revisions\/7004"}],"wp:featuredmedia":[{"embeddable":true,"href":"https:\/\/parapharmacieenligne.ma\/en\/wp-json\/wp\/v2\/media\/7003"}],"wp:attachment":[{"href":"https:\/\/parapharmacieenligne.ma\/en\/wp-json\/wp\/v2\/media?parent=6957"}],"wp:term":[{"taxonomy":"product_cat","embeddable":true,"href":"https:\/\/parapharmacieenligne.ma\/en\/wp-json\/wp\/v2\/product_cat?post=6957"},{"taxonomy":"product_tag","embeddable":true,"href":"https:\/\/parapharmacieenligne.ma\/en\/wp-json\/wp\/v2\/product_tag?post=6957"},{"taxonomy":"yith_product_brand","embeddable":true,"href":"https:\/\/parapharmacieenligne.ma\/en\/wp-json\/wp\/v2\/yith_product_brand?post=6957"}],"curies":[{"name":"wp","href":"https:\/\/api.w.org\/{rel}","templated":true}]}}