{"id":7038,"date":"2026-01-25T21:30:13","date_gmt":"2026-01-25T20:30:13","guid":{"rendered":"https:\/\/parapharmacieenligne.ma\/?post_type=product&#038;p=7038"},"modified":"2026-01-25T21:30:22","modified_gmt":"2026-01-25T20:30:22","slug":"mustela-sac-banane-mustela-bio-hydra-lait-gel-dermo-nettoyant-hydra-bio-visage","status":"publish","type":"product","link":"https:\/\/parapharmacieenligne.ma\/en\/product\/mustela-sac-banane-mustela-bio-hydra-lait-gel-dermo-nettoyant-hydra-bio-visage\/","title":{"rendered":"Mustela Sac Banane Mustela Bio + Hydra Lait + Gel Dermo Nettoyant + Hydra Bio Visage"},"content":{"rendered":"<div aria-labelledby=\"tab-title-description\" class=\"woocommerce-Tabs-panel woocommerce-Tabs-panel--description panel entry-content wc-tab\" id=\"tab-description\" role=\"tabpanel\" style=\"\">\n<h2>Description<\/h2>\n<p>Ce sac banane (sac banna) Mustela est id\u00e9al pour accompagner la famille dans toutes ses aventures. Il contient 4 produits essentiels , \u00e0 96% d\u2019ingr\u00e9dients naturels , pour l\u2019 hygi\u00e8ne et le soin de la peau de b\u00e9b\u00e9.<\/p>\n<p>Il poss\u00e8de un grand compartiment int\u00e9rieur , une poche int\u00e9rieure zipp\u00e9e dans la doublure et une poche ext\u00e9rieure zipp\u00e9e.<\/p>\n<p>Dimensions du sac banane Mustela Family Adventures : 45x22x9cm.<\/p>\n<p><strong>Mustela BIO Lingettes Nettoyantes Avocat 60 unit\u00e9s<\/strong><br \/>\n Lingettes Nettoyantes \u00e0 l\u2019Avocat BIO.<br \/>\n Pour le visage, le corps et les fesses de b\u00e9b\u00e9.<br \/>\n 97% d\u2019ingr\u00e9dients d\u2019origine naturelle.<br \/>\n Ils nettoient, adoucissent et apaisent en profondeur.<br \/>\n Renforce la barri\u00e8re cutan\u00e9e.<br \/>\n Grand, r\u00e9sistant et bien impr\u00e9gn\u00e9.<br \/>\n Parfum d\u00e9licat.<br \/>\n Haute tol\u00e9rance cutan\u00e9e et oculaire.<\/p>\n<p><strong>Mustela Hydra Lait Corporel B\u00e9b\u00e9 300 ml<\/strong><br \/>\n Lait corporel hydratant pour nouveau-n\u00e9s, b\u00e9b\u00e9s et enfants.<br \/>\n 97% d\u2019ingr\u00e9dients d\u2019origine naturelle.<br \/>\n Fournit une hydratation imm\u00e9diate et durable.<br \/>\n Renforce la barri\u00e8re cutan\u00e9e.<br \/>\n Laisse la peau soyeuse, souple et plus douce.<br \/>\n R\u00e9serve le capital cellulaire de la peau des nouveau-n\u00e9s, des b\u00e9b\u00e9s et des enfants.<br \/>\n Avec Avocat Perseose.<br \/>\n Texture Fluide et L\u00e9g\u00e8re, adapt\u00e9e aux Soins du Corps.<br \/>\n Laisse une odeur unique sur la peau.<br \/>\n Test\u00e9 sous Contr\u00f4le Dermatologique et P\u00e9diatrique.<br \/>\n Haute tol\u00e9rance cutan\u00e9e et oculaire.<br \/>\n R\u00e9cipient avec valve doseuse.<\/p>\n<p><strong>Mustela Gel Bain Dermonettoyant Doux 200 ml<\/strong><br \/>\n Gel Nettoyant Moussant.<br \/>\n Nettoie la peau et les cheveux en douceur.<br \/>\n 93% d\u2019ingr\u00e9dients d\u2019origine naturelle.<br \/>\n Apporte du confort \u00e0 la peau.<br \/>\n Compense les effets dess\u00e9chants de l\u2019eau.<br \/>\n Efficacit\u00e9 adoucissante et apaisante.<br \/>\n Cela ne d\u00e9mange pas les yeux.<br \/>\n Laisse une odeur unique.<br \/>\n Test\u00e9 sous Contr\u00f4le Dermatologique et P\u00e9diatrique.<br \/>\n Haute tol\u00e9rance cutan\u00e9e et oculaire.<br \/>\n Indiqu\u00e9 pour les nouveau-n\u00e9s, les b\u00e9b\u00e9s et les enfants.<\/p>\n<p><strong>Mustela Hydra B\u00e9b\u00e9 Cr\u00e8me Visage 40 ml<\/strong><br \/>\n Cr\u00e8me hydratante pour le visage.<br \/>\n Avec 97% d\u2019ingr\u00e9dients d\u2019origine naturelle.<br \/>\n Hydratation Imm\u00e9diate et Durable : 24 heures d\u2019hydratation.<br \/>\n Renforce la barri\u00e8re cutan\u00e9e.<br \/>\n Laisse la peau soyeuse, souple et plus douce.<br \/>\n Pr\u00e9serve le capital cellulaire.<br \/>\n Texture fluide et fondante.<br \/>\n Laisse une odeur unique.<br \/>\n Test\u00e9 sous Contr\u00f4le Dermatologique et P\u00e9diatrique.<br \/>\n Haute tol\u00e9rance cutan\u00e9e et oculaire.<br \/>\n Indiqu\u00e9 pour les peaux normales.<br \/>\n Id\u00e9al pour les nouveau-n\u00e9s, les b\u00e9b\u00e9s et les enfants.<br \/>\n Vous pouvez combiner ce produit avec n\u2019importe quel autre produit de notre gamme de soins pour la peau de b\u00e9b\u00e9, de change , de gels et shampoings ou d\u2019id\u00e9es cadeaux pour b\u00e9b\u00e9s.<\/p>\n<\/p><\/div>","protected":false},"excerpt":{"rendered":"<p>Highlights:Le sac banane Mustela \u00ab Family Adventures \u00bb Bannana Bag contient4 produits:Mustela BIO Lingettes Nettoyantes Avocat 60 unit\u00e9s.Mustela Hydra Lait Corporel B\u00e9b\u00e9 300 ml.Mustela Gel de Bain Dermonettoyant Doux 200 ml.Mustela Hydra B\u00e9b\u00e9 Cr\u00e8me Visage 40 ml.<\/p>","protected":false},"featured_media":7068,"comment_status":"open","ping_status":"closed","template":"","meta":[],"product_cat":[87],"product_tag":[],"yith_product_brand":[114],"class_list":{"0":"post-7038","1":"product","2":"type-product","3":"status-publish","4":"has-post-thumbnail","6":"product_cat-bebe-et-maman","7":"yith_product_brand-mustela","9":"first","10":"instock","11":"sale","12":"shipping-taxable","13":"purchasable","14":"product-type-simple"},"_links":{"self":[{"href":"https:\/\/parapharmacieenligne.ma\/en\/wp-json\/wp\/v2\/product\/7038","targetHints":{"allow":["GET"]}}],"collection":[{"href":"https:\/\/parapharmacieenligne.ma\/en\/wp-json\/wp\/v2\/product"}],"about":[{"href":"https:\/\/parapharmacieenligne.ma\/en\/wp-json\/wp\/v2\/types\/product"}],"replies":[{"embeddable":true,"href":"https:\/\/parapharmacieenligne.ma\/en\/wp-json\/wp\/v2\/comments?post=7038"}],"version-history":[{"count":1,"href":"https:\/\/parapharmacieenligne.ma\/en\/wp-json\/wp\/v2\/product\/7038\/revisions"}],"predecessor-version":[{"id":7069,"href":"https:\/\/parapharmacieenligne.ma\/en\/wp-json\/wp\/v2\/product\/7038\/revisions\/7069"}],"wp:featuredmedia":[{"embeddable":true,"href":"https:\/\/parapharmacieenligne.ma\/en\/wp-json\/wp\/v2\/media\/7068"}],"wp:attachment":[{"href":"https:\/\/parapharmacieenligne.ma\/en\/wp-json\/wp\/v2\/media?parent=7038"}],"wp:term":[{"taxonomy":"product_cat","embeddable":true,"href":"https:\/\/parapharmacieenligne.ma\/en\/wp-json\/wp\/v2\/product_cat?post=7038"},{"taxonomy":"product_tag","embeddable":true,"href":"https:\/\/parapharmacieenligne.ma\/en\/wp-json\/wp\/v2\/product_tag?post=7038"},{"taxonomy":"yith_product_brand","embeddable":true,"href":"https:\/\/parapharmacieenligne.ma\/en\/wp-json\/wp\/v2\/yith_product_brand?post=7038"}],"curies":[{"name":"wp","href":"https:\/\/api.w.org\/{rel}","templated":true}]}}