{"id":7039,"date":"2026-01-25T21:30:13","date_gmt":"2026-01-25T20:30:13","guid":{"rendered":"https:\/\/parapharmacieenligne.ma\/?post_type=product&#038;p=7039"},"modified":"2026-01-25T21:30:25","modified_gmt":"2026-01-25T20:30:25","slug":"mustela-eau-nettoyante-apaisante-300ml","status":"publish","type":"product","link":"https:\/\/parapharmacieenligne.ma\/en\/product\/mustela-eau-nettoyante-apaisante-300ml\/","title":{"rendered":"Mustela Eau Nettoyante Apaisante 300ml"},"content":{"rendered":"<div aria-labelledby=\"tab-title-description\" class=\"woocommerce-Tabs-panel woocommerce-Tabs-panel--description panel entry-content wc-tab\" id=\"tab-description\" role=\"tabpanel\" style=\"\">\n<h2>Description<\/h2>\n<p>Utilisable d\u00e8s la naissance*, elle permet de nettoyer en douceur et apaiser le visage et le si\u00e8ge.<br \/>\n Sa formule haute tol\u00e9rance, \u00e0 l\u2019extrait de schisandra bio, est compos\u00e9e de <strong>99% d\u2019ingr\u00e9dients d\u2019origine naturelle.<\/strong><\/p>\n<p>Un visage \u00e0 d\u00e9barbouiller, des mains sales ou une couche \u00e0 changer ? Cette Eau nettoyante apaisante pour peaux tr\u00e8s sensibles nettoie efficacement et en douceur toutes les impuret\u00e9s de la peau de votre b\u00e9b\u00e9.<\/p>\n<p>Elle s\u2019utilise sans rin\u00e7age et laisse la peau de b\u00e9b\u00e9 propre, douce et non collante.<\/p>\n<p>Gr\u00e2ce \u00e0 notre actif phare, le schisandra bio, elle apaise les petites rougeurs visibles de la peau et les sensations de picotements et de tiraillements.<\/p>\n<p>Et le flacon est recyclable. A condition de le mettre dans la bonne poubelle bien s\u00fbr.<\/p>\n<\/p><\/div>","protected":false},"excerpt":{"rendered":"<p>Highlights:L\u2019Eau nettoyante apaisante sans rin\u00e7age, formul\u00e9e sans parfum, est destin\u00e9e aux peaux tr\u00e8s sensibles des b\u00e9b\u00e9s.<\/p>","protected":false},"featured_media":7070,"comment_status":"open","ping_status":"closed","template":"","meta":[],"product_cat":[87],"product_tag":[],"yith_product_brand":[114],"class_list":{"0":"post-7039","1":"product","2":"type-product","3":"status-publish","4":"has-post-thumbnail","6":"product_cat-bebe-et-maman","7":"yith_product_brand-mustela","9":"first","10":"instock","11":"sale","12":"shipping-taxable","13":"purchasable","14":"product-type-simple"},"_links":{"self":[{"href":"https:\/\/parapharmacieenligne.ma\/en\/wp-json\/wp\/v2\/product\/7039","targetHints":{"allow":["GET"]}}],"collection":[{"href":"https:\/\/parapharmacieenligne.ma\/en\/wp-json\/wp\/v2\/product"}],"about":[{"href":"https:\/\/parapharmacieenligne.ma\/en\/wp-json\/wp\/v2\/types\/product"}],"replies":[{"embeddable":true,"href":"https:\/\/parapharmacieenligne.ma\/en\/wp-json\/wp\/v2\/comments?post=7039"}],"version-history":[{"count":1,"href":"https:\/\/parapharmacieenligne.ma\/en\/wp-json\/wp\/v2\/product\/7039\/revisions"}],"predecessor-version":[{"id":7071,"href":"https:\/\/parapharmacieenligne.ma\/en\/wp-json\/wp\/v2\/product\/7039\/revisions\/7071"}],"wp:featuredmedia":[{"embeddable":true,"href":"https:\/\/parapharmacieenligne.ma\/en\/wp-json\/wp\/v2\/media\/7070"}],"wp:attachment":[{"href":"https:\/\/parapharmacieenligne.ma\/en\/wp-json\/wp\/v2\/media?parent=7039"}],"wp:term":[{"taxonomy":"product_cat","embeddable":true,"href":"https:\/\/parapharmacieenligne.ma\/en\/wp-json\/wp\/v2\/product_cat?post=7039"},{"taxonomy":"product_tag","embeddable":true,"href":"https:\/\/parapharmacieenligne.ma\/en\/wp-json\/wp\/v2\/product_tag?post=7039"},{"taxonomy":"yith_product_brand","embeddable":true,"href":"https:\/\/parapharmacieenligne.ma\/en\/wp-json\/wp\/v2\/yith_product_brand?post=7039"}],"curies":[{"name":"wp","href":"https:\/\/api.w.org\/{rel}","templated":true}]}}