{"id":7040,"date":"2026-01-25T21:30:14","date_gmt":"2026-01-25T20:30:14","guid":{"rendered":"https:\/\/parapharmacieenligne.ma\/?post_type=product&#038;p=7040"},"modified":"2026-01-25T21:30:27","modified_gmt":"2026-01-25T20:30:27","slug":"mustela-pack-bio-creme-de-change-bio-75ml-gel-lavant-bio-400ml","status":"publish","type":"product","link":"https:\/\/parapharmacieenligne.ma\/en\/product\/mustela-pack-bio-creme-de-change-bio-75ml-gel-lavant-bio-400ml\/","title":{"rendered":"Mustela Pack Bio \u00ab Cr\u00e8me de change bio 75ml+ Gel lavant bio 400ml \u00bb"},"content":{"rendered":"<div aria-labelledby=\"tab-title-description\" class=\"woocommerce-Tabs-panel woocommerce-Tabs-panel--description panel entry-content wc-tab\" id=\"tab-description\" role=\"tabpanel\" style=\"\">\n<h2>Description<\/h2>\n<p><strong>Mustela Pack Bio \u00ab Cr\u00e8me de change bio 75ml+ Gel lavant bio 400ml \u00bb<\/strong><\/p>\n<p>MUSTELA cr\u00e8me change BIO 75 ml :<\/p>\n<p>La Cr\u00e8me change, certifi\u00e9e Bio, s\u2019utilise apr\u00e8s chaque changement de couche, sur les fesses du b\u00e9b\u00e9, d\u00e8s la naissance. V\u00e9gan et sans parfum, ce soin \u00e0 l\u2019huile d\u2019olive bio apaise la peau, r\u00e9pare et favorise la disparition des rougeurs du si\u00e8ge.<\/p>\n<p>Contient 99% d\u2019ingr\u00e9dients d\u2019origine naturelle.<\/p>\n<p>B\u00e9b\u00e9s sortis de n\u00e9onatologie.<\/p>\n<p>Sans ingr\u00e9dients d\u2019origine animale.<\/p>\n<ul>\n<li>CONSEILS D\u2019UTILISATION :<\/li>\n<\/ul>\n<p>La cr\u00e8me s\u2019applique apr\u00e8s avoir nettoy\u00e9 les fesses de b\u00e9b\u00e9.<\/p>\n<p>\u2013 Appuyer l\u00e9g\u00e8rement sur le tube.<\/p>\n<p>\u2013 Appliquer sur les fesses propres et s\u00e8ches de b\u00e9b\u00e9.<\/p>\n<p>\u2013 Remettre une nouvelle couche.<\/p>\n<p>MUSTELA gel lavant BIO Corps et cheveux 400 ml :<\/p>\n<p>Le Gel lavant corps et cheveux, certifi\u00e9 Bio, peut \u00eatre utilis\u00e9 d\u00e8s la naissance et par toute la famille.<\/p>\n<p>Formul\u00e9 avec 97% d\u2019ingr\u00e9dients d\u2019origine naturelle, dont de l\u2019huile d\u2019olive bio, ce produit 2 en 1 nettoie en douceur et compense les effets dess\u00e9chants de l\u2019eau calcaire.<\/p>\n<p>Sans parfum.<\/p>\n<p>Formule v\u00e9gan.<\/p>\n<p>B\u00e9b\u00e9s sortis de n\u00e9onatologie. Sans ingr\u00e9dients d\u2019origine animale.<\/p>\n<ul>\n<li>CONSEILS D\u2019UTILISATION :<\/li>\n<\/ul>\n<p>Pratique, son format pompe permet de ne pas perdre une goutte du produit.<\/p>\n<p>\u2013 Appuyer sur la pompe 2 \u00e0 4 fois et verser dans la main.<\/p>\n<p>\u2013 Laver d\u00e9licatement les cheveux et le corps, pr\u00e9alablement mouill\u00e9s.<\/p>\n<p>\u2013 Rincer soigneusement.<\/p>\n<\/p><\/div>","protected":false},"excerpt":{"rendered":"<p>Highlights:Mustela Pack Bio \u00ab Cr\u00e8me de change bio 75ml+ Gel lavant bio 400ml \u00bbLe pack Mustela Bio comprend deux produits certifi\u00e9s Bio, adapt\u00e9s aux b\u00e9b\u00e9s d\u00e8s la naissance et aux familles sensibles aux produits v\u00e9gans et sans parfum :Cr\u00e8me de change Bio 75 ml : Utilisation recommand\u00e9e apr\u00e8s chaque changement de couche pour apaiser, r\u00e9parer et aider \u00e0 \u00e9liminer les rougeurs du si\u00e8ge. Formul\u00e9e \u00e0 base d\u2019huile d\u2019olive bio, elle contient 99% d\u2019ingr\u00e9dients d\u2019origine naturelle. Convient aux b\u00e9b\u00e9s sortis de n\u00e9onatologie et ne contient aucun ingr\u00e9dient d\u2019origine animale.Gel lavant Bio Corps et cheveux 400 ml :Peut \u00eatre utilis\u00e9 d\u00e8s la naissance par toute la famille.Formul\u00e9 avec 97% d\u2019ingr\u00e9dients d\u2019origine naturelle, dont de l\u2019huile d\u2019olive bio pour nettoyer en douceur sans dess\u00e9cher la peau.Sans parfum et formul\u00e9 selon les principes v\u00e9gans.Pr\u00e9sent\u00e9 en format pompe pratique pour une utilisation quotidienne facile.Ces produits sont con\u00e7us pour r\u00e9pondre aux besoins des peaux sensibles des b\u00e9b\u00e9s et sont une option id\u00e9ale pour ceux cherchant des produits biologiques et respectueux de l\u2019environnement.<\/p>","protected":false},"featured_media":7072,"comment_status":"open","ping_status":"closed","template":"","meta":[],"product_cat":[87],"product_tag":[],"yith_product_brand":[114],"class_list":{"0":"post-7040","1":"product","2":"type-product","3":"status-publish","4":"has-post-thumbnail","6":"product_cat-bebe-et-maman","7":"yith_product_brand-mustela","9":"first","10":"instock","11":"sale","12":"shipping-taxable","13":"purchasable","14":"product-type-simple"},"_links":{"self":[{"href":"https:\/\/parapharmacieenligne.ma\/en\/wp-json\/wp\/v2\/product\/7040","targetHints":{"allow":["GET"]}}],"collection":[{"href":"https:\/\/parapharmacieenligne.ma\/en\/wp-json\/wp\/v2\/product"}],"about":[{"href":"https:\/\/parapharmacieenligne.ma\/en\/wp-json\/wp\/v2\/types\/product"}],"replies":[{"embeddable":true,"href":"https:\/\/parapharmacieenligne.ma\/en\/wp-json\/wp\/v2\/comments?post=7040"}],"version-history":[{"count":1,"href":"https:\/\/parapharmacieenligne.ma\/en\/wp-json\/wp\/v2\/product\/7040\/revisions"}],"predecessor-version":[{"id":7073,"href":"https:\/\/parapharmacieenligne.ma\/en\/wp-json\/wp\/v2\/product\/7040\/revisions\/7073"}],"wp:featuredmedia":[{"embeddable":true,"href":"https:\/\/parapharmacieenligne.ma\/en\/wp-json\/wp\/v2\/media\/7072"}],"wp:attachment":[{"href":"https:\/\/parapharmacieenligne.ma\/en\/wp-json\/wp\/v2\/media?parent=7040"}],"wp:term":[{"taxonomy":"product_cat","embeddable":true,"href":"https:\/\/parapharmacieenligne.ma\/en\/wp-json\/wp\/v2\/product_cat?post=7040"},{"taxonomy":"product_tag","embeddable":true,"href":"https:\/\/parapharmacieenligne.ma\/en\/wp-json\/wp\/v2\/product_tag?post=7040"},{"taxonomy":"yith_product_brand","embeddable":true,"href":"https:\/\/parapharmacieenligne.ma\/en\/wp-json\/wp\/v2\/yith_product_brand?post=7040"}],"curies":[{"name":"wp","href":"https:\/\/api.w.org\/{rel}","templated":true}]}}