{"id":7044,"date":"2026-01-25T21:30:15","date_gmt":"2026-01-25T20:30:15","guid":{"rendered":"https:\/\/parapharmacieenligne.ma\/?post_type=product&#038;p=7044"},"modified":"2026-01-25T21:30:37","modified_gmt":"2026-01-25T20:30:37","slug":"mustela-bio-gel-lavant-corps-cheveux-400ml","status":"publish","type":"product","link":"https:\/\/parapharmacieenligne.ma\/en\/product\/mustela-bio-gel-lavant-corps-cheveux-400ml\/","title":{"rendered":"MUSTELA BIO Gel Lavant Corps &#038; Cheveux 400ml"},"content":{"rendered":"<div aria-labelledby=\"tab-title-description\" class=\"woocommerce-Tabs-panel woocommerce-Tabs-panel--description panel entry-content wc-tab\" id=\"tab-description\" role=\"tabpanel\" style=\"\">\n<h2>Description<\/h2>\n<p>C\u2019est l\u2019heure du bain ! Le Gel lavant 2 en 1 corps &amp; cheveux, certifi\u00e9 Bio, \u00e0 l\u2019huile d\u2019olive bio, sera parfait pour profiter de ce moment de complicit\u00e9 avec b\u00e9b\u00e9. Il nettoie efficacement tout en respectant la peau et le cuir chevelu d\u00e9licat de l\u2019enfant. Et ce n\u2019est pas l\u2019eau calcaire qui va l\u2019effrayer car il compense ses effets dess\u00e9chants.<\/p>\n<p>R\u00e9sultat : b\u00e9b\u00e9 a la peau propre et toute douce.<\/p>\n<p>Enfin, la formule de ce gel lavant est vegan* et enti\u00e8rement biod\u00e9gradable**. Son flacon d\u2019origine v\u00e9g\u00e9tale issu de la canne \u00e0 sucre est recyclable.<\/p>\n<p><strong>Conseils d\u2019utilisation :<\/strong><\/p>\n<p>Pratique, son format pompe permet de ne pas perdre une goutte du produit.<br \/>\n \u00c9tape1 Appuyer sur la pompe 2 \u00e0 4 fois et verser dans la main.<\/p>\n<p>\u00c9tape 2 Laver d\u00e9licatement les cheveux et le corps, pr\u00e9alablement mouill\u00e9s.<\/p>\n<p>\u00c9tape 3 Rincer soigneusement.<\/p>\n<\/p><\/div>","protected":false},"excerpt":{"rendered":"<p>Highlights:Le Gel lavant corps &#038; cheveux, certifi\u00e9 Bio, peut \u00eatre utilis\u00e9 d\u00e8s la naissance* et par toute la famille. Formul\u00e9 avec 97% d\u2019ingr\u00e9dients d\u2019origine naturelle, dont de l\u2019huile d\u2019olive bio, ce produit 2 en 1 nettoie en douceur et compense les effets dess\u00e9chants de l\u2019eau calcaire. Sans parfum. Formule vegan<\/p>","protected":false},"featured_media":7080,"comment_status":"open","ping_status":"closed","template":"","meta":[],"product_cat":[87],"product_tag":[],"yith_product_brand":[114],"class_list":{"0":"post-7044","1":"product","2":"type-product","3":"status-publish","4":"has-post-thumbnail","6":"product_cat-bebe-et-maman","7":"yith_product_brand-mustela","9":"first","10":"instock","11":"sale","12":"shipping-taxable","13":"purchasable","14":"product-type-simple"},"_links":{"self":[{"href":"https:\/\/parapharmacieenligne.ma\/en\/wp-json\/wp\/v2\/product\/7044","targetHints":{"allow":["GET"]}}],"collection":[{"href":"https:\/\/parapharmacieenligne.ma\/en\/wp-json\/wp\/v2\/product"}],"about":[{"href":"https:\/\/parapharmacieenligne.ma\/en\/wp-json\/wp\/v2\/types\/product"}],"replies":[{"embeddable":true,"href":"https:\/\/parapharmacieenligne.ma\/en\/wp-json\/wp\/v2\/comments?post=7044"}],"version-history":[{"count":1,"href":"https:\/\/parapharmacieenligne.ma\/en\/wp-json\/wp\/v2\/product\/7044\/revisions"}],"predecessor-version":[{"id":7081,"href":"https:\/\/parapharmacieenligne.ma\/en\/wp-json\/wp\/v2\/product\/7044\/revisions\/7081"}],"wp:featuredmedia":[{"embeddable":true,"href":"https:\/\/parapharmacieenligne.ma\/en\/wp-json\/wp\/v2\/media\/7080"}],"wp:attachment":[{"href":"https:\/\/parapharmacieenligne.ma\/en\/wp-json\/wp\/v2\/media?parent=7044"}],"wp:term":[{"taxonomy":"product_cat","embeddable":true,"href":"https:\/\/parapharmacieenligne.ma\/en\/wp-json\/wp\/v2\/product_cat?post=7044"},{"taxonomy":"product_tag","embeddable":true,"href":"https:\/\/parapharmacieenligne.ma\/en\/wp-json\/wp\/v2\/product_tag?post=7044"},{"taxonomy":"yith_product_brand","embeddable":true,"href":"https:\/\/parapharmacieenligne.ma\/en\/wp-json\/wp\/v2\/yith_product_brand?post=7044"}],"curies":[{"name":"wp","href":"https:\/\/api.w.org\/{rel}","templated":true}]}}