{"id":7045,"date":"2026-01-25T21:30:15","date_gmt":"2026-01-25T20:30:15","guid":{"rendered":"https:\/\/parapharmacieenligne.ma\/?post_type=product&#038;p=7045"},"modified":"2026-01-25T21:30:39","modified_gmt":"2026-01-25T20:30:39","slug":"mustela-bio-creme-hydratante-sans-parfum150ml","status":"publish","type":"product","link":"https:\/\/parapharmacieenligne.ma\/en\/product\/mustela-bio-creme-hydratante-sans-parfum150ml\/","title":{"rendered":"MUSTELA BIO Cr\u00e8me Hydratante Sans Parfum150ml"},"content":{"rendered":"<div aria-labelledby=\"tab-title-description\" class=\"woocommerce-Tabs-panel woocommerce-Tabs-panel--description panel entry-content wc-tab\" id=\"tab-description\" role=\"tabpanel\" style=\"\">\n<h2>Description<\/h2>\n<p>Apr\u00e8s le bain, voici un moment de douceur. Certifi\u00e9e bio, la Cr\u00e8me hydrate le visage et le corps en respectant les peaux les plus d\u00e9licates. Sa texture fondante permet un massage facile car elle p\u00e9n\u00e8tre rapidement et ne colle pas. Gr\u00e2ce \u00e0 son huile d\u2019olive bio, riche en om\u00e9ga 6 et 9, elle prot\u00e8ge la peau des agressions du quotidien<\/p>\n<p>Notre huile d\u2019olive bio vient d\u2019oliveraies de N\u00eemes.<\/p>\n<p>Enfin, ce produit est \u00e9co-con\u00e7u pour minimiser son impact sur l\u2019environnement.<\/p>\n<p><strong>Conseils d\u2019utilisation :<\/strong><\/p>\n<ul>\n<li>\u00c9tape1 Appuyer l\u00e9g\u00e8rement sur le tube.<\/li>\n<li>\u00c9tape 2 R\u00e9chauffer la cr\u00e8me entre ses mains.<\/li>\n<li>\u00c9tape 3 Appliquer sur le visage et le corps en insistant sur les zones s\u00e8ches.<\/li>\n<li>Une fois le tube termin\u00e9, jetez le dans la poubelle des ordures m\u00e9nag\u00e8res.<\/li>\n<\/ul><\/div>","protected":false},"excerpt":{"rendered":"<p>Highlights:La Cr\u00e8me hydratante visage &#038; corps, certifi\u00e9e Bio, prot\u00e8ge et respecte les peaux les plus d\u00e9licates.Sans parfum, vegan, ce soin hydratant \u00e0 l\u2019huile d\u2019olive bio peut \u00eatre utilis\u00e9 d\u00e8s la naissance* et par toute la famille.Contient 99% d\u2019ingr\u00e9dients d\u2019origine naturelle<\/p>","protected":false},"featured_media":7082,"comment_status":"open","ping_status":"closed","template":"","meta":[],"product_cat":[87],"product_tag":[],"yith_product_brand":[114],"class_list":{"0":"post-7045","1":"product","2":"type-product","3":"status-publish","4":"has-post-thumbnail","6":"product_cat-bebe-et-maman","7":"yith_product_brand-mustela","9":"first","10":"instock","11":"sale","12":"shipping-taxable","13":"purchasable","14":"product-type-simple"},"_links":{"self":[{"href":"https:\/\/parapharmacieenligne.ma\/en\/wp-json\/wp\/v2\/product\/7045","targetHints":{"allow":["GET"]}}],"collection":[{"href":"https:\/\/parapharmacieenligne.ma\/en\/wp-json\/wp\/v2\/product"}],"about":[{"href":"https:\/\/parapharmacieenligne.ma\/en\/wp-json\/wp\/v2\/types\/product"}],"replies":[{"embeddable":true,"href":"https:\/\/parapharmacieenligne.ma\/en\/wp-json\/wp\/v2\/comments?post=7045"}],"version-history":[{"count":1,"href":"https:\/\/parapharmacieenligne.ma\/en\/wp-json\/wp\/v2\/product\/7045\/revisions"}],"predecessor-version":[{"id":7083,"href":"https:\/\/parapharmacieenligne.ma\/en\/wp-json\/wp\/v2\/product\/7045\/revisions\/7083"}],"wp:featuredmedia":[{"embeddable":true,"href":"https:\/\/parapharmacieenligne.ma\/en\/wp-json\/wp\/v2\/media\/7082"}],"wp:attachment":[{"href":"https:\/\/parapharmacieenligne.ma\/en\/wp-json\/wp\/v2\/media?parent=7045"}],"wp:term":[{"taxonomy":"product_cat","embeddable":true,"href":"https:\/\/parapharmacieenligne.ma\/en\/wp-json\/wp\/v2\/product_cat?post=7045"},{"taxonomy":"product_tag","embeddable":true,"href":"https:\/\/parapharmacieenligne.ma\/en\/wp-json\/wp\/v2\/product_tag?post=7045"},{"taxonomy":"yith_product_brand","embeddable":true,"href":"https:\/\/parapharmacieenligne.ma\/en\/wp-json\/wp\/v2\/yith_product_brand?post=7045"}],"curies":[{"name":"wp","href":"https:\/\/api.w.org\/{rel}","templated":true}]}}