{"id":7048,"date":"2026-01-25T21:30:16","date_gmt":"2026-01-25T20:30:16","guid":{"rendered":"https:\/\/parapharmacieenligne.ma\/?post_type=product&#038;p=7048"},"modified":"2026-01-25T21:30:51","modified_gmt":"2026-01-25T20:30:51","slug":"mustela-eau-rafraichissante-et-coiffante-pour-bebe-200-ml","status":"publish","type":"product","link":"https:\/\/parapharmacieenligne.ma\/en\/product\/mustela-eau-rafraichissante-et-coiffante-pour-bebe-200-ml\/","title":{"rendered":"Mustela Eau Rafra\u00eechissante et Coiffante pour B\u00e9b\u00e9 \u2013 200 ml"},"content":{"rendered":"<div aria-labelledby=\"tab-title-description\" class=\"woocommerce-Tabs-panel woocommerce-Tabs-panel--description panel entry-content wc-tab\" id=\"tab-description\" role=\"tabpanel\" style=\"\">\n<h2>Description<\/h2>\n<p>Description<\/p>\n<p>Id\u00e9ale au quotidien pour rafra\u00eechir et parfumer d\u00e9licatement le b\u00e9b\u00e9 et l\u2019enfant.<\/p>\n<p>Laisse la peau douce.<\/p>\n<p>Coiffe les cheveux d\u00e9licats du b\u00e9b\u00e9.<\/p>\n<p>Conseils d\u2019utilisation<\/p>\n<p>Vaporiser l\u2019Eau Rafra\u00eechissante et Coiffante sur la peau et les cheveux, lors de la toilette quotidienne.<\/p>\n<p>Composition<\/p>\n<p>AQUA\/WATER\/EAU, PEG-40 HYDROGENATED CASTOR OIL, SODIUM BENZOATE, PARFUM (FRAGRANCE), 1,2-HEXANEDIOL, CAPRYLYL GLYCOL, TARTARIC ACID, PERSEA GRATISSIMA (AVOCADO) FRUIT EXTRACT , SODIUM HYDROXIDE<\/p>\n<\/p><\/div>","protected":false},"excerpt":{"rendered":"<p>Highlights:L\u2019Eau Rafra\u00eechissante et Coiffante est une eau de toilette b\u00e9b\u00e9. Elle rafra\u00eechie et parfume d\u00e9licatement le b\u00e9b\u00e9 et l\u2019enfant, laisse la peau douce, et facilite le brossage des cheveux d\u00e9licats du b\u00e9b\u00e9.<\/p>","protected":false},"featured_media":7088,"comment_status":"open","ping_status":"closed","template":"","meta":[],"product_cat":[87],"product_tag":[],"yith_product_brand":[114],"class_list":{"0":"post-7048","1":"product","2":"type-product","3":"status-publish","4":"has-post-thumbnail","6":"product_cat-bebe-et-maman","7":"yith_product_brand-mustela","9":"first","10":"instock","11":"sale","12":"shipping-taxable","13":"purchasable","14":"product-type-simple"},"_links":{"self":[{"href":"https:\/\/parapharmacieenligne.ma\/en\/wp-json\/wp\/v2\/product\/7048","targetHints":{"allow":["GET"]}}],"collection":[{"href":"https:\/\/parapharmacieenligne.ma\/en\/wp-json\/wp\/v2\/product"}],"about":[{"href":"https:\/\/parapharmacieenligne.ma\/en\/wp-json\/wp\/v2\/types\/product"}],"replies":[{"embeddable":true,"href":"https:\/\/parapharmacieenligne.ma\/en\/wp-json\/wp\/v2\/comments?post=7048"}],"version-history":[{"count":1,"href":"https:\/\/parapharmacieenligne.ma\/en\/wp-json\/wp\/v2\/product\/7048\/revisions"}],"predecessor-version":[{"id":7089,"href":"https:\/\/parapharmacieenligne.ma\/en\/wp-json\/wp\/v2\/product\/7048\/revisions\/7089"}],"wp:featuredmedia":[{"embeddable":true,"href":"https:\/\/parapharmacieenligne.ma\/en\/wp-json\/wp\/v2\/media\/7088"}],"wp:attachment":[{"href":"https:\/\/parapharmacieenligne.ma\/en\/wp-json\/wp\/v2\/media?parent=7048"}],"wp:term":[{"taxonomy":"product_cat","embeddable":true,"href":"https:\/\/parapharmacieenligne.ma\/en\/wp-json\/wp\/v2\/product_cat?post=7048"},{"taxonomy":"product_tag","embeddable":true,"href":"https:\/\/parapharmacieenligne.ma\/en\/wp-json\/wp\/v2\/product_tag?post=7048"},{"taxonomy":"yith_product_brand","embeddable":true,"href":"https:\/\/parapharmacieenligne.ma\/en\/wp-json\/wp\/v2\/yith_product_brand?post=7048"}],"curies":[{"name":"wp","href":"https:\/\/api.w.org\/{rel}","templated":true}]}}