{"id":7049,"date":"2026-01-25T21:30:16","date_gmt":"2026-01-25T20:30:16","guid":{"rendered":"https:\/\/parapharmacieenligne.ma\/?post_type=product&#038;p=7049"},"modified":"2026-01-25T21:30:54","modified_gmt":"2026-01-25T20:30:54","slug":"mustela-gel-nettoyant-2-en-1-200-ml","status":"publish","type":"product","link":"https:\/\/parapharmacieenligne.ma\/en\/product\/mustela-gel-nettoyant-2-en-1-200-ml\/","title":{"rendered":"Mustela Gel Nettoyant 2 en 1 \u2013 200 ml"},"content":{"rendered":"<div aria-labelledby=\"tab-title-description\" class=\"woocommerce-Tabs-panel woocommerce-Tabs-panel--description panel entry-content wc-tab\" id=\"tab-description\" role=\"tabpanel\" style=\"\">\n<h2>Description<\/h2>\n<p>Description<\/p>\n<p>Nettoie efficacement et en douceur la peau du b\u00e9b\u00e9 et de l\u2019enfant.<\/p>\n<p>Respecte l\u2019\u00e9quilibre de la peau et du cuir chevelu d\u00e9licat du nouveau n\u00e9, du b\u00e9b\u00e9 et de l\u2019enfant.<\/p>\n<p>Ne pique pas les yeux.<\/p>\n<p>Conseils d\u2019utilisation<\/p>\n<p>Verser dans la main le Gel nettoyant 2 en 1, laver le corps et le cuir chevelu en faisant mousser. Rincer soigneusement.<\/p>\n<p>Composition<\/p>\n<p>AQUA\/WATER\/EAU, GLYCERIN, COCAMIDOPROPYL BETAINE, SODIUM MYRETH SULFATE, COCO-GLUCOSIDE, PEG-3 DISTEARATE, PEG-150 DISTEARATE, GLYCERYL CAPRYLATE, GLYCOL DISTEARATE, PARFUM (FRAGRANCE), POLYQUATERNIUM-10, POTASSIUM SORBATE, CITRIC ACID, PERSEA GRATISSIMA (AVOCADO) FRUIT EXTRACT<\/p>\n<\/p><\/div>","protected":false},"excerpt":{"rendered":"<p>Highlights:Le Gel Nettoyant 2 en 1 nettoie en douceur corps et cheveux de b\u00e9b\u00e9. Sa formule, qui ne pique pas les yeux, est adapt\u00e9e \u00e0 la peau des enfants, d\u00e8s la naissance*. Ce gel lavant \u2013 shampoing 2 en 1 est parfait pour \u00eatre emport\u00e9 en voyage. *B\u00e9b\u00e9s sortis de n\u00e9onatologie\u2026<\/p>","protected":false},"featured_media":7090,"comment_status":"open","ping_status":"closed","template":"","meta":[],"product_cat":[87],"product_tag":[],"yith_product_brand":[114],"class_list":{"0":"post-7049","1":"product","2":"type-product","3":"status-publish","4":"has-post-thumbnail","6":"product_cat-bebe-et-maman","7":"yith_product_brand-mustela","9":"first","10":"instock","11":"sale","12":"shipping-taxable","13":"purchasable","14":"product-type-simple"},"_links":{"self":[{"href":"https:\/\/parapharmacieenligne.ma\/en\/wp-json\/wp\/v2\/product\/7049","targetHints":{"allow":["GET"]}}],"collection":[{"href":"https:\/\/parapharmacieenligne.ma\/en\/wp-json\/wp\/v2\/product"}],"about":[{"href":"https:\/\/parapharmacieenligne.ma\/en\/wp-json\/wp\/v2\/types\/product"}],"replies":[{"embeddable":true,"href":"https:\/\/parapharmacieenligne.ma\/en\/wp-json\/wp\/v2\/comments?post=7049"}],"version-history":[{"count":1,"href":"https:\/\/parapharmacieenligne.ma\/en\/wp-json\/wp\/v2\/product\/7049\/revisions"}],"predecessor-version":[{"id":7091,"href":"https:\/\/parapharmacieenligne.ma\/en\/wp-json\/wp\/v2\/product\/7049\/revisions\/7091"}],"wp:featuredmedia":[{"embeddable":true,"href":"https:\/\/parapharmacieenligne.ma\/en\/wp-json\/wp\/v2\/media\/7090"}],"wp:attachment":[{"href":"https:\/\/parapharmacieenligne.ma\/en\/wp-json\/wp\/v2\/media?parent=7049"}],"wp:term":[{"taxonomy":"product_cat","embeddable":true,"href":"https:\/\/parapharmacieenligne.ma\/en\/wp-json\/wp\/v2\/product_cat?post=7049"},{"taxonomy":"product_tag","embeddable":true,"href":"https:\/\/parapharmacieenligne.ma\/en\/wp-json\/wp\/v2\/product_tag?post=7049"},{"taxonomy":"yith_product_brand","embeddable":true,"href":"https:\/\/parapharmacieenligne.ma\/en\/wp-json\/wp\/v2\/yith_product_brand?post=7049"}],"curies":[{"name":"wp","href":"https:\/\/api.w.org\/{rel}","templated":true}]}}