{"id":7050,"date":"2026-01-25T21:30:16","date_gmt":"2026-01-25T20:30:16","guid":{"rendered":"https:\/\/parapharmacieenligne.ma\/?post_type=product&#038;p=7050"},"modified":"2026-01-25T21:30:56","modified_gmt":"2026-01-25T20:30:56","slug":"mustela-creme-de-change-100ml","status":"publish","type":"product","link":"https:\/\/parapharmacieenligne.ma\/en\/product\/mustela-creme-de-change-100ml\/","title":{"rendered":"Mustela Creme De Change 100Ml"},"content":{"rendered":"<div aria-labelledby=\"tab-title-description\" class=\"woocommerce-Tabs-panel woocommerce-Tabs-panel--description panel entry-content wc-tab\" id=\"tab-description\" role=\"tabpanel\" style=\"\">\n<h2>Description<\/h2>\n<p>Description<\/p>\n<p>La cr\u00e8me de change 1 2 3 en tube de 100 ml du laboratoire Mustela est une cr\u00e8me qui pr\u00e9vient, soulage et r\u00e9pare les irritations et les rougeurs du si\u00e8ge chez le b\u00e9b\u00e9 et le nourrisson.<\/p>\n<p>Sans parfum, sans paraben et sans conservateur, cette cr\u00e8me test\u00e9e cliniquement est formul\u00e9e pour minimiser les risques d\u2019allergies. Elle s\u2019utilise d\u00e8s la naissance et jusqu\u2019\u00e0 l\u2019arr\u00eat des couches.<\/p>\n<p>Soin complet de l\u2019\u00e9piderme, elle pr\u00e9vient gr\u00e2ce \u00e0 la Pers\u00e9ose d\u2019Avocat, soulage d\u00e8s la premi\u00e8re application, gr\u00e2ce \u00e0 l\u2019Ox\u00e9oline d\u2019Alcac\u00e9a, et r\u00e9pare durablement gr\u00e2ce \u00e0 l\u2019Ol\u00e9odistillat de tournesol. De plus, l\u2019Oxyde de zinc ajoute des propri\u00e9t\u00e9s protectrices et anti-enzymatiques.<\/p>\n<p>Conseils d\u2019utilisation<\/p>\n<p>Appliquer sur l\u2019\u00e9piderme \u00e0 chaque change.<\/p>\n<p>Composition<\/p>\n<p>AQUA, ZINC OXIDE, CAPRYLIC\/CAPRIC TRIGLYCERIDE, COCO-CAPRYLATE\/CAPRATE, POLYGLYCERYL-2 DIPOLYHYDROXYSTEARATE, GLYCERIN, CERA ALBA (BEESWAX), PERSEA GRATISSIMA (AVOCADO) OIL, POLYGLYCERYL-3 DIISOSTEARATE, ETHYL LINOLEATE, HELIANTHUS ANNUUS (SUNFLOWER) SEED OIL UNSAPONIFIABLES, MAGNESIUM SULFATE, STEARLKONIUM HEXTORITE, LEVULINIC ACID, CAPRYLYL GLYCOL, CAPRYLOYL GLYCINE, SODIUM LEVULINATE, UNCECYL DUIMETHYL OXAZOLINE, PROPYLENE CARBONATE, PERSEA GRATISSIMA (AVOCADO) FRUIT EXTRACT.<\/p>\n<\/p><\/div>","protected":false},"excerpt":{"rendered":"<p>Highlights:Cr\u00e8me permet de prot\u00e9ger l\u2019\u00e9piderme du b\u00e9b\u00e9 contre les agressions cutan\u00e9es dues au port de couches. Ce produit garantit la sant\u00e9 de la peau et pr\u00e9vient contre les irritations.<\/p>","protected":false},"featured_media":7092,"comment_status":"open","ping_status":"closed","template":"","meta":[],"product_cat":[87],"product_tag":[],"yith_product_brand":[114],"class_list":{"0":"post-7050","1":"product","2":"type-product","3":"status-publish","4":"has-post-thumbnail","6":"product_cat-bebe-et-maman","7":"yith_product_brand-mustela","9":"first","10":"instock","11":"sale","12":"shipping-taxable","13":"purchasable","14":"product-type-simple"},"_links":{"self":[{"href":"https:\/\/parapharmacieenligne.ma\/en\/wp-json\/wp\/v2\/product\/7050","targetHints":{"allow":["GET"]}}],"collection":[{"href":"https:\/\/parapharmacieenligne.ma\/en\/wp-json\/wp\/v2\/product"}],"about":[{"href":"https:\/\/parapharmacieenligne.ma\/en\/wp-json\/wp\/v2\/types\/product"}],"replies":[{"embeddable":true,"href":"https:\/\/parapharmacieenligne.ma\/en\/wp-json\/wp\/v2\/comments?post=7050"}],"version-history":[{"count":1,"href":"https:\/\/parapharmacieenligne.ma\/en\/wp-json\/wp\/v2\/product\/7050\/revisions"}],"predecessor-version":[{"id":7093,"href":"https:\/\/parapharmacieenligne.ma\/en\/wp-json\/wp\/v2\/product\/7050\/revisions\/7093"}],"wp:featuredmedia":[{"embeddable":true,"href":"https:\/\/parapharmacieenligne.ma\/en\/wp-json\/wp\/v2\/media\/7092"}],"wp:attachment":[{"href":"https:\/\/parapharmacieenligne.ma\/en\/wp-json\/wp\/v2\/media?parent=7050"}],"wp:term":[{"taxonomy":"product_cat","embeddable":true,"href":"https:\/\/parapharmacieenligne.ma\/en\/wp-json\/wp\/v2\/product_cat?post=7050"},{"taxonomy":"product_tag","embeddable":true,"href":"https:\/\/parapharmacieenligne.ma\/en\/wp-json\/wp\/v2\/product_tag?post=7050"},{"taxonomy":"yith_product_brand","embeddable":true,"href":"https:\/\/parapharmacieenligne.ma\/en\/wp-json\/wp\/v2\/yith_product_brand?post=7050"}],"curies":[{"name":"wp","href":"https:\/\/api.w.org\/{rel}","templated":true}]}}