{"id":7053,"date":"2026-01-25T21:30:17","date_gmt":"2026-01-25T20:30:17","guid":{"rendered":"https:\/\/parapharmacieenligne.ma\/?post_type=product&#038;p=7053"},"modified":"2026-01-25T21:31:03","modified_gmt":"2026-01-25T20:31:03","slug":"mustela-shampoing-doux-200-ml","status":"publish","type":"product","link":"https:\/\/parapharmacieenligne.ma\/en\/product\/mustela-shampoing-doux-200-ml\/","title":{"rendered":"Mustela Shampoing Doux \u2013 200 ml"},"content":{"rendered":"<div aria-labelledby=\"tab-title-description\" class=\"woocommerce-Tabs-panel woocommerce-Tabs-panel--description panel entry-content wc-tab\" id=\"tab-description\" role=\"tabpanel\" style=\"\">\n<h2>Description<\/h2>\n<p>Description<\/p>\n<p>Id\u00e9al au quotidien pour laver et d\u00e9m\u00ealer les cheveux du nouveau-n\u00e9*, du b\u00e9b\u00e9 et de l\u2019enfant.<\/p>\n<p>Ne pique pas les yeux.<\/p>\n<p>Conseils d\u2019utilisation<\/p>\n<p>Appliquer une noisette de shampooing sur les cheveux mouill\u00e9s du b\u00e9b\u00e9 ou de l\u2019enfant. Masser d\u00e9licatement, puis rincer.<\/p>\n<p>Composition<\/p>\n<p>AQUA\/WATER\/EAU, GLYCERIN, COCAMIDOPROPYL BETAINE, SODIUM MYRETH SULFATE, COCO-GLUCOSIDE, GLYCERYL CAPRYLATE, PEG-150 DISTEARATE, PARFUM (FRAGRANCE), POLYQUATERNIUM-10, PANTHENOL, CITRIC ACID, POTASSIUM SORBATE, BUTYLENE GLYCOL, CHAMOMILLA RECUTITA (MATRICARIA) FLOWER EXTRACT, PERSEA GRATISSIMA (AVOCADO) FRUIT EXTRACT , CARAMEL<\/p>\n<\/p><\/div>","protected":false},"excerpt":{"rendered":"<p>Highlights:Le Shampoing Doux lave et d\u00e9m\u00eale en douceur les cheveux du nouveau-n\u00e9 et de l\u2019enfant. Il se rince facilement et laisse sur les cheveux la d\u00e9licate odeur Mustela qui le rend irresistible. B\u00e9b\u00e9s sortis de n\u00e9onatologie<\/p>","protected":false},"featured_media":7098,"comment_status":"open","ping_status":"closed","template":"","meta":[],"product_cat":[87],"product_tag":[],"yith_product_brand":[114],"class_list":{"0":"post-7053","1":"product","2":"type-product","3":"status-publish","4":"has-post-thumbnail","6":"product_cat-bebe-et-maman","7":"yith_product_brand-mustela","9":"first","10":"instock","11":"sale","12":"shipping-taxable","13":"purchasable","14":"product-type-simple"},"_links":{"self":[{"href":"https:\/\/parapharmacieenligne.ma\/en\/wp-json\/wp\/v2\/product\/7053","targetHints":{"allow":["GET"]}}],"collection":[{"href":"https:\/\/parapharmacieenligne.ma\/en\/wp-json\/wp\/v2\/product"}],"about":[{"href":"https:\/\/parapharmacieenligne.ma\/en\/wp-json\/wp\/v2\/types\/product"}],"replies":[{"embeddable":true,"href":"https:\/\/parapharmacieenligne.ma\/en\/wp-json\/wp\/v2\/comments?post=7053"}],"version-history":[{"count":1,"href":"https:\/\/parapharmacieenligne.ma\/en\/wp-json\/wp\/v2\/product\/7053\/revisions"}],"predecessor-version":[{"id":7099,"href":"https:\/\/parapharmacieenligne.ma\/en\/wp-json\/wp\/v2\/product\/7053\/revisions\/7099"}],"wp:featuredmedia":[{"embeddable":true,"href":"https:\/\/parapharmacieenligne.ma\/en\/wp-json\/wp\/v2\/media\/7098"}],"wp:attachment":[{"href":"https:\/\/parapharmacieenligne.ma\/en\/wp-json\/wp\/v2\/media?parent=7053"}],"wp:term":[{"taxonomy":"product_cat","embeddable":true,"href":"https:\/\/parapharmacieenligne.ma\/en\/wp-json\/wp\/v2\/product_cat?post=7053"},{"taxonomy":"product_tag","embeddable":true,"href":"https:\/\/parapharmacieenligne.ma\/en\/wp-json\/wp\/v2\/product_tag?post=7053"},{"taxonomy":"yith_product_brand","embeddable":true,"href":"https:\/\/parapharmacieenligne.ma\/en\/wp-json\/wp\/v2\/yith_product_brand?post=7053"}],"curies":[{"name":"wp","href":"https:\/\/api.w.org\/{rel}","templated":true}]}}