{"id":7054,"date":"2026-01-25T21:30:17","date_gmt":"2026-01-25T20:30:17","guid":{"rendered":"https:\/\/parapharmacieenligne.ma\/?post_type=product&#038;p=7054"},"modified":"2026-01-25T21:31:09","modified_gmt":"2026-01-25T20:31:09","slug":"mustela-gel-lavant-doux-corps-et-cheveux-500-ml","status":"publish","type":"product","link":"https:\/\/parapharmacieenligne.ma\/en\/product\/mustela-gel-lavant-doux-corps-et-cheveux-500-ml\/","title":{"rendered":"Mustela Gel Lavant Doux Corps et Cheveux \u2013 500 ml"},"content":{"rendered":"<div aria-labelledby=\"tab-title-description\" class=\"woocommerce-Tabs-panel woocommerce-Tabs-panel--description panel entry-content wc-tab\" id=\"tab-description\" role=\"tabpanel\" style=\"\">\n<h2>Description<\/h2>\n<p>Description<\/p>\n<p>Le Dermo-nettoyant Mustela est un gel lavant sans savon, id\u00e9al d\u00e8s la naissance, pour nettoyer le corps et le cuir chevelu de b\u00e9b\u00e9, gr\u00e2ce \u00e0 ses agents tensioactifs anioniques et amphot\u00e8res doux.<\/p>\n<p>Pr\u00e9serve le film hydrolipidique, et respecte l\u2019int\u00e9grit\u00e9 de la peau (pH neutre\/ sans savon). Compense l\u2019effet dess\u00e9chant de l\u2019eau calcaire gr\u00e2ce \u00e0 ses agents surgraissants (d\u00e9riv\u00e9s de coco).<\/p>\n<p>Ne pique pas les yeux (pH neutre). Apaise les sensations d\u2019irritation et adoucit la peau gr\u00e2ce \u00e0 sa formule contenant de la vitamine B5.<\/p>\n<p>Conseils d\u2019utilisation<\/p>\n<p>Versez quelques gouttes de Dermo-Nettoyant dans la main, lavez le corps et le cuir chevelu de votre b\u00e9b\u00e9 en faisant mousser. Rincez soigneusement.<\/p>\n<p>S\u00e9chez d\u00e9licatement b\u00e9b\u00e9 (sans frotter), en veillant particuli\u00e8rement au si\u00e8ge et aux plis cutan\u00e9s (cuisses, aisselles, cou\u2026).<\/p>\n<p>Il est important de laver les cheveux de b\u00e9b\u00e9 tous les jours (utilisez des produits tr\u00e8s doux qui ne piquent pas les yeux).<\/p>\n<p>Composition<\/p>\n<p>AQUA, PEG-40 GLYCERYL COCOATE, DISODIUM COCOAMPHODIACETATE, SODIUM COCETH SULFATE, PEG-7 GLYCERYL COCOATE, COCAMIDE DEA, PEG-150 DISTEARATE, DISODIUM PEG-4 COCAMIDO MIPA-SULFOSUCCINATE, GLYCOL STEARATE, PARFUM (FRAGRANCE), PHENOXYETHANOL, CITRIC ACID, PANTHENOL, METHYLPARABEN, BUTYLPARABEN, ETHYLPARABEN, PROPYLPARABEN.<\/p>\n<\/p><\/div>","protected":false},"excerpt":{"rendered":"<p>Highlights:Le Dermo-nettoyant Mustela est un gel lavant sans savon, id\u00e9al d\u00e8s la naissance, pour nettoyer le corps et le cuir chevelu de b\u00e9b\u00e9, gr\u00e2ce \u00e0 ses agents tensioactifs anioniques et amphot\u00e8res doux.<\/p>","protected":false},"featured_media":7100,"comment_status":"open","ping_status":"closed","template":"","meta":[],"product_cat":[87],"product_tag":[],"yith_product_brand":[114],"class_list":{"0":"post-7054","1":"product","2":"type-product","3":"status-publish","4":"has-post-thumbnail","6":"product_cat-bebe-et-maman","7":"yith_product_brand-mustela","9":"first","10":"instock","11":"sale","12":"shipping-taxable","13":"purchasable","14":"product-type-simple"},"_links":{"self":[{"href":"https:\/\/parapharmacieenligne.ma\/en\/wp-json\/wp\/v2\/product\/7054","targetHints":{"allow":["GET"]}}],"collection":[{"href":"https:\/\/parapharmacieenligne.ma\/en\/wp-json\/wp\/v2\/product"}],"about":[{"href":"https:\/\/parapharmacieenligne.ma\/en\/wp-json\/wp\/v2\/types\/product"}],"replies":[{"embeddable":true,"href":"https:\/\/parapharmacieenligne.ma\/en\/wp-json\/wp\/v2\/comments?post=7054"}],"version-history":[{"count":1,"href":"https:\/\/parapharmacieenligne.ma\/en\/wp-json\/wp\/v2\/product\/7054\/revisions"}],"predecessor-version":[{"id":7101,"href":"https:\/\/parapharmacieenligne.ma\/en\/wp-json\/wp\/v2\/product\/7054\/revisions\/7101"}],"wp:featuredmedia":[{"embeddable":true,"href":"https:\/\/parapharmacieenligne.ma\/en\/wp-json\/wp\/v2\/media\/7100"}],"wp:attachment":[{"href":"https:\/\/parapharmacieenligne.ma\/en\/wp-json\/wp\/v2\/media?parent=7054"}],"wp:term":[{"taxonomy":"product_cat","embeddable":true,"href":"https:\/\/parapharmacieenligne.ma\/en\/wp-json\/wp\/v2\/product_cat?post=7054"},{"taxonomy":"product_tag","embeddable":true,"href":"https:\/\/parapharmacieenligne.ma\/en\/wp-json\/wp\/v2\/product_tag?post=7054"},{"taxonomy":"yith_product_brand","embeddable":true,"href":"https:\/\/parapharmacieenligne.ma\/en\/wp-json\/wp\/v2\/yith_product_brand?post=7054"}],"curies":[{"name":"wp","href":"https:\/\/api.w.org\/{rel}","templated":true}]}}