{"id":7055,"date":"2026-01-25T21:30:17","date_gmt":"2026-01-25T20:30:17","guid":{"rendered":"https:\/\/parapharmacieenligne.ma\/?post_type=product&#038;p=7055"},"modified":"2026-01-25T21:31:16","modified_gmt":"2026-01-25T20:31:16","slug":"mustela-musti-eau-de-soin-parfumee-50-ml","status":"publish","type":"product","link":"https:\/\/parapharmacieenligne.ma\/en\/product\/mustela-musti-eau-de-soin-parfumee-50-ml\/","title":{"rendered":"Mustela Musti Eau de Soin Parfum\u00e9e \u2013 50 ml"},"content":{"rendered":"<div aria-labelledby=\"tab-title-description\" class=\"woocommerce-Tabs-panel woocommerce-Tabs-panel--description panel entry-content wc-tab\" id=\"tab-description\" role=\"tabpanel\" style=\"\">\n<h2>Description<\/h2>\n<p>Description<\/p>\n<p>Mustela Musti Eau de Soin Parfum\u00e9e 50 ml est une composition aromatique qui allie une note subtile d\u2019agrumes, la douceur de la rose et du lilas, \u00e0 un fond d\u00e9licatement ambr\u00e9, associ\u00e9e \u00e0 des extraits de miel et de camomille aux vertus apaisantes et adoucissantes.<\/p>\n<p>L\u2019eau de soin peut changer de couleur en raison de l\u2019\u00e9volution naturelle de certains ingr\u00e9dients v\u00e9g\u00e9taux de la formule. Ceci n\u2019alt\u00e8re pas la s\u00e9curit\u00e9 du produit.<\/p>\n<p>Test\u00e9e dermatologiquement.<\/p>\n<p>97% d\u2019ingr\u00e9dients d\u2019origine naturelle.<\/p>\n<p>Conseils d\u2019utilisation<\/p>\n<p>Peut s\u2019utiliser quotidiennement d\u00e8s la naissance (b\u00e9b\u00e9s sortis de n\u00e9onatalogie) pour parfumer d\u00e9licatement les cheveux, le cou et les v\u00eatements.<\/p>\n<p>Il est conseill\u00e9 de tester ce produit sur une petite zone d\u2019application avant utilisation.<\/p>\n<p>Composition<\/p>\n<p>AQUA\/WATER\/EAU, CAPRYLYL\/CAPRYL GLUCOSIDE, PARFUM\/FRAGRANCE, GLYCERIN, SODIUM BENZOATE, BUTYLENE GLYCOL, TARTARIC ACID, 1,2-HEXANEDIOL, CAPRYLYL GLYCOL, TRISODIUM ETHYLENEDIAMINE DISUCCINATE, CHAMOMILLA RECUTITA (MATRICARIA) FLOWER EXTRACT, MEL EXTRACT\/HONEY EXTRACT\/EXTRAIT DE MIEL.<\/p>\n<\/p><\/div>","protected":false},"excerpt":{"rendered":"<p>Highlights:Musti Eau de soin parfum\u00e9e de MUSTELA est un parfum pour b\u00e9b\u00e9 contenu dans un flacon vaporisateur de 50 ml. Elle peut \u00eatre utilis\u00e9e pour parfumer les enfants d\u00e8s la naissance. De plus, elle participe \u00e0 l\u2019\u00e9veil sensoriel chez les nourrissons.<\/p>","protected":false},"featured_media":7102,"comment_status":"open","ping_status":"closed","template":"","meta":[],"product_cat":[87],"product_tag":[],"yith_product_brand":[114],"class_list":{"0":"post-7055","1":"product","2":"type-product","3":"status-publish","4":"has-post-thumbnail","6":"product_cat-bebe-et-maman","7":"yith_product_brand-mustela","9":"first","10":"instock","11":"sale","12":"shipping-taxable","13":"purchasable","14":"product-type-simple"},"_links":{"self":[{"href":"https:\/\/parapharmacieenligne.ma\/en\/wp-json\/wp\/v2\/product\/7055","targetHints":{"allow":["GET"]}}],"collection":[{"href":"https:\/\/parapharmacieenligne.ma\/en\/wp-json\/wp\/v2\/product"}],"about":[{"href":"https:\/\/parapharmacieenligne.ma\/en\/wp-json\/wp\/v2\/types\/product"}],"replies":[{"embeddable":true,"href":"https:\/\/parapharmacieenligne.ma\/en\/wp-json\/wp\/v2\/comments?post=7055"}],"version-history":[{"count":1,"href":"https:\/\/parapharmacieenligne.ma\/en\/wp-json\/wp\/v2\/product\/7055\/revisions"}],"predecessor-version":[{"id":7103,"href":"https:\/\/parapharmacieenligne.ma\/en\/wp-json\/wp\/v2\/product\/7055\/revisions\/7103"}],"wp:featuredmedia":[{"embeddable":true,"href":"https:\/\/parapharmacieenligne.ma\/en\/wp-json\/wp\/v2\/media\/7102"}],"wp:attachment":[{"href":"https:\/\/parapharmacieenligne.ma\/en\/wp-json\/wp\/v2\/media?parent=7055"}],"wp:term":[{"taxonomy":"product_cat","embeddable":true,"href":"https:\/\/parapharmacieenligne.ma\/en\/wp-json\/wp\/v2\/product_cat?post=7055"},{"taxonomy":"product_tag","embeddable":true,"href":"https:\/\/parapharmacieenligne.ma\/en\/wp-json\/wp\/v2\/product_tag?post=7055"},{"taxonomy":"yith_product_brand","embeddable":true,"href":"https:\/\/parapharmacieenligne.ma\/en\/wp-json\/wp\/v2\/yith_product_brand?post=7055"}],"curies":[{"name":"wp","href":"https:\/\/api.w.org\/{rel}","templated":true}]}}