{"id":7056,"date":"2026-01-25T21:30:17","date_gmt":"2026-01-25T20:30:17","guid":{"rendered":"https:\/\/parapharmacieenligne.ma\/?post_type=product&#038;p=7056"},"modified":"2026-01-25T21:31:19","modified_gmt":"2026-01-25T20:31:19","slug":"mustela-creme-hydratante-apaisante-40-ml","status":"publish","type":"product","link":"https:\/\/parapharmacieenligne.ma\/en\/product\/mustela-creme-hydratante-apaisante-40-ml\/","title":{"rendered":"Mustela Cr\u00e8me Hydratante Apaisante \u2013 40 ml"},"content":{"rendered":"<div aria-labelledby=\"tab-title-description\" class=\"woocommerce-Tabs-panel woocommerce-Tabs-panel--description panel entry-content wc-tab\" id=\"tab-description\" role=\"tabpanel\" style=\"\">\n<h2>Description<\/h2>\n<p>Description<\/p>\n<p>Hydrate imm\u00e9diatement et durablement la peau de b\u00e9b\u00e9. Apaise les petites rougeurs visibles, les sensations de picotements et de tiraillements des peaux tr\u00e8s sensibles. Sa texture l\u00e9g\u00e8re procure un effet seconde peau protecteur face aux agressions du quotidien.<\/p>\n<p>Conseils d\u2019utilisation<\/p>\n<p>Appliquer matin et soir la cr\u00e8me hydratante sur le visage de b\u00e9b\u00e9.<\/p>\n<p>Composition<\/p>\n<p>AQUA\/WATER\/EAU, TRIISOSTEARIN, PROPANEDIOL DICAPRYLATE, DICAPRYLYL CARBONATE, C12-16 ALCOHOLS, 1,2-HEXANEDIOL, GLYCERIN, GLYCERYL STEARATE SE, SODIUM ACRYLATES COPOLYMER, HYDROGENATED LECITHIN, PALMITIC ACID, CETYL ALCOHOL, MICROCRYSTALLINE CELLULOSE, GLYCERYL CAPRYLATE, CAPRYLYL GLYCOL, LECITHIN, DIPOTASSIUM GLYCYRRHIZATE, TOCOPHEROL, XANTHAN GUM, MALTODEXTRIN, SACCHARIDE HYDROLYSATE, CITRIC ACID, PERSEA GRATISSIMA (AVOCADO) FRUIT EXTRACT<\/p>\n<\/p><\/div>","protected":false},"excerpt":{"rendered":"<p>Highlights:La Cr\u00e8me Hydratante Visage Apaisante, formul\u00e9e sans parfum, convient au soin quotidien des enfants aux peaux tr\u00e8s sensibles. Elle hydrate et apaise les petites rougeurs et les sensations de picotements.<\/p>","protected":false},"featured_media":7104,"comment_status":"open","ping_status":"closed","template":"","meta":[],"product_cat":[87],"product_tag":[],"yith_product_brand":[114],"class_list":{"0":"post-7056","1":"product","2":"type-product","3":"status-publish","4":"has-post-thumbnail","6":"product_cat-bebe-et-maman","7":"yith_product_brand-mustela","9":"first","10":"instock","11":"sale","12":"shipping-taxable","13":"purchasable","14":"product-type-simple"},"_links":{"self":[{"href":"https:\/\/parapharmacieenligne.ma\/en\/wp-json\/wp\/v2\/product\/7056","targetHints":{"allow":["GET"]}}],"collection":[{"href":"https:\/\/parapharmacieenligne.ma\/en\/wp-json\/wp\/v2\/product"}],"about":[{"href":"https:\/\/parapharmacieenligne.ma\/en\/wp-json\/wp\/v2\/types\/product"}],"replies":[{"embeddable":true,"href":"https:\/\/parapharmacieenligne.ma\/en\/wp-json\/wp\/v2\/comments?post=7056"}],"version-history":[{"count":1,"href":"https:\/\/parapharmacieenligne.ma\/en\/wp-json\/wp\/v2\/product\/7056\/revisions"}],"predecessor-version":[{"id":7105,"href":"https:\/\/parapharmacieenligne.ma\/en\/wp-json\/wp\/v2\/product\/7056\/revisions\/7105"}],"wp:featuredmedia":[{"embeddable":true,"href":"https:\/\/parapharmacieenligne.ma\/en\/wp-json\/wp\/v2\/media\/7104"}],"wp:attachment":[{"href":"https:\/\/parapharmacieenligne.ma\/en\/wp-json\/wp\/v2\/media?parent=7056"}],"wp:term":[{"taxonomy":"product_cat","embeddable":true,"href":"https:\/\/parapharmacieenligne.ma\/en\/wp-json\/wp\/v2\/product_cat?post=7056"},{"taxonomy":"product_tag","embeddable":true,"href":"https:\/\/parapharmacieenligne.ma\/en\/wp-json\/wp\/v2\/product_tag?post=7056"},{"taxonomy":"yith_product_brand","embeddable":true,"href":"https:\/\/parapharmacieenligne.ma\/en\/wp-json\/wp\/v2\/yith_product_brand?post=7056"}],"curies":[{"name":"wp","href":"https:\/\/api.w.org\/{rel}","templated":true}]}}