{"id":7058,"date":"2026-01-25T21:30:18","date_gmt":"2026-01-25T20:30:18","guid":{"rendered":"https:\/\/parapharmacieenligne.ma\/?post_type=product&#038;p=7058"},"modified":"2026-01-25T21:31:24","modified_gmt":"2026-01-25T20:31:24","slug":"mustela-gel-lavant-apaisant-corps-et-cheveux-peaux-tres-sensibles-300ml","status":"publish","type":"product","link":"https:\/\/parapharmacieenligne.ma\/en\/product\/mustela-gel-lavant-apaisant-corps-et-cheveux-peaux-tres-sensibles-300ml\/","title":{"rendered":"Mustela Gel Lavant Apaisant Corps Et Cheveux Peaux Tres Sensibles 300ml"},"content":{"rendered":"<div aria-labelledby=\"tab-title-description\" class=\"woocommerce-Tabs-panel woocommerce-Tabs-panel--description panel entry-content wc-tab\" id=\"tab-description\" role=\"tabpanel\" style=\"\">\n<h2>Description<\/h2>\n<p>Le gel douche lavant et apaisant pour corps et cheveux est formul\u00e9 pour s\u2019utiliser au quotidien lors du bain de votre b\u00e9b\u00e9, d\u00e8s la naissance.<br \/>\n Il prendra soin des \u00e9pidermes les plus d\u00e9licats et sensibles. Il nettoie en douceur et contribue \u00e0 apaiser les petites rougeurs, sensations de tiraillement occasionn\u00e9es par une eau trop calcaire, ou autres agressions ext\u00e9rieur pouvant ass\u00e9cher sa peau.<\/p>\n<\/p><\/div>","protected":false},"excerpt":{"rendered":"<p>Highlights:Gel Lavant ApaisantAu schisandra bioD\u00e8s la naissance*Corps et CheveuxPeaux tr\u00e8s sensiblesHypoallerg\u00e9niqueHaute tol\u00e9rance0% parfum, paraben, phtalate, ph\u00e9noxy\u00e9thanol<\/p>","protected":false},"featured_media":7108,"comment_status":"open","ping_status":"closed","template":"","meta":[],"product_cat":[87],"product_tag":[],"yith_product_brand":[114],"class_list":{"0":"post-7058","1":"product","2":"type-product","3":"status-publish","4":"has-post-thumbnail","6":"product_cat-bebe-et-maman","7":"yith_product_brand-mustela","9":"first","10":"instock","11":"sale","12":"shipping-taxable","13":"purchasable","14":"product-type-simple"},"_links":{"self":[{"href":"https:\/\/parapharmacieenligne.ma\/en\/wp-json\/wp\/v2\/product\/7058","targetHints":{"allow":["GET"]}}],"collection":[{"href":"https:\/\/parapharmacieenligne.ma\/en\/wp-json\/wp\/v2\/product"}],"about":[{"href":"https:\/\/parapharmacieenligne.ma\/en\/wp-json\/wp\/v2\/types\/product"}],"replies":[{"embeddable":true,"href":"https:\/\/parapharmacieenligne.ma\/en\/wp-json\/wp\/v2\/comments?post=7058"}],"version-history":[{"count":1,"href":"https:\/\/parapharmacieenligne.ma\/en\/wp-json\/wp\/v2\/product\/7058\/revisions"}],"predecessor-version":[{"id":7109,"href":"https:\/\/parapharmacieenligne.ma\/en\/wp-json\/wp\/v2\/product\/7058\/revisions\/7109"}],"wp:featuredmedia":[{"embeddable":true,"href":"https:\/\/parapharmacieenligne.ma\/en\/wp-json\/wp\/v2\/media\/7108"}],"wp:attachment":[{"href":"https:\/\/parapharmacieenligne.ma\/en\/wp-json\/wp\/v2\/media?parent=7058"}],"wp:term":[{"taxonomy":"product_cat","embeddable":true,"href":"https:\/\/parapharmacieenligne.ma\/en\/wp-json\/wp\/v2\/product_cat?post=7058"},{"taxonomy":"product_tag","embeddable":true,"href":"https:\/\/parapharmacieenligne.ma\/en\/wp-json\/wp\/v2\/product_tag?post=7058"},{"taxonomy":"yith_product_brand","embeddable":true,"href":"https:\/\/parapharmacieenligne.ma\/en\/wp-json\/wp\/v2\/yith_product_brand?post=7058"}],"curies":[{"name":"wp","href":"https:\/\/api.w.org\/{rel}","templated":true}]}}