{"id":7059,"date":"2026-01-25T21:30:18","date_gmt":"2026-01-25T20:30:18","guid":{"rendered":"https:\/\/parapharmacieenligne.ma\/?post_type=product&#038;p=7059"},"modified":"2026-01-25T21:31:27","modified_gmt":"2026-01-25T20:31:27","slug":"mustela-maternite-creme-vergetures-150ml","status":"publish","type":"product","link":"https:\/\/parapharmacieenligne.ma\/en\/product\/mustela-maternite-creme-vergetures-150ml\/","title":{"rendered":"Mustela MATERNIT\u00c9 Cr\u00e8me Vergetures 150ml"},"content":{"rendered":"<div aria-labelledby=\"tab-title-description\" class=\"woocommerce-Tabs-panel woocommerce-Tabs-panel--description panel entry-content wc-tab\" id=\"tab-description\" role=\"tabpanel\" style=\"\">\n<h2>Description<\/h2>\n<p>Notre ingr\u00e9dient phare est extrait de l\u2019huile de maracuja sp\u00e9cifiquement choisi pour am\u00e9liorer l\u2019\u00e9lasticit\u00e9 et pr\u00e9server la souplesse de la peau des femmes enceintes.<\/p>\n<p><strong>Conseils d\u2019utilisation :<\/strong><\/p>\n<p>La cr\u00e8me s\u2019utilise matin et soir d\u00e8s le premier mois de grossesse, et apr\u00e8s l\u2019accouchement. Elle est compatible avec l\u2019allaitement.<br \/>\n \u00c9tape1 : Appuyer l\u00e9g\u00e8rement sur le tube et recueillir trois noisettes entre ses mains.<\/p>\n<p>\u00c9tape2 : Appliquer sur le ventre, les cuisses, les fesses et les seins (en respectant les r\u00e8gles d\u2019hygi\u00e8ne de la t\u00e9t\u00e9e) mais pas sur la cicatrice de c\u00e9sarienne.<\/p>\n<p>\u00c9tape3 : Se rhabiller sans crainte, la cr\u00e8me n\u2019est pas grasse et ne colle pas.<\/p>\n<p>Une fois le tube termin\u00e9, jetez le dans la poubelle d\u2019ordures m\u00e9nag\u00e8res.<\/p>\n<\/p><\/div>","protected":false},"excerpt":{"rendered":"<p>Highlights:La Cr\u00e8me vergetures peut \u00eatre utilis\u00e9e tout au long de la grossesse pour pr\u00e9venir l\u2019apparition des vergetures. Elle hydrate et apaise les sensations de tiraillement.<\/p>","protected":false},"featured_media":7110,"comment_status":"open","ping_status":"closed","template":"","meta":[],"product_cat":[87],"product_tag":[],"yith_product_brand":[114],"class_list":{"0":"post-7059","1":"product","2":"type-product","3":"status-publish","4":"has-post-thumbnail","6":"product_cat-bebe-et-maman","7":"yith_product_brand-mustela","9":"first","10":"instock","11":"sale","12":"shipping-taxable","13":"purchasable","14":"product-type-simple"},"_links":{"self":[{"href":"https:\/\/parapharmacieenligne.ma\/en\/wp-json\/wp\/v2\/product\/7059","targetHints":{"allow":["GET"]}}],"collection":[{"href":"https:\/\/parapharmacieenligne.ma\/en\/wp-json\/wp\/v2\/product"}],"about":[{"href":"https:\/\/parapharmacieenligne.ma\/en\/wp-json\/wp\/v2\/types\/product"}],"replies":[{"embeddable":true,"href":"https:\/\/parapharmacieenligne.ma\/en\/wp-json\/wp\/v2\/comments?post=7059"}],"version-history":[{"count":1,"href":"https:\/\/parapharmacieenligne.ma\/en\/wp-json\/wp\/v2\/product\/7059\/revisions"}],"predecessor-version":[{"id":7111,"href":"https:\/\/parapharmacieenligne.ma\/en\/wp-json\/wp\/v2\/product\/7059\/revisions\/7111"}],"wp:featuredmedia":[{"embeddable":true,"href":"https:\/\/parapharmacieenligne.ma\/en\/wp-json\/wp\/v2\/media\/7110"}],"wp:attachment":[{"href":"https:\/\/parapharmacieenligne.ma\/en\/wp-json\/wp\/v2\/media?parent=7059"}],"wp:term":[{"taxonomy":"product_cat","embeddable":true,"href":"https:\/\/parapharmacieenligne.ma\/en\/wp-json\/wp\/v2\/product_cat?post=7059"},{"taxonomy":"product_tag","embeddable":true,"href":"https:\/\/parapharmacieenligne.ma\/en\/wp-json\/wp\/v2\/product_tag?post=7059"},{"taxonomy":"yith_product_brand","embeddable":true,"href":"https:\/\/parapharmacieenligne.ma\/en\/wp-json\/wp\/v2\/yith_product_brand?post=7059"}],"curies":[{"name":"wp","href":"https:\/\/api.w.org\/{rel}","templated":true}]}}