{"id":7062,"date":"2026-01-25T21:30:19","date_gmt":"2026-01-25T20:30:19","guid":{"rendered":"https:\/\/parapharmacieenligne.ma\/?post_type=product&#038;p=7062"},"modified":"2026-01-25T21:31:34","modified_gmt":"2026-01-25T20:31:34","slug":"mustela-lingettes-nettoyantes-70-pieces","status":"publish","type":"product","link":"https:\/\/parapharmacieenligne.ma\/en\/product\/mustela-lingettes-nettoyantes-70-pieces\/","title":{"rendered":"Mustela Lingettes Nettoyantes \u2013 70 Pi\u00e9ces"},"content":{"rendered":"<div aria-labelledby=\"tab-title-description\" class=\"woocommerce-Tabs-panel woocommerce-Tabs-panel--description panel entry-content wc-tab\" id=\"tab-description\" role=\"tabpanel\" style=\"\">\n<h2>Description<\/h2>\n<p>Description<\/p>\n<p>Nettoient d\u00e9licatement la peau et procurent une agr\u00e9able sensation de fra\u00eecheur.<\/p>\n<p>Laissent la peau du nouveau-n\u00e9*, du b\u00e9b\u00e9 et de l\u2019enfant douce et hydrat\u00e9e.<\/p>\n<p>Conseils d\u2019utilisation<\/p>\n<p>Pr\u00e9lever une lingette Mustela\u00ae, nettoyer d\u00e9licatement le visage, les mains le si\u00e8ge et le corps du b\u00e9b\u00e9 ou de l\u2019enfant. Bien refermer apr\u00e8s usage.<\/p>\n<p>Composition<\/p>\n<p>AQUA\/WATER\/EAU, GLYCERIN, PEG-40 HYDROGENATED CASTOR OIL, SODIUM BENZOATE, POTASSIUM SORBATE, ALLANTOIN, 1,2-HEXANEDIOL, CAPRYLYL GLYCOL, TARTARIC ACID, PROPYLENE GLYCOL, ALOE BARBADENSIS LEAF JUICE POWDER, SAPONARIA OFFICINALIS LEAF\/ROOT EXTRACT, TROPOLONE, PERSEA GRATISSIMA (AVOCADO) FRUIT EXTRACT , SODIUM HYDROXIDE, PARFUM (FRAGRANCE)<\/p>\n<\/p><\/div>","protected":false},"excerpt":{"rendered":"<p>Highlights:Les Lingettes B\u00e9b\u00e9, d\u00e9licatement parfum\u00e9es, nettoient efficacement visage, mains, fesses et laissent la peau douce et hydrat\u00e9e. Compos\u00e9es \u00e0 97% d\u2019ingr\u00e9dients d\u2019origine naturelle, elles peuvent \u00eatre utilis\u00e9es d\u00e8s la naissance. B\u00e9b\u00e9s sortis de n\u00e9onatologie<\/p>","protected":false},"featured_media":7116,"comment_status":"open","ping_status":"closed","template":"","meta":[],"product_cat":[87],"product_tag":[],"yith_product_brand":[114],"class_list":{"0":"post-7062","1":"product","2":"type-product","3":"status-publish","4":"has-post-thumbnail","6":"product_cat-bebe-et-maman","7":"yith_product_brand-mustela","9":"first","10":"instock","11":"sale","12":"shipping-taxable","13":"purchasable","14":"product-type-simple"},"_links":{"self":[{"href":"https:\/\/parapharmacieenligne.ma\/en\/wp-json\/wp\/v2\/product\/7062","targetHints":{"allow":["GET"]}}],"collection":[{"href":"https:\/\/parapharmacieenligne.ma\/en\/wp-json\/wp\/v2\/product"}],"about":[{"href":"https:\/\/parapharmacieenligne.ma\/en\/wp-json\/wp\/v2\/types\/product"}],"replies":[{"embeddable":true,"href":"https:\/\/parapharmacieenligne.ma\/en\/wp-json\/wp\/v2\/comments?post=7062"}],"version-history":[{"count":1,"href":"https:\/\/parapharmacieenligne.ma\/en\/wp-json\/wp\/v2\/product\/7062\/revisions"}],"predecessor-version":[{"id":7117,"href":"https:\/\/parapharmacieenligne.ma\/en\/wp-json\/wp\/v2\/product\/7062\/revisions\/7117"}],"wp:featuredmedia":[{"embeddable":true,"href":"https:\/\/parapharmacieenligne.ma\/en\/wp-json\/wp\/v2\/media\/7116"}],"wp:attachment":[{"href":"https:\/\/parapharmacieenligne.ma\/en\/wp-json\/wp\/v2\/media?parent=7062"}],"wp:term":[{"taxonomy":"product_cat","embeddable":true,"href":"https:\/\/parapharmacieenligne.ma\/en\/wp-json\/wp\/v2\/product_cat?post=7062"},{"taxonomy":"product_tag","embeddable":true,"href":"https:\/\/parapharmacieenligne.ma\/en\/wp-json\/wp\/v2\/product_tag?post=7062"},{"taxonomy":"yith_product_brand","embeddable":true,"href":"https:\/\/parapharmacieenligne.ma\/en\/wp-json\/wp\/v2\/yith_product_brand?post=7062"}],"curies":[{"name":"wp","href":"https:\/\/api.w.org\/{rel}","templated":true}]}}