{"id":7063,"date":"2026-01-25T21:30:19","date_gmt":"2026-01-25T20:30:19","guid":{"rendered":"https:\/\/parapharmacieenligne.ma\/?post_type=product&#038;p=7063"},"modified":"2026-01-25T21:31:41","modified_gmt":"2026-01-25T20:31:41","slug":"mustela-lait-solaire-tres-haute-protection-spf-50-40-ml","status":"publish","type":"product","link":"https:\/\/parapharmacieenligne.ma\/en\/product\/mustela-lait-solaire-tres-haute-protection-spf-50-40-ml\/","title":{"rendered":"Mustela Lait Solaire Tr\u00e8s Haute Protection SPF 50+ \u2013 40 ml"},"content":{"rendered":"<div aria-labelledby=\"tab-title-description\" class=\"woocommerce-Tabs-panel woocommerce-Tabs-panel--description panel entry-content wc-tab\" id=\"tab-description\" role=\"tabpanel\" style=\"\">\n<h2>Description<\/h2>\n<p>Description<\/p>\n<p>SPF 50+ anti UVB UVA.<\/p>\n<p>Formule tr\u00e8s r\u00e9sistante \u00e0 l\u2019eau chlor\u00e9e et sal\u00e9e.<\/p>\n<p>Formule r\u00e9sistante au sable.<\/p>\n<p>Conseils d\u2019utilisation<\/p>\n<p>Appliquer g\u00e9n\u00e9reusement et uniform\u00e9ment avant exposition pour maintenir un haut niveau de protection. Renouveler toutes les 2 heures et apr\u00e8s chaque baignade sur peau s\u00e8che, et \u00e9galement en cas de transpiration. Ne pas exposer directement les jeunes enfants au soleil. \u00c9viter tout contact avec les yeux. Visage et corps.<\/p>\n<p>Composition<\/p>\n<p>AQUA\/WATER\/EAU, CAPRYLIC\/CAPRIC TRIGLYCERIDE, DICAPRYLYL CARBONATE, DIETHYLAMINO HYDROXYBENZOYL HEXYL BENZOATE, BIS-ETHYLHEXYLOXYPHENOL METHOXYPHENYL TRIAZINE, DIETHYLHEXYL BUTAMIDO TRIAZONE, GLYCERIN, CETYL ALCOHOL, ETHYLHEXYL TRIAZONE, C20-22 ALKYL PHOSPHATE, C20-22 ALCOHOLS, ARGININE, 1,2-HEXANEDIOL, GLYCERYL CAPRYLATE, PERSEA GRATISSIMA (AVOCADO) OIL, TOCOPHEROL, CAPRYLYL GLYCOL, XANTHAN GUM, HELIANTHUS ANNUUS (SUNFLOWER) SEED OIL , ACRYLATES\/C10-30 ALKYL ACRYLATE CROSSPOLYMER, PERSEA GRATISSIMA (AVOCADO) FRUIT EXTRACT<\/p>\n<\/p><\/div>","protected":false},"excerpt":{"rendered":"<p>Highlights:Le Lait Solaire B\u00e9b\u00e9 et Enfant indice SPF 50+ prot\u00e8ge des rayons UVA et UVB les peaux sensibles, intol\u00e9rantes au soleil et \u00e0 tendance atopique. Ce lait Tr\u00e8s Haute Protection peut s\u2019utiliser sur le visage et le corps, et r\u00e9siste \u00e0 l\u2019eau et au sable.<\/p>","protected":false},"featured_media":7118,"comment_status":"open","ping_status":"closed","template":"","meta":[],"product_cat":[87],"product_tag":[],"yith_product_brand":[114],"class_list":{"0":"post-7063","1":"product","2":"type-product","3":"status-publish","4":"has-post-thumbnail","6":"product_cat-bebe-et-maman","7":"yith_product_brand-mustela","9":"first","10":"instock","11":"sale","12":"shipping-taxable","13":"purchasable","14":"product-type-simple"},"_links":{"self":[{"href":"https:\/\/parapharmacieenligne.ma\/en\/wp-json\/wp\/v2\/product\/7063","targetHints":{"allow":["GET"]}}],"collection":[{"href":"https:\/\/parapharmacieenligne.ma\/en\/wp-json\/wp\/v2\/product"}],"about":[{"href":"https:\/\/parapharmacieenligne.ma\/en\/wp-json\/wp\/v2\/types\/product"}],"replies":[{"embeddable":true,"href":"https:\/\/parapharmacieenligne.ma\/en\/wp-json\/wp\/v2\/comments?post=7063"}],"version-history":[{"count":1,"href":"https:\/\/parapharmacieenligne.ma\/en\/wp-json\/wp\/v2\/product\/7063\/revisions"}],"predecessor-version":[{"id":7119,"href":"https:\/\/parapharmacieenligne.ma\/en\/wp-json\/wp\/v2\/product\/7063\/revisions\/7119"}],"wp:featuredmedia":[{"embeddable":true,"href":"https:\/\/parapharmacieenligne.ma\/en\/wp-json\/wp\/v2\/media\/7118"}],"wp:attachment":[{"href":"https:\/\/parapharmacieenligne.ma\/en\/wp-json\/wp\/v2\/media?parent=7063"}],"wp:term":[{"taxonomy":"product_cat","embeddable":true,"href":"https:\/\/parapharmacieenligne.ma\/en\/wp-json\/wp\/v2\/product_cat?post=7063"},{"taxonomy":"product_tag","embeddable":true,"href":"https:\/\/parapharmacieenligne.ma\/en\/wp-json\/wp\/v2\/product_tag?post=7063"},{"taxonomy":"yith_product_brand","embeddable":true,"href":"https:\/\/parapharmacieenligne.ma\/en\/wp-json\/wp\/v2\/yith_product_brand?post=7063"}],"curies":[{"name":"wp","href":"https:\/\/api.w.org\/{rel}","templated":true}]}}