{"id":7064,"date":"2026-01-25T21:30:19","date_gmt":"2026-01-25T20:30:19","guid":{"rendered":"https:\/\/parapharmacieenligne.ma\/?post_type=product&#038;p=7064"},"modified":"2026-01-25T21:31:43","modified_gmt":"2026-01-25T20:31:43","slug":"mustela-bebe-lait-de-toilette-sans-rincage-500-ml","status":"publish","type":"product","link":"https:\/\/parapharmacieenligne.ma\/en\/product\/mustela-bebe-lait-de-toilette-sans-rincage-500-ml\/","title":{"rendered":"Mustela B\u00e9b\u00e9 Lait de Toilette Sans Rin\u00e7age \u2013 500 ml"},"content":{"rendered":"<div aria-labelledby=\"tab-title-description\" class=\"woocommerce-Tabs-panel woocommerce-Tabs-panel--description panel entry-content wc-tab\" id=\"tab-description\" role=\"tabpanel\" style=\"\">\n<h2>Description<\/h2>\n<p>Description<\/p>\n<p>Le Lait de Toilette Sans Rin\u00e7age de Mustela est destin\u00e9 aux b\u00e9b\u00e9s d\u00e8s la sortie de n\u00e9onatologie ainsi qu\u2019aux jeunes enfants. Il permet de d\u00e9barrasser la peau des impuret\u00e9s sans utiliser d\u2019eau et sans dess\u00e9cher la peau :<\/p>\n<p>\u2013 Il \u00e9limine les r\u00e9sidus en douceur.<\/p>\n<p>\u2013 Il pr\u00e9vient la s\u00e9cheresse de la peau.<\/p>\n<p>\u2013 Il participe \u00e0 une bonne hydratation.<\/p>\n<p>\u2013 Il adoucit la peau.<\/p>\n<p>Adapt\u00e9 au nettoyage du visage et du si\u00e8ge, ce produit nettoyant pour b\u00e9b\u00e9 est facile \u00e0 utiliser o\u00f9 que vous soyez.<\/p>\n<p>Conseils d\u2019utilisation<\/p>\n<p>Imbibez un coton de lait nettoyant et passez-le sur le visage ou le si\u00e8ge. Il n\u2019est pas n\u00e9cessaire de rincer ensuite.<\/p>\n<p>Composition<\/p>\n<p>AQUA\/WATER\/EAU, HELIANTHUS ANNUUS (SUNFLOWER) SEED OIL , GLYCERIN, POLYGLYCERYL-3 DISTEARATE, C10-18 TRIGLYCERIDES, GLYCERYL STEARATE SE, CETYL ALCOHOL, 1,2-HEXANEDIOL, GLYCERYL CAPRYLATE, GLYCERYL STEARATE CITRATE, PARFUM (FRAGRANCE), CARBOMER, PERSEA GRATISSIMA (AVOCADO) FRUIT EXTRACT , SODIUM HYDROXIDE<\/p>\n<\/p><\/div>","protected":false},"excerpt":{"rendered":"<p>Highlights:Vous souhaitez d\u00e9barbouiller b\u00e9b\u00e9 facilement au quotidien ? Lorsqu\u2019il n\u2019est pas possible d\u2019acc\u00e9der \u00e0 un point d\u2019eau, faites appel \u00e0 une solution nettoyante sans rin\u00e7age. Le Lait de Toilette Sans Rin\u00e7age de Mustela nettoie la peau du b\u00e9b\u00e9 d\u00e8s la naissance, sans la dess\u00e9cher.<\/p>","protected":false},"featured_media":7120,"comment_status":"open","ping_status":"closed","template":"","meta":[],"product_cat":[87],"product_tag":[],"yith_product_brand":[114],"class_list":{"0":"post-7064","1":"product","2":"type-product","3":"status-publish","4":"has-post-thumbnail","6":"product_cat-bebe-et-maman","7":"yith_product_brand-mustela","9":"first","10":"instock","11":"sale","12":"shipping-taxable","13":"purchasable","14":"product-type-simple"},"_links":{"self":[{"href":"https:\/\/parapharmacieenligne.ma\/en\/wp-json\/wp\/v2\/product\/7064","targetHints":{"allow":["GET"]}}],"collection":[{"href":"https:\/\/parapharmacieenligne.ma\/en\/wp-json\/wp\/v2\/product"}],"about":[{"href":"https:\/\/parapharmacieenligne.ma\/en\/wp-json\/wp\/v2\/types\/product"}],"replies":[{"embeddable":true,"href":"https:\/\/parapharmacieenligne.ma\/en\/wp-json\/wp\/v2\/comments?post=7064"}],"version-history":[{"count":1,"href":"https:\/\/parapharmacieenligne.ma\/en\/wp-json\/wp\/v2\/product\/7064\/revisions"}],"predecessor-version":[{"id":7121,"href":"https:\/\/parapharmacieenligne.ma\/en\/wp-json\/wp\/v2\/product\/7064\/revisions\/7121"}],"wp:featuredmedia":[{"embeddable":true,"href":"https:\/\/parapharmacieenligne.ma\/en\/wp-json\/wp\/v2\/media\/7120"}],"wp:attachment":[{"href":"https:\/\/parapharmacieenligne.ma\/en\/wp-json\/wp\/v2\/media?parent=7064"}],"wp:term":[{"taxonomy":"product_cat","embeddable":true,"href":"https:\/\/parapharmacieenligne.ma\/en\/wp-json\/wp\/v2\/product_cat?post=7064"},{"taxonomy":"product_tag","embeddable":true,"href":"https:\/\/parapharmacieenligne.ma\/en\/wp-json\/wp\/v2\/product_tag?post=7064"},{"taxonomy":"yith_product_brand","embeddable":true,"href":"https:\/\/parapharmacieenligne.ma\/en\/wp-json\/wp\/v2\/yith_product_brand?post=7064"}],"curies":[{"name":"wp","href":"https:\/\/api.w.org\/{rel}","templated":true}]}}