{"id":7065,"date":"2026-01-25T21:30:19","date_gmt":"2026-01-25T20:30:19","guid":{"rendered":"https:\/\/parapharmacieenligne.ma\/?post_type=product&#038;p=7065"},"modified":"2026-01-25T21:31:45","modified_gmt":"2026-01-25T20:31:45","slug":"mustela-lait-de-toilette-bebe-200-ml","status":"publish","type":"product","link":"https:\/\/parapharmacieenligne.ma\/en\/product\/mustela-lait-de-toilette-bebe-200-ml\/","title":{"rendered":"Mustela Lait de Toilette B\u00e9b\u00e9 \u2013 200 ml"},"content":{"rendered":"<div aria-labelledby=\"tab-title-description\" class=\"woocommerce-Tabs-panel woocommerce-Tabs-panel--description panel entry-content wc-tab\" id=\"tab-description\" role=\"tabpanel\" style=\"\">\n<h2>Description<\/h2>\n<p>Description<\/p>\n<p>Id\u00e9al au quotidien pour nettoyer la peau de votre b\u00e9b\u00e9. Visage et si\u00e8ge.<\/p>\n<p>Conseils d\u2019utilisation<\/p>\n<p>Nettoyez le visage et le corps de votre b\u00e9b\u00e9 \u00e0 l aide de cotons impr\u00e9gn\u00e9s du Lait de Toilette Mustela.<\/p>\n<p>Composition<\/p>\n<p>AQUA, HELIANTHUS ANNUUS SEED OIL, HYDROGENATED VEGETABLE OIL, GLYCERIL STEARATE, PRUNUS AMYGDALUS DULCIS OIL, ZEA MAYS OIL, STEARIC ACID, LAURETH-11, CETYL ALCOHOL, PEG-6 LAURATE, GLYCERYL OLEATE, PARFUM (FRAGRANCE), SODIUM CITRATE, CITRIC ACID, SIMETHICONE (SIMETICONE)<\/p>\n<\/p><\/div>","protected":false},"excerpt":{"rendered":"<p>Highlights:Mustela Lait de toilette b\u00e9b\u00e9 Pour nettoyer en douceur le visage et le si\u00e8ge de b\u00e9b\u00e9, le lait de toilette Mustela convient particuli\u00e8rement aux peaux sensibles.<\/p>","protected":false},"featured_media":7122,"comment_status":"open","ping_status":"closed","template":"","meta":[],"product_cat":[87],"product_tag":[],"yith_product_brand":[114],"class_list":{"0":"post-7065","1":"product","2":"type-product","3":"status-publish","4":"has-post-thumbnail","6":"product_cat-bebe-et-maman","7":"yith_product_brand-mustela","9":"first","10":"instock","11":"sale","12":"shipping-taxable","13":"purchasable","14":"product-type-simple"},"_links":{"self":[{"href":"https:\/\/parapharmacieenligne.ma\/en\/wp-json\/wp\/v2\/product\/7065","targetHints":{"allow":["GET"]}}],"collection":[{"href":"https:\/\/parapharmacieenligne.ma\/en\/wp-json\/wp\/v2\/product"}],"about":[{"href":"https:\/\/parapharmacieenligne.ma\/en\/wp-json\/wp\/v2\/types\/product"}],"replies":[{"embeddable":true,"href":"https:\/\/parapharmacieenligne.ma\/en\/wp-json\/wp\/v2\/comments?post=7065"}],"version-history":[{"count":1,"href":"https:\/\/parapharmacieenligne.ma\/en\/wp-json\/wp\/v2\/product\/7065\/revisions"}],"predecessor-version":[{"id":7123,"href":"https:\/\/parapharmacieenligne.ma\/en\/wp-json\/wp\/v2\/product\/7065\/revisions\/7123"}],"wp:featuredmedia":[{"embeddable":true,"href":"https:\/\/parapharmacieenligne.ma\/en\/wp-json\/wp\/v2\/media\/7122"}],"wp:attachment":[{"href":"https:\/\/parapharmacieenligne.ma\/en\/wp-json\/wp\/v2\/media?parent=7065"}],"wp:term":[{"taxonomy":"product_cat","embeddable":true,"href":"https:\/\/parapharmacieenligne.ma\/en\/wp-json\/wp\/v2\/product_cat?post=7065"},{"taxonomy":"product_tag","embeddable":true,"href":"https:\/\/parapharmacieenligne.ma\/en\/wp-json\/wp\/v2\/product_tag?post=7065"},{"taxonomy":"yith_product_brand","embeddable":true,"href":"https:\/\/parapharmacieenligne.ma\/en\/wp-json\/wp\/v2\/yith_product_brand?post=7065"}],"curies":[{"name":"wp","href":"https:\/\/api.w.org\/{rel}","templated":true}]}}