{"id":7067,"date":"2026-01-25T21:30:20","date_gmt":"2026-01-25T20:30:20","guid":{"rendered":"https:\/\/parapharmacieenligne.ma\/?post_type=product&#038;p=7067"},"modified":"2026-01-25T21:31:50","modified_gmt":"2026-01-25T20:31:50","slug":"mustela-eau-nettoyante-sans-rincage-300-ml","status":"publish","type":"product","link":"https:\/\/parapharmacieenligne.ma\/en\/product\/mustela-eau-nettoyante-sans-rincage-300-ml\/","title":{"rendered":"Mustela Eau Nettoyante Sans Rin\u00e7age \u2013 300 ml"},"content":{"rendered":"<div aria-labelledby=\"tab-title-description\" class=\"woocommerce-Tabs-panel woocommerce-Tabs-panel--description panel entry-content wc-tab\" id=\"tab-description\" role=\"tabpanel\" style=\"\">\n<h2>Description<\/h2>\n<p>Description<\/p>\n<p>Nettoie efficacement et en douceur toutes les impuret\u00e9s<\/p>\n<p>Adoucit la peau du nouveau-n\u00e9*, du b\u00e9b\u00e9 et de l\u2019enfant<\/p>\n<p>Conseils d\u2019utilisation<\/p>\n<p>Appliquez cette eau de toilette sans rin\u00e7age avec un coton sur le visage et\/ou le si\u00e8ge du b\u00e9b\u00e9 ou de l\u2019enfant. Inutile de rincer. S\u00e9cher d\u00e9licatement, en particulier le si\u00e8ge et les plis cutan\u00e9s.<\/p>\n<p>Composition<\/p>\n<p>AQUA\/WATER\/EAU, GLYCERIN, SODIUM BENZOATE, PEG-40 HYDROGENATED CASTOR OIL, 1,2-HEXANEDIOL, ALLANTOIN, CAPRYLYL GLYCOL, PARFUM (FRAGRANCE), TARTARIC ACID, SODIUM HYDROXIDE, ALOE BARBADENSIS LEAF JUICE POWDER, PERSEA GRATISSIMA (AVOCADO) FRUIT EXTRACT , PROPYLENE GLYCOL, SAPONARIA OFFICINALIS LEAF\/ROOT EXTRACT<\/p>\n<\/p><\/div>","protected":false},"excerpt":{"rendered":"<p>Highlights:L\u2019Eau Nettoyante B\u00e9b\u00e9 s\u2019utilise sans rin\u00e7age. Cette eau micellaire peut \u00eatre utilis\u00e9e pour laver en douceur le visage et le si\u00e8ge des nourrissons* et des enfants. *B\u00e9b\u00e9s sortis de n\u00e9onatologie<\/p>","protected":false},"featured_media":7126,"comment_status":"open","ping_status":"closed","template":"","meta":[],"product_cat":[87],"product_tag":[],"yith_product_brand":[114],"class_list":{"0":"post-7067","1":"product","2":"type-product","3":"status-publish","4":"has-post-thumbnail","6":"product_cat-bebe-et-maman","7":"yith_product_brand-mustela","9":"first","10":"instock","11":"sale","12":"shipping-taxable","13":"purchasable","14":"product-type-simple"},"_links":{"self":[{"href":"https:\/\/parapharmacieenligne.ma\/en\/wp-json\/wp\/v2\/product\/7067","targetHints":{"allow":["GET"]}}],"collection":[{"href":"https:\/\/parapharmacieenligne.ma\/en\/wp-json\/wp\/v2\/product"}],"about":[{"href":"https:\/\/parapharmacieenligne.ma\/en\/wp-json\/wp\/v2\/types\/product"}],"replies":[{"embeddable":true,"href":"https:\/\/parapharmacieenligne.ma\/en\/wp-json\/wp\/v2\/comments?post=7067"}],"version-history":[{"count":1,"href":"https:\/\/parapharmacieenligne.ma\/en\/wp-json\/wp\/v2\/product\/7067\/revisions"}],"predecessor-version":[{"id":7127,"href":"https:\/\/parapharmacieenligne.ma\/en\/wp-json\/wp\/v2\/product\/7067\/revisions\/7127"}],"wp:featuredmedia":[{"embeddable":true,"href":"https:\/\/parapharmacieenligne.ma\/en\/wp-json\/wp\/v2\/media\/7126"}],"wp:attachment":[{"href":"https:\/\/parapharmacieenligne.ma\/en\/wp-json\/wp\/v2\/media?parent=7067"}],"wp:term":[{"taxonomy":"product_cat","embeddable":true,"href":"https:\/\/parapharmacieenligne.ma\/en\/wp-json\/wp\/v2\/product_cat?post=7067"},{"taxonomy":"product_tag","embeddable":true,"href":"https:\/\/parapharmacieenligne.ma\/en\/wp-json\/wp\/v2\/product_tag?post=7067"},{"taxonomy":"yith_product_brand","embeddable":true,"href":"https:\/\/parapharmacieenligne.ma\/en\/wp-json\/wp\/v2\/yith_product_brand?post=7067"}],"curies":[{"name":"wp","href":"https:\/\/api.w.org\/{rel}","templated":true}]}}