{"id":7224,"date":"2026-01-25T21:37:54","date_gmt":"2026-01-25T20:37:54","guid":{"rendered":"https:\/\/parapharmacieenligne.ma\/?post_type=product&#038;p=7224"},"modified":"2026-01-25T21:38:17","modified_gmt":"2026-01-25T20:38:17","slug":"filorga-skin-pref-mousse-nettoyant-enzymatique-150ml","status":"publish","type":"product","link":"https:\/\/parapharmacieenligne.ma\/en\/product\/filorga-skin-pref-mousse-nettoyant-enzymatique-150ml\/","title":{"rendered":"Filorga Skin-Pref Mousse Nettoyant Enzymatique 150ml"},"content":{"rendered":"<div aria-labelledby=\"tab-title-description\" class=\"woocommerce-Tabs-panel woocommerce-Tabs-panel--description panel entry-content wc-tab\" id=\"tab-description\" role=\"tabpanel\" style=\"\">\n<h2>Description<\/h2>\n<p><strong>Le nettoyant visage effet peau neuve \u00e9limine maquillage et particules de pollution, favorise le renouvellement cellulaire, resserre les pores et unifie le grain de peau.<\/strong><\/p>\n<div class=\"more\">\n<div class=\"\">\n<p><strong>\/Formule<\/strong><\/p>\n<p>Sa formule resurfa\u00e7ante s\u2019inspire des techniques de nettoyage utilis\u00e9es en cabinet esth\u00e9tique, booste le processus naturel d\u2019\u00e9limination des cellules mortes gr\u00e2ce une enzyme de papa\u00efne stabilis\u00e9e. Pour une peau liss\u00e9e et un teint lumineux.<\/p>\n<p><strong>\/Type de peau<\/strong><\/p>\n<p><span data-sheets-root=\"1\" data-sheets-textstyleruns='{\"1\":0}\uee10{\"1\":2,\"2\":{\"2\":{\"1\":2,\"2\":45136},\"3\":\"Arial\",\"4\":10}}\uee10{\"1\":32,\"2\":{\"2\":{\"1\":3,\"3\":1},\"3\":\"Arial\",\"4\":10}}\uee10{\"1\":51,\"2\":{\"2\":{\"1\":2,\"2\":45136},\"3\":\"Arial\",\"4\":10}}\uee10{\"1\":67,\"2\":{\"2\":{\"1\":3,\"3\":1},\"3\":\"Arial\",\"4\":10}}\uee10{\"1\":724,\"2\":{\"2\":{\"1\":2,\"2\":16711680},\"3\":\"Arial\",\"4\":10}}\uee10{\"1\":725,\"2\":{\"2\":{\"1\":3,\"3\":1},\"3\":\"Arial\",\"4\":10}}\uee10{\"1\":732,\"2\":{\"3\":\"Arial\",\"4\":10}}\uee10{\"1\":756,\"2\":{\"2\":{\"1\":3,\"3\":1},\"3\":\"Arial\",\"4\":10}}\uee10{\"1\":814,\"2\":{\"2\":{\"1\":2,\"2\":45136},\"3\":\"Arial\",\"4\":10}}\uee10{\"1\":847,\"2\":{\"2\":{\"1\":3,\"3\":1},\"3\":\"Arial\",\"4\":10}}\uee10{\"1\":899,\"2\":{\"2\":{\"1\":2,\"2\":45136},\"3\":\"Arial\",\"4\":10}}\uee10{\"1\":921,\"2\":{\"2\":{\"1\":3,\"3\":1},\"3\":\"Arial\",\"4\":10}}\uee10{\"1\":1110,\"2\":{\"3\":\"Arial\",\"4\":10}}\uee10{\"1\":1147,\"2\":{\"2\":{\"1\":3,\"3\":1},\"3\":\"Arial\",\"4\":10}}' data-sheets-userformat='{\"2\":14783,\"3\":{\"1\":0,\"3\":1},\"4\":{\"1\":2,\"2\":14279411},\"5\":{\"1\":[{\"1\":2,\"2\":0,\"5\":{\"1\":2,\"2\":0}},{\"1\":0,\"2\":0,\"3\":3},{\"1\":1,\"2\":0,\"4\":1}]},\"6\":{\"1\":[{\"1\":2,\"2\":0,\"5\":{\"1\":2,\"2\":0}},{\"1\":0,\"2\":0,\"3\":3},{\"1\":1,\"2\":0,\"4\":1}]},\"7\":{\"1\":[{\"1\":2,\"2\":0,\"5\":{\"1\":2,\"2\":0}},{\"1\":0,\"2\":0,\"3\":3},{\"1\":1,\"2\":0,\"4\":1}]},\"8\":{\"1\":[{\"1\":2,\"2\":0,\"5\":{\"1\":2,\"2\":0}},{\"1\":0,\"2\":0,\"3\":3},{\"1\":1,\"2\":0,\"4\":1}]},\"10\":0,\"11\":4,\"14\":{\"1\":3,\"3\":1},\"15\":\"Arial\",\"16\":10}' data-sheets-value=\"{&quot;1&quot;:2,&quot;2&quot;:&quot;\u2022 Skin Prep - mousse nettoyante enzymatique est un nettoyant visage effet peau neuve qui \u00e9limine maquillage et particules de pollution, favorise le renouvellement cellulaire, resserre les pores et unifie le grain de peau.\n \n \u2022 Sa formule resurfa\u00e7ante, qui s'inspire des techniques de nettoyage utilis\u00e9es en cabinet esth\u00e9tique, booste le processus naturel d'\u00e9limination des cellules mortes gr\u00e2ce une enzyme de papa\u00efne stabilis\u00e9e. Pour une peau liss\u00e9e et un teint lumineux.\n \n \u2022 D\u00e8s la premi\u00e8re utilisation, 100% des femmes disent leur peau parfaitement nettoy\u00e9e et 94% d'entre elles trouvent leur teint plus frais (1). Apr\u00e8s 7 jours d'utilisation, 94% des femmes trouvent leur peau clarifi\u00e9e, et 91% leur grain de peau liss\u00e9 (2).\n \n \u2022 Con\u00e7ue pour toutes les peaux et notamment pour les peaux et les yeux sensibles, cette mousse nettoyante visage FILORGA pr\u00e9sente une texture a\u00e9rienne et onctueuse.\n \n \u2022 Cette mousse d\u00e9maquillante s\u2019utilise en deuxi\u00e8me \u00e9tape de la routine de nettoyage Skin Prep, apr\u00e8s l'huile d\u00e9maquillante perfectrice ou la solution micellaire et avant la cr\u00e8me exfoliante. Appliquer le produit sur peau humide, masser pendant 30 secondes puis rincer.\n \n \u2022 Formul\u00e9 avec 98% d'ingr\u00e9dients d'origine naturelle. Sans sulfates.\n \n (1) Auto-\u00e9valuation \u2013 32 volontaires \u2013 d\u00e8s la premi\u00e8re application de la mousse enzymatique.\n (2) Auto-\u00e9valuation \u2013 32 volontaires \u2013 apr\u00e8s 7 jours d\u2019application biquotidienne de la mousse enzymatique.&quot;}\">Con\u00e7ue pour toutes les peaux et notamment pour les peaux et les yeux sensibles.<\/span><\/p>\n<p><b>\/R\u00e9sultats <\/b><\/p>\n<p>D\u00e8s la premi\u00e8re utilisation, 100% des femmes disent leur peau parfaitement nettoy\u00e9e et 94% d\u2019entre elles trouvent leur teint plus frais (1). Apr\u00e8s 7 jours d\u2019utilisation, 94% des femmes trouvent leur peau clarifi\u00e9e, et 91% leur grain de peau liss\u00e9 (2).<\/p>\n<p><strong>\/Le + produit :<\/strong><\/p>\n<p>Formul\u00e9 avec 98% d\u2019ingr\u00e9dients d\u2019origine naturelle. Sans sulfates. Test\u00e9 sur peaux sensibles.<\/p>\n<\/p><\/div>\n<\/p><\/div>\n<\/p><\/div>\n","protected":false},"excerpt":{"rendered":"<p>Highlights:\u00c9limine maquillage et particules de pollution<\/p>","protected":false},"featured_media":7253,"comment_status":"open","ping_status":"closed","template":"","meta":[],"product_cat":[83],"product_tag":[],"yith_product_brand":[116],"class_list":{"0":"post-7224","1":"product","2":"type-product","3":"status-publish","4":"has-post-thumbnail","6":"product_cat-soins-visage","7":"yith_product_brand-filorga","9":"first","10":"instock","11":"sale","12":"shipping-taxable","13":"purchasable","14":"product-type-simple"},"_links":{"self":[{"href":"https:\/\/parapharmacieenligne.ma\/en\/wp-json\/wp\/v2\/product\/7224","targetHints":{"allow":["GET"]}}],"collection":[{"href":"https:\/\/parapharmacieenligne.ma\/en\/wp-json\/wp\/v2\/product"}],"about":[{"href":"https:\/\/parapharmacieenligne.ma\/en\/wp-json\/wp\/v2\/types\/product"}],"replies":[{"embeddable":true,"href":"https:\/\/parapharmacieenligne.ma\/en\/wp-json\/wp\/v2\/comments?post=7224"}],"version-history":[{"count":1,"href":"https:\/\/parapharmacieenligne.ma\/en\/wp-json\/wp\/v2\/product\/7224\/revisions"}],"predecessor-version":[{"id":7254,"href":"https:\/\/parapharmacieenligne.ma\/en\/wp-json\/wp\/v2\/product\/7224\/revisions\/7254"}],"wp:featuredmedia":[{"embeddable":true,"href":"https:\/\/parapharmacieenligne.ma\/en\/wp-json\/wp\/v2\/media\/7253"}],"wp:attachment":[{"href":"https:\/\/parapharmacieenligne.ma\/en\/wp-json\/wp\/v2\/media?parent=7224"}],"wp:term":[{"taxonomy":"product_cat","embeddable":true,"href":"https:\/\/parapharmacieenligne.ma\/en\/wp-json\/wp\/v2\/product_cat?post=7224"},{"taxonomy":"product_tag","embeddable":true,"href":"https:\/\/parapharmacieenligne.ma\/en\/wp-json\/wp\/v2\/product_tag?post=7224"},{"taxonomy":"yith_product_brand","embeddable":true,"href":"https:\/\/parapharmacieenligne.ma\/en\/wp-json\/wp\/v2\/yith_product_brand?post=7224"}],"curies":[{"name":"wp","href":"https:\/\/api.w.org\/{rel}","templated":true}]}}